{"id":4637,"date":"2019-11-09T16:59:16","date_gmt":"2019-11-09T20:59:16","guid":{"rendered":"https:\/\/www.lirapopular.cl\/lirapopularxix\/?page_id=4637"},"modified":"2019-11-09T16:59:16","modified_gmt":"2019-11-09T20:59:16","slug":"revolucion-de-los-dictatoriales","status":"publish","type":"page","link":"https:\/\/www.lirapopular.cl\/lirapopularxix\/revolucion-de-los-dictatoriales\/","title":{"rendered":"REVOLUCION DE LOS DICTATORIALES"},"content":{"rendered":"\n<div class=\"wp-block-image\"><figure class=\"alignright\"><a href=\"https:\/\/www.lirapopular.cl\/lirapopularxix\/wp-content\/uploads\/2019\/11\/559.jpg\"><img loading=\"lazy\" decoding=\"async\" width=\"213\" height=\"300\" src=\"https:\/\/www.lirapopular.cl\/lirapopularxix\/wp-content\/uploads\/2019\/11\/559-213x300.jpg\" alt=\"\" class=\"wp-image-4638\" srcset=\"https:\/\/www.lirapopular.cl\/lirapopularxix\/wp-content\/uploads\/2019\/11\/559-213x300.jpg 213w, https:\/\/www.lirapopular.cl\/lirapopularxix\/wp-content\/uploads\/2019\/11\/559.jpg 711w\" sizes=\"auto, (max-width: 213px) 100vw, 213px\" \/><\/a><figcaption>Colecci\u00f3n Lira Popular de la Universidad de Chile<\/figcaption><\/figure><\/div>\n\n\n\n<p>Autor: El Tamayino<br>Impresor: Sin informaci\u00f3n<br>Tama\u00f1o: 53 x 37 cm<br>Clasificaci\u00f3n: 559 T153r Caja N\u00b010a<\/p>\n\n\n\n<ul class=\"wp-block-list\"><li><a href=\"https:\/\/www.lirapopular.cl\/lirapopularxix\/2019\/11\/12\/la-revolucion-dictatorial\/\">La revoluci\u00f3n dictatorial<\/a><\/li><li><a href=\"https:\/\/www.lirapopular.cl\/lirapopularxix\/2019\/11\/12\/la-nina-que-se-ahorco-porque-la-dejo-el-amante\/\">La ni\u00f1a que se ahorc\u00f3 porque la dej\u00f3 el amante<\/a><\/li><li><a href=\"https:\/\/www.lirapopular.cl\/lirapopularxix\/2019\/11\/12\/cuecas-modernas\/\">Cuecas modernas<\/a><\/li><li><a href=\"https:\/\/www.lirapopular.cl\/lirapopularxix\/2019\/11\/12\/cuecas-de-la-colejiala\/\">Cuecas de la colejiala<\/a><\/li><li><a href=\"https:\/\/www.lirapopular.cl\/lirapopularxix\/2019\/11\/12\/captura-del-reo-i-puesto-en-la-prision\/\">Captura del reo i puesto en la prisi\u00f3n<\/a><\/li><li><a href=\"https:\/\/www.lirapopular.cl\/lirapopularxix\/2019\/11\/12\/contra-punto-del-futre-con-el-huaso-el-futre\/\">Contra-punto del Futre con el Huaso. El futre<\/a><\/li><li><a href=\"https:\/\/www.lirapopular.cl\/lirapopularxix\/2019\/07\/12\/contestasion-del-huaso\/\">Contestaci\u00f3n del huaso<\/a><\/li><li><a href=\"https:\/\/www.lirapopular.cl\/lirapopularxix\/2019\/11\/12\/remedio-eficaz-para-casti-gar-a-la-mujer-celosa\/\">Remedio eficaz para castigar a la mujer celosa<\/a><\/li><\/ul>\n\n\n\n<p>Nota: Este ejemplar tiene escrito a mano con l\u00e1piz rojo \u201c559\u201d<\/p>\n","protected":false},"excerpt":{"rendered":"<p>Autor: El TamayinoImpresor: Sin informaci\u00f3nTama\u00f1o: 53 x 37 cmClasificaci\u00f3n: 559 T153r Caja N\u00b010a La revoluci\u00f3n dictatorial La ni\u00f1a que se ahorc\u00f3 porque la dej\u00f3 el amante Cuecas modernas Cuecas de la colejiala Captura del reo i puesto en la prisi\u00f3n Contra-punto del Futre con el Huaso. El futre Contestaci\u00f3n del huaso Remedio eficaz para castigar [&hellip;]<\/p>\n","protected":false},"author":1,"featured_media":0,"parent":0,"menu_order":0,"comment_status":"closed","ping_status":"closed","template":"","meta":{"footnotes":""},"class_list":["post-4637","page","type-page","status-publish","hentry"],"jetpack_sharing_enabled":true,"_links":{"self":[{"href":"https:\/\/www.lirapopular.cl\/lirapopularxix\/wp-json\/wp\/v2\/pages\/4637","targetHints":{"allow":["GET"]}}],"collection":[{"href":"https:\/\/www.lirapopular.cl\/lirapopularxix\/wp-json\/wp\/v2\/pages"}],"about":[{"href":"https:\/\/www.lirapopular.cl\/lirapopularxix\/wp-json\/wp\/v2\/types\/page"}],"author":[{"embeddable":true,"href":"https:\/\/www.lirapopular.cl\/lirapopularxix\/wp-json\/wp\/v2\/users\/1"}],"replies":[{"embeddable":true,"href":"https:\/\/www.lirapopular.cl\/lirapopularxix\/wp-json\/wp\/v2\/comments?post=4637"}],"version-history":[{"count":0,"href":"https:\/\/www.lirapopular.cl\/lirapopularxix\/wp-json\/wp\/v2\/pages\/4637\/revisions"}],"wp:attachment":[{"href":"https:\/\/www.lirapopular.cl\/lirapopularxix\/wp-json\/wp\/v2\/media?parent=4637"}],"curies":[{"name":"wp","href":"https:\/\/api.w.org\/{rel}","templated":true}]}}