{"id":4617,"date":"2019-11-07T18:04:35","date_gmt":"2019-11-07T22:04:35","guid":{"rendered":"https:\/\/www.lirapopular.cl\/lirapopularxix\/?page_id=4617"},"modified":"2019-11-07T18:04:35","modified_gmt":"2019-11-07T22:04:35","slug":"fusilamiento-en-valparaiso-los-reos-cubillo-alfaro","status":"publish","type":"page","link":"https:\/\/www.lirapopular.cl\/lirapopularxix\/fusilamiento-en-valparaiso-los-reos-cubillo-alfaro\/","title":{"rendered":"FUSILAMIENTO EN VALPARAISO <br>LOS REOS CUBILLO-ALFARO"},"content":{"rendered":"<div class=\"wp-block-image\">\n<figure class=\"alignright\"><a href=\"https:\/\/www.lirapopular.cl\/lirapopularxix\/wp-content\/uploads\/2019\/11\/558.jpg\"><img loading=\"lazy\" decoding=\"async\" width=\"300\" height=\"212\" src=\"https:\/\/www.lirapopular.cl\/lirapopularxix\/wp-content\/uploads\/2019\/11\/558-300x212.jpg\" alt=\"\" class=\"wp-image-4618\" srcset=\"https:\/\/www.lirapopular.cl\/lirapopularxix\/wp-content\/uploads\/2019\/11\/558-300x212.jpg 300w, https:\/\/www.lirapopular.cl\/lirapopularxix\/wp-content\/uploads\/2019\/11\/558-768x543.jpg 768w, https:\/\/www.lirapopular.cl\/lirapopularxix\/wp-content\/uploads\/2019\/11\/558.jpg 1000w\" sizes=\"auto, (max-width: 300px) 100vw, 300px\" \/><\/a><figcaption class=\"wp-element-caption\">Colecci\u00f3n Lira Popular de la Universidad de Chile<\/figcaption><\/figure>\n<\/div>\n\n\n<p>Autor: El Tamayino<br>Impresor: Sin informaci\u00f3n<br>Tama\u00f1o: 53 x 37 cm<br>Clasificaci\u00f3n: 558 T153f Caja N\u00b010a, 253 T153f Caja N\u00b09<\/p>\n\n\n\n<ul class=\"wp-block-list\">\n<li><a href=\"https:\/\/www.lirapopular.cl\/lirapopularxix\/2019\/11\/09\/ejecucion-capital-de-los-dos-reos-carlos-cubillos-i-victor-alfaro\/\">Ejecuci\u00f3n capital de los dos reos Carlos Cubillos y V\u00edctor Alfaro<\/a><\/li>\n\n\n\n<li><a href=\"https:\/\/www.lirapopular.cl\/lirapopularxix\/2019\/11\/09\/los-reos-en-capilla\/\">Los reos en capilla<\/a><\/li>\n\n\n\n<li><a href=\"https:\/\/www.lirapopular.cl\/lirapopularxix\/2019\/11\/09\/el-consejo-de-estado-niega-el-indulto-a-los-reos-carlos-cubillos-i-victor-alfaro\/\">El Consejo de Estado niega el indulto a los reos C\u00e1rlos Cubillos y V\u00edctor Alfaro<\/a><\/li>\n\n\n\n<li><a href=\"https:\/\/www.lirapopular.cl\/lirapopularxix\/2019\/11\/09\/contrapunto-entre-un-reporter-i-cubillos\/\">Contrapunto entre un reporter y Cubillos<\/a><\/li>\n\n\n\n<li><a href=\"https:\/\/www.lirapopular.cl\/lirapopularxix\/2019\/11\/09\/contrapunto-entre-el-reporter-i-alfaro\/\">Contrapunto entre el reporter y Alfaro<\/a><\/li>\n<\/ul>\n\n\n\n<p>Nota: El 1er ejemplar tiene escrito a mano con l\u00e1piz rojo \u201c558\u201d. Sobre dos versos aparece manuscrito &#8220;de Reyes&#8221;<br>El 2\u00ba ejemplar tiene escrito a mano con l\u00e1piz grafito \u201c235\/253\u201d. Tiene tachado a mano el autor y reemplazado por \u201cRolak\u201d, adem\u00e1s sobre dos versos est\u00e1 escrito \u201cde Reyes\u201d<br>Documentos optimizados digitalmente.<br><\/p>\n\n\n<div class=\"wp-block-image\">\n<figure class=\"alignright size-medium\"><a href=\"https:\/\/www.lirapopular.cl\/lirapopularxix\/wp-content\/uploads\/2021\/03\/Lira_253M.jpg\"><img loading=\"lazy\" decoding=\"async\" width=\"300\" height=\"219\" src=\"https:\/\/www.lirapopular.cl\/lirapopularxix\/wp-content\/uploads\/2021\/03\/Lira_253M-300x219.jpg\" alt=\"\" class=\"wp-image-17201\" srcset=\"https:\/\/www.lirapopular.cl\/lirapopularxix\/wp-content\/uploads\/2021\/03\/Lira_253M-300x219.jpg 300w, https:\/\/www.lirapopular.cl\/lirapopularxix\/wp-content\/uploads\/2021\/03\/Lira_253M-768x560.jpg 768w, https:\/\/www.lirapopular.cl\/lirapopularxix\/wp-content\/uploads\/2021\/03\/Lira_253M.jpg 1000w\" sizes=\"auto, (max-width: 300px) 100vw, 300px\" \/><\/a><figcaption class=\"wp-element-caption\">Colecci\u00f3n Lira Popular de la<br>Universidad de Chile<\/figcaption><\/figure>\n<\/div>","protected":false},"excerpt":{"rendered":"<p>Autor: El TamayinoImpresor: Sin informaci\u00f3nTama\u00f1o: 53 x 37 cmClasificaci\u00f3n: 558 T153f Caja N\u00b010a, 253 T153f Caja N\u00b09 Nota: El 1er ejemplar tiene escrito a mano con l\u00e1piz rojo \u201c558\u201d. Sobre dos versos aparece manuscrito &#8220;de Reyes&#8221;El 2\u00ba ejemplar tiene escrito a mano con l\u00e1piz grafito \u201c235\/253\u201d. Tiene tachado a mano el autor y reemplazado por [&hellip;]<\/p>\n","protected":false},"author":1,"featured_media":0,"parent":0,"menu_order":0,"comment_status":"closed","ping_status":"closed","template":"","meta":{"footnotes":""},"class_list":["post-4617","page","type-page","status-publish","hentry"],"jetpack_sharing_enabled":true,"_links":{"self":[{"href":"https:\/\/www.lirapopular.cl\/lirapopularxix\/wp-json\/wp\/v2\/pages\/4617","targetHints":{"allow":["GET"]}}],"collection":[{"href":"https:\/\/www.lirapopular.cl\/lirapopularxix\/wp-json\/wp\/v2\/pages"}],"about":[{"href":"https:\/\/www.lirapopular.cl\/lirapopularxix\/wp-json\/wp\/v2\/types\/page"}],"author":[{"embeddable":true,"href":"https:\/\/www.lirapopular.cl\/lirapopularxix\/wp-json\/wp\/v2\/users\/1"}],"replies":[{"embeddable":true,"href":"https:\/\/www.lirapopular.cl\/lirapopularxix\/wp-json\/wp\/v2\/comments?post=4617"}],"version-history":[{"count":0,"href":"https:\/\/www.lirapopular.cl\/lirapopularxix\/wp-json\/wp\/v2\/pages\/4617\/revisions"}],"wp:attachment":[{"href":"https:\/\/www.lirapopular.cl\/lirapopularxix\/wp-json\/wp\/v2\/media?parent=4617"}],"curies":[{"name":"wp","href":"https:\/\/api.w.org\/{rel}","templated":true}]}}