{"id":4575,"date":"2019-11-06T11:47:38","date_gmt":"2019-11-06T15:47:38","guid":{"rendered":"https:\/\/www.lirapopular.cl\/lirapopularxix\/?page_id=4575"},"modified":"2019-11-06T11:47:38","modified_gmt":"2019-11-06T15:47:38","slug":"el-terrible-sacrilejio-de-la-asuncion","status":"publish","type":"page","link":"https:\/\/www.lirapopular.cl\/lirapopularxix\/el-terrible-sacrilejio-de-la-asuncion\/","title":{"rendered":"EL TERRIBLE SACRILEJIO <br>DE LA ASUNCION"},"content":{"rendered":"\n<div class=\"wp-block-image\"><figure class=\"alignright\"><a href=\"https:\/\/www.lirapopular.cl\/lirapopularxix\/wp-content\/uploads\/2019\/11\/555.jpg\"><img loading=\"lazy\" decoding=\"async\" width=\"221\" height=\"300\" src=\"https:\/\/www.lirapopular.cl\/lirapopularxix\/wp-content\/uploads\/2019\/11\/555-221x300.jpg\" alt=\"\" class=\"wp-image-4576\" srcset=\"https:\/\/www.lirapopular.cl\/lirapopularxix\/wp-content\/uploads\/2019\/11\/555-221x300.jpg 221w, https:\/\/www.lirapopular.cl\/lirapopularxix\/wp-content\/uploads\/2019\/11\/555.jpg 736w\" sizes=\"auto, (max-width: 221px) 100vw, 221px\" \/><\/a><figcaption>Colecci\u00f3n Lira Popular de la Universidad de Chile<\/figcaption><\/figure><\/div>\n\n\n\n<p>Autor: El Tamayino<br>Impresor: Sin informaci\u00f3n <br>Tama\u00f1o: 37 x 27,3 cm<br>Clasificaci\u00f3n: 555 T153t Caja N\u00b01a<\/p>\n\n\n\n<ul class=\"wp-block-list\"><li><a href=\"https:\/\/www.lirapopular.cl\/lirapopularxix\/2019\/11\/06\/el-terrible-sacrilejio-de-la-asuncion\/\">El terrible sacrilegio de la Asunci\u00f3n<\/a><\/li><li><a href=\"https:\/\/www.lirapopular.cl\/lirapopularxix\/2019\/11\/06\/las-romerias-en-desagravio\/\">Las romer\u00edas en desagravio<\/a><\/li><li><a href=\"https:\/\/www.lirapopular.cl\/lirapopularxix\/2019\/11\/06\/versos-para-tonadas\/\">Versos para tonadas<\/a><\/li><li><a href=\"https:\/\/www.lirapopular.cl\/lirapopularxix\/2019\/11\/06\/el-marido-que-mato-a-la-mujer-por-celos\/\">El marido que mat\u00f3 a la mujer por celos<\/a><\/li><\/ul>\n\n\n\n<p>Nota: Este ejemplar tiene escrito a mano con l\u00e1piz rojo \u201c555\u201d<\/p>\n","protected":false},"excerpt":{"rendered":"<p>Autor: El TamayinoImpresor: Sin informaci\u00f3n Tama\u00f1o: 37 x 27,3 cmClasificaci\u00f3n: 555 T153t Caja N\u00b01a El terrible sacrilegio de la Asunci\u00f3n Las romer\u00edas en desagravio Versos para tonadas El marido que mat\u00f3 a la mujer por celos Nota: Este ejemplar tiene escrito a mano con l\u00e1piz rojo \u201c555\u201d<\/p>\n","protected":false},"author":1,"featured_media":0,"parent":0,"menu_order":0,"comment_status":"closed","ping_status":"closed","template":"","meta":{"footnotes":""},"class_list":["post-4575","page","type-page","status-publish","hentry"],"jetpack_sharing_enabled":true,"_links":{"self":[{"href":"https:\/\/www.lirapopular.cl\/lirapopularxix\/wp-json\/wp\/v2\/pages\/4575","targetHints":{"allow":["GET"]}}],"collection":[{"href":"https:\/\/www.lirapopular.cl\/lirapopularxix\/wp-json\/wp\/v2\/pages"}],"about":[{"href":"https:\/\/www.lirapopular.cl\/lirapopularxix\/wp-json\/wp\/v2\/types\/page"}],"author":[{"embeddable":true,"href":"https:\/\/www.lirapopular.cl\/lirapopularxix\/wp-json\/wp\/v2\/users\/1"}],"replies":[{"embeddable":true,"href":"https:\/\/www.lirapopular.cl\/lirapopularxix\/wp-json\/wp\/v2\/comments?post=4575"}],"version-history":[{"count":0,"href":"https:\/\/www.lirapopular.cl\/lirapopularxix\/wp-json\/wp\/v2\/pages\/4575\/revisions"}],"wp:attachment":[{"href":"https:\/\/www.lirapopular.cl\/lirapopularxix\/wp-json\/wp\/v2\/media?parent=4575"}],"curies":[{"name":"wp","href":"https:\/\/api.w.org\/{rel}","templated":true}]}}