{"id":4551,"date":"2019-11-03T17:07:58","date_gmt":"2019-11-03T21:07:58","guid":{"rendered":"https:\/\/www.lirapopular.cl\/lirapopularxix\/?page_id=4551"},"modified":"2019-11-03T17:07:58","modified_gmt":"2019-11-03T21:07:58","slug":"la-ejecucion-de-los-5-reos-de-san-juan-del-peral-en-la-penitenciaria-de-santiago","status":"publish","type":"page","link":"https:\/\/www.lirapopular.cl\/lirapopularxix\/la-ejecucion-de-los-5-reos-de-san-juan-del-peral-en-la-penitenciaria-de-santiago\/","title":{"rendered":"LA EJECUCION DE LOS 5 REOS DE SAN JUAN DEL PERAL <br>EN LA PENITENCIARIA DE SANTIAGO"},"content":{"rendered":"\n<div class=\"wp-block-image\"><figure class=\"alignright\"><a href=\"https:\/\/www.lirapopular.cl\/lirapopularxix\/wp-content\/uploads\/2019\/11\/554.jpg\"><img loading=\"lazy\" decoding=\"async\" width=\"211\" height=\"300\" src=\"https:\/\/www.lirapopular.cl\/lirapopularxix\/wp-content\/uploads\/2019\/11\/554-211x300.jpg\" alt=\"\" class=\"wp-image-4552\" srcset=\"https:\/\/www.lirapopular.cl\/lirapopularxix\/wp-content\/uploads\/2019\/11\/554-211x300.jpg 211w, https:\/\/www.lirapopular.cl\/lirapopularxix\/wp-content\/uploads\/2019\/11\/554.jpg 703w\" sizes=\"auto, (max-width: 211px) 100vw, 211px\" \/><\/a><figcaption>Colecci\u00f3n Lira Popular de la Universidad de Chile<\/figcaption><\/figure><\/div>\n\n\n\n<p>Autor: El Tamayino<br>Impresor: Sin informaci\u00f3n<br>Tama\u00f1o: 53 x 37,2 cm<br>Clasificaci\u00f3n: 554 T153 Caja N\u00b010a<\/p>\n\n\n\n<ul class=\"wp-block-list\"><li><a href=\"https:\/\/www.lirapopular.cl\/lirapopularxix\/2019\/11\/06\/el-gran-fusilamiento-en-la-pe\/\">El gran fusilamiento en la Penitenciaria de Santiago de los 5 asesinos de San Juan del Peral<\/a><\/li><li><a href=\"https:\/\/www.lirapopular.cl\/lirapopularxix\/2019\/11\/06\/despues-de-la-ejecucion\/\">Despu\u00e9s de la Ejecuci\u00f3n<\/a><\/li><li><a href=\"https:\/\/www.lirapopular.cl\/lirapopularxix\/2019\/11\/06\/los-reos-caminan-hacia-el-banquillo\/\">Los reos caminan hacia el<br> banquillo<\/a><\/li><li><a href=\"https:\/\/www.lirapopular.cl\/lirapopularxix\/2019\/11\/06\/carta-de-carlos-miranda-a-su-querida-madre\/\">Carta de Carlos Miranda a su querida madre<\/a><\/li><li><a href=\"https:\/\/www.lirapopular.cl\/lirapopularxix\/2019\/11\/06\/el-minero\/\">El minero<\/a><\/li><li><a href=\"https:\/\/www.lirapopular.cl\/lirapopularxix\/2019\/11\/06\/astronomia-2\/\">Astronom\u00eda<\/a><\/li><li><a href=\"https:\/\/www.lirapopular.cl\/lirapopularxix\/2019\/11\/06\/remedio-eficaz-para-castigar-a-la-mujer-celosa\/\">Remedio eficaz para castigar a la mujer celosa<\/a><\/li><\/ul>\n\n\n\n<p>Nota: Este ejemplar tiene escrito a mano con l\u00e1piz rojo \u201c554\u201d<\/p>\n","protected":false},"excerpt":{"rendered":"<p>Autor: El TamayinoImpresor: Sin informaci\u00f3nTama\u00f1o: 53 x 37,2 cmClasificaci\u00f3n: 554 T153 Caja N\u00b010a El gran fusilamiento en la Penitenciaria de Santiago de los 5 asesinos de San Juan del Peral Despu\u00e9s de la Ejecuci\u00f3n Los reos caminan hacia el banquillo Carta de Carlos Miranda a su querida madre El minero Astronom\u00eda Remedio eficaz para castigar [&hellip;]<\/p>\n","protected":false},"author":1,"featured_media":0,"parent":0,"menu_order":0,"comment_status":"closed","ping_status":"closed","template":"","meta":{"footnotes":""},"class_list":["post-4551","page","type-page","status-publish","hentry"],"jetpack_sharing_enabled":true,"_links":{"self":[{"href":"https:\/\/www.lirapopular.cl\/lirapopularxix\/wp-json\/wp\/v2\/pages\/4551","targetHints":{"allow":["GET"]}}],"collection":[{"href":"https:\/\/www.lirapopular.cl\/lirapopularxix\/wp-json\/wp\/v2\/pages"}],"about":[{"href":"https:\/\/www.lirapopular.cl\/lirapopularxix\/wp-json\/wp\/v2\/types\/page"}],"author":[{"embeddable":true,"href":"https:\/\/www.lirapopular.cl\/lirapopularxix\/wp-json\/wp\/v2\/users\/1"}],"replies":[{"embeddable":true,"href":"https:\/\/www.lirapopular.cl\/lirapopularxix\/wp-json\/wp\/v2\/comments?post=4551"}],"version-history":[{"count":0,"href":"https:\/\/www.lirapopular.cl\/lirapopularxix\/wp-json\/wp\/v2\/pages\/4551\/revisions"}],"wp:attachment":[{"href":"https:\/\/www.lirapopular.cl\/lirapopularxix\/wp-json\/wp\/v2\/media?parent=4551"}],"curies":[{"name":"wp","href":"https:\/\/api.w.org\/{rel}","templated":true}]}}