{"id":4485,"date":"2019-11-01T09:57:01","date_gmt":"2019-11-01T13:57:01","guid":{"rendered":"https:\/\/www.lirapopular.cl\/lirapopularxix\/?page_id=4485"},"modified":"2019-11-01T09:57:01","modified_gmt":"2019-11-01T13:57:01","slug":"la-peste-bubonica","status":"publish","type":"page","link":"https:\/\/www.lirapopular.cl\/lirapopularxix\/la-peste-bubonica\/","title":{"rendered":"LA PESTE BUBONICA"},"content":{"rendered":"\n<div class=\"wp-block-image\"><figure class=\"alignright\"><a href=\"https:\/\/www.lirapopular.cl\/lirapopularxix\/wp-content\/uploads\/2019\/11\/Lira_024b.jpg\"><img loading=\"lazy\" decoding=\"async\" width=\"215\" height=\"300\" src=\"https:\/\/www.lirapopular.cl\/lirapopularxix\/wp-content\/uploads\/2019\/11\/Lira_024b-215x300.jpg\" alt=\"\" class=\"wp-image-4486\" srcset=\"https:\/\/www.lirapopular.cl\/lirapopularxix\/wp-content\/uploads\/2019\/11\/Lira_024b-215x300.jpg 215w, https:\/\/www.lirapopular.cl\/lirapopularxix\/wp-content\/uploads\/2019\/11\/Lira_024b.jpg 718w\" sizes=\"auto, (max-width: 215px) 100vw, 215px\" \/><\/a><figcaption>Colecci\u00f3n Lira Popular de la Universidad de Chile<\/figcaption><\/figure><\/div>\n\n\n\n<p>Autor: El poeta ribere\u00f1o<br>Impresor: Sin informaci\u00f3n<br>Tama\u00f1o: 38,8 x 27,6 cm<br>Clasificaci\u00f3n: 24 R484p Caja N\u00b0 9a<\/p>\n\n\n\n<ul class=\"wp-block-list\"><li><a href=\"https:\/\/www.lirapopular.cl\/lirapopularxix\/2019\/11\/01\/nos-pegan-con-la-bubonica\/\">Vencida por el h\u00e9rcules de la ciencia m\u00e9dica<\/a><\/li><li><a href=\"https:\/\/www.lirapopular.cl\/lirapopularxix\/2019\/11\/01\/la-olla-del-pobre\/\">La olla del pobre<\/a><\/li><li><a href=\"https:\/\/www.lirapopular.cl\/lirapopularxix\/2019\/11\/01\/y-los-pobres-de-la-olla\/\">Y los pobres de la olla<\/a><\/li><li><a href=\"https:\/\/www.lirapopular.cl\/lirapopularxix\/2019\/11\/01\/el-miedo-a-la-bubonica\/\">El miedo \u00e1 la bub\u00f3nica<\/a><\/li><\/ul>\n\n\n\n<p>Nota: Este ejemplar tiene escrito a mano con l\u00e1piz rojo \u201c24\u201d<\/p>\n\n\n\n<p>Las d\u00e9cimas no tienen t\u00edtulo, utilizamos los cuatro subt\u00edtulos para ellas,<\/p>\n","protected":false},"excerpt":{"rendered":"<p>Autor: El poeta ribere\u00f1oImpresor: Sin informaci\u00f3nTama\u00f1o: 38,8 x 27,6 cmClasificaci\u00f3n: 24 R484p Caja N\u00b0 9a Vencida por el h\u00e9rcules de la ciencia m\u00e9dica La olla del pobre Y los pobres de la olla El miedo \u00e1 la bub\u00f3nica Nota: Este ejemplar tiene escrito a mano con l\u00e1piz rojo \u201c24\u201d Las d\u00e9cimas no tienen t\u00edtulo, utilizamos [&hellip;]<\/p>\n","protected":false},"author":1,"featured_media":0,"parent":0,"menu_order":0,"comment_status":"closed","ping_status":"closed","template":"","meta":{"footnotes":""},"class_list":["post-4485","page","type-page","status-publish","hentry"],"jetpack_sharing_enabled":true,"_links":{"self":[{"href":"https:\/\/www.lirapopular.cl\/lirapopularxix\/wp-json\/wp\/v2\/pages\/4485","targetHints":{"allow":["GET"]}}],"collection":[{"href":"https:\/\/www.lirapopular.cl\/lirapopularxix\/wp-json\/wp\/v2\/pages"}],"about":[{"href":"https:\/\/www.lirapopular.cl\/lirapopularxix\/wp-json\/wp\/v2\/types\/page"}],"author":[{"embeddable":true,"href":"https:\/\/www.lirapopular.cl\/lirapopularxix\/wp-json\/wp\/v2\/users\/1"}],"replies":[{"embeddable":true,"href":"https:\/\/www.lirapopular.cl\/lirapopularxix\/wp-json\/wp\/v2\/comments?post=4485"}],"version-history":[{"count":0,"href":"https:\/\/www.lirapopular.cl\/lirapopularxix\/wp-json\/wp\/v2\/pages\/4485\/revisions"}],"wp:attachment":[{"href":"https:\/\/www.lirapopular.cl\/lirapopularxix\/wp-json\/wp\/v2\/media?parent=4485"}],"curies":[{"name":"wp","href":"https:\/\/api.w.org\/{rel}","templated":true}]}}