{"id":444,"date":"2019-06-09T14:03:51","date_gmt":"2019-06-09T18:03:51","guid":{"rendered":"https:\/\/www.lirapopular.cl\/lirapopularxix\/?page_id=444"},"modified":"2019-06-09T14:03:51","modified_gmt":"2019-06-09T18:03:51","slug":"asalto","status":"publish","type":"page","link":"https:\/\/www.lirapopular.cl\/lirapopularxix\/asalto\/","title":{"rendered":"Asalto"},"content":{"rendered":"\n<div class=\"wp-block-image\"><figure class=\"alignright\"><a href=\"https:\/\/www.lirapopular.cl\/lirapopularxix\/wp-content\/uploads\/2019\/06\/355a.jpg\"><img loading=\"lazy\" decoding=\"async\" width=\"233\" height=\"300\" src=\"https:\/\/www.lirapopular.cl\/lirapopularxix\/wp-content\/uploads\/2019\/06\/355a-233x300.jpg\" alt=\"\" class=\"wp-image-445\" srcset=\"https:\/\/www.lirapopular.cl\/lirapopularxix\/wp-content\/uploads\/2019\/06\/355a-233x300.jpg 233w, https:\/\/www.lirapopular.cl\/lirapopularxix\/wp-content\/uploads\/2019\/06\/355a-768x987.jpg 768w, https:\/\/www.lirapopular.cl\/lirapopularxix\/wp-content\/uploads\/2019\/06\/355a.jpg 778w\" sizes=\"auto, (max-width: 233px) 100vw, 233px\" \/><\/a><figcaption>Colecci\u00f3n Lira Popular de la <br>Universidad de Chile<\/figcaption><\/figure><\/div>\n\n\n\n<p>Autor: Jos\u00e9 Hip\u00f3lito Cordero, autor.<br>Impresor: Sin informaci\u00f3n<br>Tama\u00f1o: 25,8  x 33,8 cm.<br>Clasificaci\u00f3n: 355A C794 Caja N\u00b01b, BN C\u00f3digo:\u00a0LO0012032<\/p>\n\n\n\n<ul class=\"wp-block-list\"><li><a href=\"https:\/\/www.lirapopular.cl\/lirapopularxix\/2019\/06\/09\/asalto\/\">Asalto<\/a><\/li><li><a href=\"https:\/\/www.lirapopular.cl\/lirapopularxix\/2019\/06\/09\/literatura\/\">Literatura<\/a><\/li><li><a href=\"https:\/\/www.lirapopular.cl\/lirapopularxix\/2019\/06\/09\/versos-humanos\/\">Versos humanos<\/a><\/li><li><a href=\"https:\/\/www.lirapopular.cl\/lirapopularxix\/2019\/06\/09\/glosa\/\">Glosa<\/a><\/li><li><a href=\"https:\/\/www.lirapopular.cl\/lirapopularxix\/2019\/06\/09\/quintillas\/\">Quintillas<\/a><\/li><\/ul>\n\n\n\n<p>Nota: La lira no tiene t\u00edtulo, usamos el de su primer verso.<br>El 1er ejemplar tiene escrito a mano con l\u00e1piz rojo \u201c355a\u201d<br>El 2\u00ba ejemplar tiene escrito a mano con l\u00e1piz rojo \u201c-3-\u201d, con l\u00e1piz grafito &#8220;12&#8221; y con timbre &#8220;101&#8221;<br>Ejemplares optimizados digitalmente.<\/p>\n\n\n\n<div class=\"wp-block-image\"><figure class=\"alignright size-medium\"><a href=\"https:\/\/www.lirapopular.cl\/lirapopularxix\/wp-content\/uploads\/2020\/07\/LO0012032.jpg\"><img loading=\"lazy\" decoding=\"async\" width=\"214\" height=\"300\" src=\"https:\/\/www.lirapopular.cl\/lirapopularxix\/wp-content\/uploads\/2020\/07\/LO0012032-214x300.jpg\" alt=\"\" class=\"wp-image-10285\" srcset=\"https:\/\/www.lirapopular.cl\/lirapopularxix\/wp-content\/uploads\/2020\/07\/LO0012032-214x300.jpg 214w, https:\/\/www.lirapopular.cl\/lirapopularxix\/wp-content\/uploads\/2020\/07\/LO0012032.jpg 712w\" sizes=\"auto, (max-width: 214px) 100vw, 214px\" \/><\/a><figcaption>Archivo de Literatura Oral<br>Fondo Rodolfo Lenz<\/figcaption><\/figure><\/div>\n\n\n\n<p><br><\/p>\n","protected":false},"excerpt":{"rendered":"<p>Autor: Jos\u00e9 Hip\u00f3lito Cordero, autor.Impresor: Sin informaci\u00f3nTama\u00f1o: 25,8 x 33,8 cm.Clasificaci\u00f3n: 355A C794 Caja N\u00b01b, BN C\u00f3digo:\u00a0LO0012032 Asalto Literatura Versos humanos Glosa Quintillas Nota: La lira no tiene t\u00edtulo, usamos el de su primer verso.El 1er ejemplar tiene escrito a mano con l\u00e1piz rojo \u201c355a\u201dEl 2\u00ba ejemplar tiene escrito a mano con l\u00e1piz rojo \u201c-3-\u201d, [&hellip;]<\/p>\n","protected":false},"author":1,"featured_media":0,"parent":0,"menu_order":0,"comment_status":"closed","ping_status":"closed","template":"","meta":{"footnotes":""},"class_list":["post-444","page","type-page","status-publish","hentry"],"jetpack_sharing_enabled":true,"_links":{"self":[{"href":"https:\/\/www.lirapopular.cl\/lirapopularxix\/wp-json\/wp\/v2\/pages\/444","targetHints":{"allow":["GET"]}}],"collection":[{"href":"https:\/\/www.lirapopular.cl\/lirapopularxix\/wp-json\/wp\/v2\/pages"}],"about":[{"href":"https:\/\/www.lirapopular.cl\/lirapopularxix\/wp-json\/wp\/v2\/types\/page"}],"author":[{"embeddable":true,"href":"https:\/\/www.lirapopular.cl\/lirapopularxix\/wp-json\/wp\/v2\/users\/1"}],"replies":[{"embeddable":true,"href":"https:\/\/www.lirapopular.cl\/lirapopularxix\/wp-json\/wp\/v2\/comments?post=444"}],"version-history":[{"count":0,"href":"https:\/\/www.lirapopular.cl\/lirapopularxix\/wp-json\/wp\/v2\/pages\/444\/revisions"}],"wp:attachment":[{"href":"https:\/\/www.lirapopular.cl\/lirapopularxix\/wp-json\/wp\/v2\/media?parent=444"}],"curies":[{"name":"wp","href":"https:\/\/api.w.org\/{rel}","templated":true}]}}