{"id":4413,"date":"2019-10-30T09:37:31","date_gmt":"2019-10-30T13:37:31","guid":{"rendered":"https:\/\/www.lirapopular.cl\/lirapopularxix\/?page_id=4413"},"modified":"2019-10-30T09:37:31","modified_gmt":"2019-10-30T13:37:31","slug":"la-nina-robada-brindis-para-novios","status":"publish","type":"page","link":"https:\/\/www.lirapopular.cl\/lirapopularxix\/la-nina-robada-brindis-para-novios\/","title":{"rendered":"LA NI\u00d1A ROBADA <BR>BRINDIS PARA NOVIOS"},"content":{"rendered":"\n<div class=\"wp-block-image\"><figure class=\"alignright\"><a href=\"https:\/\/www.lirapopular.cl\/lirapopularxix\/wp-content\/uploads\/2019\/10\/575.jpg\"><img loading=\"lazy\" decoding=\"async\" width=\"212\" height=\"300\" src=\"https:\/\/www.lirapopular.cl\/lirapopularxix\/wp-content\/uploads\/2019\/10\/575-212x300.jpg\" alt=\"\" class=\"wp-image-4414\" srcset=\"https:\/\/www.lirapopular.cl\/lirapopularxix\/wp-content\/uploads\/2019\/10\/575-212x300.jpg 212w, https:\/\/www.lirapopular.cl\/lirapopularxix\/wp-content\/uploads\/2019\/10\/575.jpg 706w\" sizes=\"auto, (max-width: 212px) 100vw, 212px\" \/><\/a><\/figure><\/div>\n\n\n\n<p>Autor: El Poeta del Sur<br>Impresor: 18,778.\u2014 Imp. Cerv. Bandera, 73.<br>Tama\u00f1o: 53 x 37 cm<br>Clasificaci\u00f3n: 575 P976n Caja N\u00b010a<\/p>\n\n\n\n<ul class=\"wp-block-list\"><li><a href=\"https:\/\/www.lirapopular.cl\/lirapopularxix\/2019\/10\/30\/ponderacion-del-poeta\/\">Ponderaci\u00f3n del poeta<\/a><\/li><li><a href=\"https:\/\/www.lirapopular.cl\/lirapopularxix\/2019\/10\/30\/verso-historico-2\/\">Verso hist\u00f3rico<\/a><\/li><li><a href=\"https:\/\/www.lirapopular.cl\/lirapopularxix\/2019\/10\/30\/verso-historico-3\/\">Verso hist\u00f3rico<\/a><\/li><li><a href=\"https:\/\/www.lirapopular.cl\/lirapopularxix\/2019\/10\/30\/noticia-politica\/\">Noticia pol\u00edtica<\/a><\/li><li><a href=\"https:\/\/www.lirapopular.cl\/lirapopularxix\/2019\/10\/30\/cantares-7\/\">Cantares<\/a><\/li><li><a href=\"https:\/\/www.lirapopular.cl\/lirapopularxix\/2019\/10\/30\/la-nina-robada\/\">La ni\u00f1a robada<\/a><\/li><li><a href=\"https:\/\/www.lirapopular.cl\/lirapopularxix\/2019\/10\/30\/brindis-para-novios\/\">Br\u00edndis para novios.<\/a><\/li><\/ul>\n\n\n\n<p>Nota: Este ejemplar tiene escrito a mano con l\u00e1piz rojo \u201c575\u201d<\/p>\n","protected":false},"excerpt":{"rendered":"<p>Autor: El Poeta del SurImpresor: 18,778.\u2014 Imp. Cerv. Bandera, 73.Tama\u00f1o: 53 x 37 cmClasificaci\u00f3n: 575 P976n Caja N\u00b010a Ponderaci\u00f3n del poeta Verso hist\u00f3rico Verso hist\u00f3rico Noticia pol\u00edtica Cantares La ni\u00f1a robada Br\u00edndis para novios. Nota: Este ejemplar tiene escrito a mano con l\u00e1piz rojo \u201c575\u201d<\/p>\n","protected":false},"author":1,"featured_media":0,"parent":0,"menu_order":0,"comment_status":"closed","ping_status":"closed","template":"","meta":{"footnotes":""},"class_list":["post-4413","page","type-page","status-publish","hentry"],"jetpack_sharing_enabled":true,"_links":{"self":[{"href":"https:\/\/www.lirapopular.cl\/lirapopularxix\/wp-json\/wp\/v2\/pages\/4413","targetHints":{"allow":["GET"]}}],"collection":[{"href":"https:\/\/www.lirapopular.cl\/lirapopularxix\/wp-json\/wp\/v2\/pages"}],"about":[{"href":"https:\/\/www.lirapopular.cl\/lirapopularxix\/wp-json\/wp\/v2\/types\/page"}],"author":[{"embeddable":true,"href":"https:\/\/www.lirapopular.cl\/lirapopularxix\/wp-json\/wp\/v2\/users\/1"}],"replies":[{"embeddable":true,"href":"https:\/\/www.lirapopular.cl\/lirapopularxix\/wp-json\/wp\/v2\/comments?post=4413"}],"version-history":[{"count":0,"href":"https:\/\/www.lirapopular.cl\/lirapopularxix\/wp-json\/wp\/v2\/pages\/4413\/revisions"}],"wp:attachment":[{"href":"https:\/\/www.lirapopular.cl\/lirapopularxix\/wp-json\/wp\/v2\/media?parent=4413"}],"curies":[{"name":"wp","href":"https:\/\/api.w.org\/{rel}","templated":true}]}}