{"id":4386,"date":"2019-10-29T18:52:16","date_gmt":"2019-10-29T22:52:16","guid":{"rendered":"https:\/\/www.lirapopular.cl\/lirapopularxix\/?page_id=4386"},"modified":"2019-10-29T18:52:16","modified_gmt":"2019-10-29T22:52:16","slug":"arturo-prat","status":"publish","type":"page","link":"https:\/\/www.lirapopular.cl\/lirapopularxix\/arturo-prat\/","title":{"rendered":"ARTURO PRAT"},"content":{"rendered":"\n<div class=\"wp-block-image\"><figure class=\"alignright\"><a href=\"https:\/\/www.lirapopular.cl\/lirapopularxix\/wp-content\/uploads\/2019\/10\/538.jpg\"><img loading=\"lazy\" decoding=\"async\" width=\"300\" height=\"220\" src=\"https:\/\/www.lirapopular.cl\/lirapopularxix\/wp-content\/uploads\/2019\/10\/538-300x220.jpg\" alt=\"\" class=\"wp-image-4387\" srcset=\"https:\/\/www.lirapopular.cl\/lirapopularxix\/wp-content\/uploads\/2019\/10\/538-300x220.jpg 300w, https:\/\/www.lirapopular.cl\/lirapopularxix\/wp-content\/uploads\/2019\/10\/538-768x564.jpg 768w, https:\/\/www.lirapopular.cl\/lirapopularxix\/wp-content\/uploads\/2019\/10\/538.jpg 1000w\" sizes=\"auto, (max-width: 300px) 100vw, 300px\" \/><\/a><figcaption>Colecci\u00f3n Lira Popular de la Universidad de Chile<\/figcaption><\/figure><\/div>\n\n\n\n<p>Autor: El Pequen<br>Impresor: Impreso por P. Ramirez.\u2014 Ech\u00e1urren. 6<br>Tama\u00f1o: 25,8 x 33,8 cm<br>Clasificaci\u00f3n: 538 P419a Caja N\u00b01a<\/p>\n\n\n\n<ul class=\"wp-block-list\"><li><a href=\"https:\/\/www.lirapopular.cl\/lirapopularxix\/2019\/10\/30\/arturo-prat-2\/\">Arturo Prat<\/a><\/li><li><a href=\"https:\/\/www.lirapopular.cl\/lirapopularxix\/2019\/10\/30\/don-patricio-lynch\/\">Don Patricio Lynch.<\/a><\/li><li><a href=\"https:\/\/www.lirapopular.cl\/lirapopularxix\/2019\/10\/30\/zamacueca-3\/\">Zamacueca<\/a><\/li><li><a href=\"https:\/\/www.lirapopular.cl\/lirapopularxix\/2019\/10\/30\/las-manzanas-del-cura\/\">Las manzanas del cura<\/a><\/li><li><a href=\"https:\/\/www.lirapopular.cl\/lirapopularxix\/2019\/10\/30\/una-pieza-musical\/\">Una pieza musical<\/a><\/li><\/ul>\n\n\n\n<p>Nota: Este ejemplar tiene escrito a mano con l\u00e1piz rojo \u201c538\u201d. Usa el mismo grabado que esta lira, <a href=\"https:\/\/www.lirapopular.cl\/lirapopularxix\/arturo-prat-2\/\">ver<\/a>.<\/p>\n","protected":false},"excerpt":{"rendered":"<p>Autor: El PequenImpresor: Impreso por P. Ramirez.\u2014 Ech\u00e1urren. 6Tama\u00f1o: 25,8 x 33,8 cmClasificaci\u00f3n: 538 P419a Caja N\u00b01a Arturo Prat Don Patricio Lynch. Zamacueca Las manzanas del cura Una pieza musical Nota: Este ejemplar tiene escrito a mano con l\u00e1piz rojo \u201c538\u201d. Usa el mismo grabado que esta lira, ver.<\/p>\n","protected":false},"author":1,"featured_media":0,"parent":0,"menu_order":0,"comment_status":"closed","ping_status":"closed","template":"","meta":{"footnotes":""},"class_list":["post-4386","page","type-page","status-publish","hentry"],"jetpack_sharing_enabled":true,"_links":{"self":[{"href":"https:\/\/www.lirapopular.cl\/lirapopularxix\/wp-json\/wp\/v2\/pages\/4386","targetHints":{"allow":["GET"]}}],"collection":[{"href":"https:\/\/www.lirapopular.cl\/lirapopularxix\/wp-json\/wp\/v2\/pages"}],"about":[{"href":"https:\/\/www.lirapopular.cl\/lirapopularxix\/wp-json\/wp\/v2\/types\/page"}],"author":[{"embeddable":true,"href":"https:\/\/www.lirapopular.cl\/lirapopularxix\/wp-json\/wp\/v2\/users\/1"}],"replies":[{"embeddable":true,"href":"https:\/\/www.lirapopular.cl\/lirapopularxix\/wp-json\/wp\/v2\/comments?post=4386"}],"version-history":[{"count":0,"href":"https:\/\/www.lirapopular.cl\/lirapopularxix\/wp-json\/wp\/v2\/pages\/4386\/revisions"}],"wp:attachment":[{"href":"https:\/\/www.lirapopular.cl\/lirapopularxix\/wp-json\/wp\/v2\/media?parent=4386"}],"curies":[{"name":"wp","href":"https:\/\/api.w.org\/{rel}","templated":true}]}}