{"id":4376,"date":"2019-10-29T18:14:41","date_gmt":"2019-10-29T22:14:41","guid":{"rendered":"https:\/\/www.lirapopular.cl\/lirapopularxix\/?page_id=4376"},"modified":"2019-10-29T18:14:41","modified_gmt":"2019-10-29T22:14:41","slug":"los-cuatro-elementos","status":"publish","type":"page","link":"https:\/\/www.lirapopular.cl\/lirapopularxix\/los-cuatro-elementos\/","title":{"rendered":"LOS CUATRO ELEMENTOS"},"content":{"rendered":"\n<div class=\"wp-block-image\"><figure class=\"alignright\"><a href=\"https:\/\/www.lirapopular.cl\/lirapopularxix\/wp-content\/uploads\/2019\/10\/537.jpg\"><img loading=\"lazy\" decoding=\"async\" width=\"166\" height=\"300\" src=\"https:\/\/www.lirapopular.cl\/lirapopularxix\/wp-content\/uploads\/2019\/10\/537-166x300.jpg\" alt=\"\" class=\"wp-image-4377\" srcset=\"https:\/\/www.lirapopular.cl\/lirapopularxix\/wp-content\/uploads\/2019\/10\/537-166x300.jpg 166w, https:\/\/www.lirapopular.cl\/lirapopularxix\/wp-content\/uploads\/2019\/10\/537.jpg 553w\" sizes=\"auto, (max-width: 166px) 100vw, 166px\" \/><\/a><figcaption>Colecci\u00f3n Lira Popular de la Universidad de Chile<\/figcaption><\/figure><\/div>\n\n\n\n<p>Autor: El Pequen<br>Impresor: Impreso por P. Ramirez.\u2014Ech\u00e1urren, 4.<br>Tama\u00f1o: 25 x 13 cm<br>Clasificaci\u00f3n: 537 P419e Caja N\u00b01a<\/p>\n\n\n\n<ul class=\"wp-block-list\"><li><a href=\"https:\/\/www.lirapopular.cl\/lirapopularxix\/2019\/10\/29\/los-cuatro-elementos\/\">Los cuatro elementos<\/a><\/li><\/ul>\n\n\n\n<p>Nota: Este ejemplar tiene escrito a mano con l\u00e1piz rojo \u201c537\u201d<\/p>\n\n\n\n<p>Este verso aparece publicado sin firma por la misma imprenta <a href=\"https:\/\/www.lirapopular.cl\/lirapopularxix\/a-ntra-sra-del-rosario-de-andacollo\/\">aqu\u00ed<\/a>.<\/p>\n","protected":false},"excerpt":{"rendered":"<p>Autor: El PequenImpresor: Impreso por P. Ramirez.\u2014Ech\u00e1urren, 4.Tama\u00f1o: 25 x 13 cmClasificaci\u00f3n: 537 P419e Caja N\u00b01a Los cuatro elementos Nota: Este ejemplar tiene escrito a mano con l\u00e1piz rojo \u201c537\u201d Este verso aparece publicado sin firma por la misma imprenta aqu\u00ed.<\/p>\n","protected":false},"author":1,"featured_media":0,"parent":0,"menu_order":0,"comment_status":"closed","ping_status":"closed","template":"","meta":{"footnotes":""},"class_list":["post-4376","page","type-page","status-publish","hentry"],"jetpack_sharing_enabled":true,"_links":{"self":[{"href":"https:\/\/www.lirapopular.cl\/lirapopularxix\/wp-json\/wp\/v2\/pages\/4376","targetHints":{"allow":["GET"]}}],"collection":[{"href":"https:\/\/www.lirapopular.cl\/lirapopularxix\/wp-json\/wp\/v2\/pages"}],"about":[{"href":"https:\/\/www.lirapopular.cl\/lirapopularxix\/wp-json\/wp\/v2\/types\/page"}],"author":[{"embeddable":true,"href":"https:\/\/www.lirapopular.cl\/lirapopularxix\/wp-json\/wp\/v2\/users\/1"}],"replies":[{"embeddable":true,"href":"https:\/\/www.lirapopular.cl\/lirapopularxix\/wp-json\/wp\/v2\/comments?post=4376"}],"version-history":[{"count":0,"href":"https:\/\/www.lirapopular.cl\/lirapopularxix\/wp-json\/wp\/v2\/pages\/4376\/revisions"}],"wp:attachment":[{"href":"https:\/\/www.lirapopular.cl\/lirapopularxix\/wp-json\/wp\/v2\/media?parent=4376"}],"curies":[{"name":"wp","href":"https:\/\/api.w.org\/{rel}","templated":true}]}}