{"id":4355,"date":"2019-10-29T17:42:01","date_gmt":"2019-10-29T21:42:01","guid":{"rendered":"https:\/\/www.lirapopular.cl\/lirapopularxix\/?page_id=4355"},"modified":"2019-10-29T17:42:01","modified_gmt":"2019-10-29T21:42:01","slug":"contestacion-a-bernardino-guajardo","status":"publish","type":"page","link":"https:\/\/www.lirapopular.cl\/lirapopularxix\/contestacion-a-bernardino-guajardo\/","title":{"rendered":"CONTESTACION <br>A BERNARDINO GUAJARDO"},"content":{"rendered":"\n<div class=\"wp-block-image\"><figure class=\"alignright\"><a href=\"https:\/\/www.lirapopular.cl\/lirapopularxix\/wp-content\/uploads\/2019\/10\/536.jpg\"><img loading=\"lazy\" decoding=\"async\" width=\"300\" height=\"203\" src=\"https:\/\/www.lirapopular.cl\/lirapopularxix\/wp-content\/uploads\/2019\/10\/536-300x203.jpg\" alt=\"\" class=\"wp-image-4356\" srcset=\"https:\/\/www.lirapopular.cl\/lirapopularxix\/wp-content\/uploads\/2019\/10\/536-300x203.jpg 300w, https:\/\/www.lirapopular.cl\/lirapopularxix\/wp-content\/uploads\/2019\/10\/536-768x519.jpg 768w, https:\/\/www.lirapopular.cl\/lirapopularxix\/wp-content\/uploads\/2019\/10\/536.jpg 1000w\" sizes=\"auto, (max-width: 300px) 100vw, 300px\" \/><\/a><figcaption>Colecci\u00f3n Lira Popular de la Universidad de Chile<\/figcaption><\/figure><\/div>\n\n\n\n<p>Autor: El Pequen<br>Impresor: Impreso por P.Ramirez\u2014 Ech\u00e1urren, 4<br>Tama\u00f1o: 24,7 x 32,5 cm<br>Clasificaci\u00f3n: 536 P419c Caja N\u00b01a<\/p>\n\n\n\n<ul class=\"wp-block-list\"><li><a href=\"https:\/\/www.lirapopular.cl\/lirapopularxix\/2019\/10\/29\/contestacion-a-bernardino-guajardo\/\">Contestaci\u00f3n a Bernardino Guajardo<\/a><\/li><li><a href=\"https:\/\/www.lirapopular.cl\/lirapopularxix\/2019\/10\/29\/contra-el-calor\/\">Contra el calor<\/a><\/li><li><a href=\"https:\/\/www.lirapopular.cl\/lirapopularxix\/2019\/10\/29\/arancel\/\">Arancel<\/a><\/li><li><a href=\"https:\/\/www.lirapopular.cl\/lirapopularxix\/2019\/10\/29\/arrepentimiento-de-los-bolivianos\/\">Arrepentimiento de los bolivianos<\/a><\/li><li><a href=\"https:\/\/www.lirapopular.cl\/lirapopularxix\/2019\/10\/29\/preguntas-i-respuestas\/\">Preguntas i respuestas<\/a><\/li><\/ul>\n\n\n\n<p>Nota: Este ejemplar tiene escrito a mano con l\u00e1piz rojo \u201c536\u201d<\/p>\n","protected":false},"excerpt":{"rendered":"<p>Autor: El PequenImpresor: Impreso por P.Ramirez\u2014 Ech\u00e1urren, 4Tama\u00f1o: 24,7 x 32,5 cmClasificaci\u00f3n: 536 P419c Caja N\u00b01a Contestaci\u00f3n a Bernardino Guajardo Contra el calor Arancel Arrepentimiento de los bolivianos Preguntas i respuestas Nota: Este ejemplar tiene escrito a mano con l\u00e1piz rojo \u201c536\u201d<\/p>\n","protected":false},"author":1,"featured_media":0,"parent":0,"menu_order":0,"comment_status":"closed","ping_status":"closed","template":"","meta":{"footnotes":""},"class_list":["post-4355","page","type-page","status-publish","hentry"],"jetpack_sharing_enabled":true,"_links":{"self":[{"href":"https:\/\/www.lirapopular.cl\/lirapopularxix\/wp-json\/wp\/v2\/pages\/4355","targetHints":{"allow":["GET"]}}],"collection":[{"href":"https:\/\/www.lirapopular.cl\/lirapopularxix\/wp-json\/wp\/v2\/pages"}],"about":[{"href":"https:\/\/www.lirapopular.cl\/lirapopularxix\/wp-json\/wp\/v2\/types\/page"}],"author":[{"embeddable":true,"href":"https:\/\/www.lirapopular.cl\/lirapopularxix\/wp-json\/wp\/v2\/users\/1"}],"replies":[{"embeddable":true,"href":"https:\/\/www.lirapopular.cl\/lirapopularxix\/wp-json\/wp\/v2\/comments?post=4355"}],"version-history":[{"count":0,"href":"https:\/\/www.lirapopular.cl\/lirapopularxix\/wp-json\/wp\/v2\/pages\/4355\/revisions"}],"wp:attachment":[{"href":"https:\/\/www.lirapopular.cl\/lirapopularxix\/wp-json\/wp\/v2\/media?parent=4355"}],"curies":[{"name":"wp","href":"https:\/\/api.w.org\/{rel}","templated":true}]}}