{"id":4334,"date":"2019-10-28T17:03:26","date_gmt":"2019-10-28T21:03:26","guid":{"rendered":"https:\/\/www.lirapopular.cl\/lirapopularxix\/?page_id=4334"},"modified":"2019-10-28T17:03:26","modified_gmt":"2019-10-28T21:03:26","slug":"la-vuelta-del-vencedor","status":"publish","type":"page","link":"https:\/\/www.lirapopular.cl\/lirapopularxix\/la-vuelta-del-vencedor\/","title":{"rendered":"LA VUELTA DEL VENCEDOR"},"content":{"rendered":"\n<div class=\"wp-block-image\"><figure class=\"alignright\"><a href=\"https:\/\/www.lirapopular.cl\/lirapopularxix\/wp-content\/uploads\/2019\/10\/534.jpg\"><img loading=\"lazy\" decoding=\"async\" width=\"210\" height=\"300\" src=\"https:\/\/www.lirapopular.cl\/lirapopularxix\/wp-content\/uploads\/2019\/10\/534-210x300.jpg\" alt=\"\" class=\"wp-image-4335\" srcset=\"https:\/\/www.lirapopular.cl\/lirapopularxix\/wp-content\/uploads\/2019\/10\/534-210x300.jpg 210w, https:\/\/www.lirapopular.cl\/lirapopularxix\/wp-content\/uploads\/2019\/10\/534.jpg 700w\" sizes=\"auto, (max-width: 210px) 100vw, 210px\" \/><\/a><figcaption>Colecci\u00f3n Lira Popular de la Universidad de Chile<\/figcaption><\/figure><\/div>\n\n\n\n<p>Autor: El Pequ\u00e9n<br>Impresor: P. Ramirez, &#8211; Ech\u00e1urren 4<br>Tama\u00f1o: 49,6 x 33,5 cm<br>Clasificaci\u00f3n: 534 P419 Caja N\u00b010a<\/p>\n\n\n\n<ul class=\"wp-block-list\"><li><a href=\"https:\/\/www.lirapopular.cl\/lirapopularxix\/2021\/01\/26\/el-rejimiento-atacama\/\">El Rejimiento Atacama<\/a><\/li><li><a href=\"https:\/\/www.lirapopular.cl\/lirapopularxix\/2021\/01\/26\/el-rejimiento-coquimbo\/\">El Regimiento Coquimbo<\/a><\/li><li><a href=\"https:\/\/www.lirapopular.cl\/lirapopularxix\/2021\/01\/26\/el-rejimiento-chillan\/\">El Regimiento Chill\u00e1n<\/a><\/li><li><a href=\"https:\/\/www.lirapopular.cl\/lirapopularxix\/2021\/01\/26\/el-rejimiento-chacabuco\/\">El Regimiento Chacabuco<\/a><\/li><li><a href=\"https:\/\/www.lirapopular.cl\/lirapopularxix\/2021\/01\/26\/la-artilleria-naval\/\">La Artiller\u00eda Naval<\/a><\/li><li><a href=\"https:\/\/www.lirapopular.cl\/lirapopularxix\/2021\/01\/26\/el-rejimiento-valparaiso\/\">El Regimiento Valpara\u00edso<\/a><\/li><li><a href=\"https:\/\/www.lirapopular.cl\/lirapopularxix\/2021\/01\/26\/el-rejimiento-colchagua\/\">El Regimiento Colchagua<\/a><\/li><li><a href=\"https:\/\/www.lirapopular.cl\/lirapopularxix\/2021\/01\/26\/la-artilleria-de-marina\/\">La Artiller\u00eda de Marina<\/a><\/li><li><a href=\"https:\/\/www.lirapopular.cl\/lirapopularxix\/2021\/01\/26\/el-batallon-quillota\/\">El Batall\u00f3n Quillota<\/a><\/li><li><a href=\"https:\/\/www.lirapopular.cl\/lirapopularxix\/2021\/01\/26\/nuestros-marinos\/\">Nuestros marinos<\/a><\/li><li><a href=\"https:\/\/www.lirapopular.cl\/lirapopularxix\/2021\/01\/26\/a-los-ausentes\/\">A los ausentes<\/a><\/li><li><a href=\"https:\/\/www.lirapopular.cl\/lirapopularxix\/2021\/01\/26\/al-roto-vencedor\/\">Al roto vencedor<\/a><\/li><li><a href=\"https:\/\/www.lirapopular.cl\/lirapopularxix\/2021\/01\/26\/al-ilustre-jeneral-baquedano\/\">Al ilustre general Baquedano<\/a><\/li><\/ul>\n\n\n\n<p>Nota: Este ejemplar tiene escrito a mano con l\u00e1piz rojo \u201c534\u201d<br>Documento optimizado digitalmente.<\/p>\n","protected":false},"excerpt":{"rendered":"<p>Autor: El Pequ\u00e9nImpresor: P. Ramirez, &#8211; Ech\u00e1urren 4Tama\u00f1o: 49,6 x 33,5 cmClasificaci\u00f3n: 534 P419 Caja N\u00b010a El Rejimiento Atacama El Regimiento Coquimbo El Regimiento Chill\u00e1n El Regimiento Chacabuco La Artiller\u00eda Naval El Regimiento Valpara\u00edso El Regimiento Colchagua La Artiller\u00eda de Marina El Batall\u00f3n Quillota Nuestros marinos A los ausentes Al roto vencedor Al ilustre general [&hellip;]<\/p>\n","protected":false},"author":1,"featured_media":0,"parent":0,"menu_order":0,"comment_status":"closed","ping_status":"closed","template":"","meta":{"footnotes":""},"class_list":["post-4334","page","type-page","status-publish","hentry"],"jetpack_sharing_enabled":true,"_links":{"self":[{"href":"https:\/\/www.lirapopular.cl\/lirapopularxix\/wp-json\/wp\/v2\/pages\/4334","targetHints":{"allow":["GET"]}}],"collection":[{"href":"https:\/\/www.lirapopular.cl\/lirapopularxix\/wp-json\/wp\/v2\/pages"}],"about":[{"href":"https:\/\/www.lirapopular.cl\/lirapopularxix\/wp-json\/wp\/v2\/types\/page"}],"author":[{"embeddable":true,"href":"https:\/\/www.lirapopular.cl\/lirapopularxix\/wp-json\/wp\/v2\/users\/1"}],"replies":[{"embeddable":true,"href":"https:\/\/www.lirapopular.cl\/lirapopularxix\/wp-json\/wp\/v2\/comments?post=4334"}],"version-history":[{"count":0,"href":"https:\/\/www.lirapopular.cl\/lirapopularxix\/wp-json\/wp\/v2\/pages\/4334\/revisions"}],"wp:attachment":[{"href":"https:\/\/www.lirapopular.cl\/lirapopularxix\/wp-json\/wp\/v2\/media?parent=4334"}],"curies":[{"name":"wp","href":"https:\/\/api.w.org\/{rel}","templated":true}]}}