{"id":4281,"date":"2019-10-26T21:02:22","date_gmt":"2019-10-27T01:02:22","guid":{"rendered":"https:\/\/www.lirapopular.cl\/lirapopularxix\/?page_id=4281"},"modified":"2019-10-26T21:02:22","modified_gmt":"2019-10-27T01:02:22","slug":"gran-envenenamiento-exequiel-candia-enveneno-a-dos-hermanos","status":"publish","type":"page","link":"https:\/\/www.lirapopular.cl\/lirapopularxix\/gran-envenenamiento-exequiel-candia-enveneno-a-dos-hermanos\/","title":{"rendered":"GRAN ENVENENAMIENTO. <BR>EXEQUIEL C\u00c1NDIA, ENVENEN\u00d3 A DOS HERMANOS"},"content":{"rendered":"\n<div class=\"wp-block-image\"><figure class=\"alignright\"><a href=\"https:\/\/www.lirapopular.cl\/lirapopularxix\/wp-content\/uploads\/2019\/10\/607.jpg\"><img loading=\"lazy\" decoding=\"async\" width=\"204\" height=\"300\" src=\"https:\/\/www.lirapopular.cl\/lirapopularxix\/wp-content\/uploads\/2019\/10\/607-204x300.jpg\" alt=\"\" class=\"wp-image-4282\" srcset=\"https:\/\/www.lirapopular.cl\/lirapopularxix\/wp-content\/uploads\/2019\/10\/607-204x300.jpg 204w, https:\/\/www.lirapopular.cl\/lirapopularxix\/wp-content\/uploads\/2019\/10\/607.jpg 680w\" sizes=\"auto, (max-width: 204px) 100vw, 204px\" \/><\/a><figcaption>Colecci\u00f3n Lira Popular de la Universidad de Chile<\/figcaption><\/figure><\/div>\n\n\n\n<p>Autor: El \u00d1ato Quillotano<br>Impresor: Sin informaci\u00f3n<br>Tama\u00f1o: 52,8 x 35,5 cm<br>Clasificaci\u00f3n: 607 Q6g Caja N\u00b011a, BN C\u00f3digo:\u00a0LO0012054<\/p>\n\n\n\n<ul class=\"wp-block-list\"><li><a href=\"https:\/\/www.lirapopular.cl\/lirapopularxix\/2019\/10\/27\/contra-punto-del-futre-con-el-huaso-elfutre\/\">Contra-punto del futre con el huaso<\/a><\/li><li><a href=\"https:\/\/www.lirapopular.cl\/lirapopularxix\/2019\/10\/27\/contestacion-del-huaso-2\/\">Contestaci\u00f3n del huaso<\/a><\/li><li><a href=\"https:\/\/www.lirapopular.cl\/lirapopularxix\/2019\/10\/27\/gran-envenenamiento-exequiel-candia-enveneno-a-dos-hermanos\/\">Gran envenenamiento Exequiel Candia envenen\u00f3 a dos hermanos<\/a><\/li><li><a href=\"https:\/\/www.lirapopular.cl\/lirapopularxix\/2019\/10\/27\/al-cojo-meneses\/\">Al cojo Meneses<\/a><\/li><li><a href=\"https:\/\/www.lirapopular.cl\/lirapopularxix\/2019\/10\/27\/la-mujer-del-paco\/\">La mujer del paco<\/a><\/li><li><a href=\"https:\/\/www.lirapopular.cl\/lirapopularxix\/2019\/10\/27\/el-vagamundo-quillotano\/\">El vagamundo quillotano<\/a><\/li><\/ul>\n\n\n\n<p>Nota: El 1er ejemplar tiene escrito a mano con l\u00e1piz rojo \u201c607\u201d.<br>El 2\u00ba ejemplar tiene escrito a mano con l\u00e1piz rojo \u201c=25-\u201d y con un timbre &#8220;443&#8221;.<br>Documentos optimizados digitalmente.<\/p>\n\n\n\n<div class=\"wp-block-image is-style-default\"><figure class=\"alignright size-medium\"><a href=\"https:\/\/www.lirapopular.cl\/lirapopularxix\/wp-content\/uploads\/2021\/11\/LO0012054.jpg\"><img loading=\"lazy\" decoding=\"async\" width=\"209\" height=\"300\" src=\"https:\/\/www.lirapopular.cl\/lirapopularxix\/wp-content\/uploads\/2021\/11\/LO0012054-209x300.jpg\" alt=\"\" class=\"wp-image-26081\" srcset=\"https:\/\/www.lirapopular.cl\/lirapopularxix\/wp-content\/uploads\/2021\/11\/LO0012054-209x300.jpg 209w, https:\/\/www.lirapopular.cl\/lirapopularxix\/wp-content\/uploads\/2021\/11\/LO0012054.jpg 696w\" sizes=\"auto, (max-width: 209px) 100vw, 209px\" \/><\/a><figcaption>Archivo de Literatura Oral<br>Fondo Rodolfo Lenz<\/figcaption><\/figure><\/div>\n","protected":false},"excerpt":{"rendered":"<p>Autor: El \u00d1ato QuillotanoImpresor: Sin informaci\u00f3nTama\u00f1o: 52,8 x 35,5 cmClasificaci\u00f3n: 607 Q6g Caja N\u00b011a, BN C\u00f3digo:\u00a0LO0012054 Contra-punto del futre con el huaso Contestaci\u00f3n del huaso Gran envenenamiento Exequiel Candia envenen\u00f3 a dos hermanos Al cojo Meneses La mujer del paco El vagamundo quillotano Nota: El 1er ejemplar tiene escrito a mano con l\u00e1piz rojo \u201c607\u201d.El [&hellip;]<\/p>\n","protected":false},"author":1,"featured_media":0,"parent":0,"menu_order":0,"comment_status":"closed","ping_status":"closed","template":"","meta":{"footnotes":""},"class_list":["post-4281","page","type-page","status-publish","hentry"],"jetpack_sharing_enabled":true,"_links":{"self":[{"href":"https:\/\/www.lirapopular.cl\/lirapopularxix\/wp-json\/wp\/v2\/pages\/4281","targetHints":{"allow":["GET"]}}],"collection":[{"href":"https:\/\/www.lirapopular.cl\/lirapopularxix\/wp-json\/wp\/v2\/pages"}],"about":[{"href":"https:\/\/www.lirapopular.cl\/lirapopularxix\/wp-json\/wp\/v2\/types\/page"}],"author":[{"embeddable":true,"href":"https:\/\/www.lirapopular.cl\/lirapopularxix\/wp-json\/wp\/v2\/users\/1"}],"replies":[{"embeddable":true,"href":"https:\/\/www.lirapopular.cl\/lirapopularxix\/wp-json\/wp\/v2\/comments?post=4281"}],"version-history":[{"count":0,"href":"https:\/\/www.lirapopular.cl\/lirapopularxix\/wp-json\/wp\/v2\/pages\/4281\/revisions"}],"wp:attachment":[{"href":"https:\/\/www.lirapopular.cl\/lirapopularxix\/wp-json\/wp\/v2\/media?parent=4281"}],"curies":[{"name":"wp","href":"https:\/\/api.w.org\/{rel}","templated":true}]}}