{"id":4258,"date":"2019-10-26T16:13:14","date_gmt":"2019-10-26T20:13:14","guid":{"rendered":"https:\/\/www.lirapopular.cl\/lirapopularxix\/?page_id=4258"},"modified":"2019-10-26T16:13:14","modified_gmt":"2019-10-26T20:13:14","slug":"horroroso-crimen-de-la-casa-de-orates","status":"publish","type":"page","link":"https:\/\/www.lirapopular.cl\/lirapopularxix\/horroroso-crimen-de-la-casa-de-orates\/","title":{"rendered":"Horroroso Cr\u00edmen de la Casa de Orates"},"content":{"rendered":"\n<div class=\"wp-block-image\"><figure class=\"alignright\"><a href=\"https:\/\/www.lirapopular.cl\/lirapopularxix\/wp-content\/uploads\/2019\/10\/637.jpg\"><img loading=\"lazy\" decoding=\"async\" width=\"214\" height=\"300\" src=\"https:\/\/www.lirapopular.cl\/lirapopularxix\/wp-content\/uploads\/2019\/10\/637-214x300.jpg\" alt=\"\" class=\"wp-image-4259\" srcset=\"https:\/\/www.lirapopular.cl\/lirapopularxix\/wp-content\/uploads\/2019\/10\/637-214x300.jpg 214w, https:\/\/www.lirapopular.cl\/lirapopularxix\/wp-content\/uploads\/2019\/10\/637.jpg 712w\" sizes=\"auto, (max-width: 214px) 100vw, 214px\" \/><\/a><figcaption>Colecci\u00f3n Lira Popular de la Universidad de Chile<\/figcaption><\/figure><\/div>\n\n\n\n<p>Autor: El Ni\u00f1o Inspirante<br>Impresor: Sin informaci\u00f3n<br>Tama\u00f1o: 53 x 37,2 cm<br>Clasificaci\u00f3n: 637 N716 Caja N\u00b011a, BN C\u00f3digo: LO0012650<\/p>\n\n\n\n<ul class=\"wp-block-list\"><li><a href=\"https:\/\/www.lirapopular.cl\/lirapopularxix\/2019\/10\/26\/horroroso-crimen-en-la-casa-de-orates\/\">Horroroso cr\u00edmen en la Casa de Orates<\/a><\/li><li><a href=\"https:\/\/www.lirapopular.cl\/lirapopularxix\/2019\/10\/26\/contra-punto-del-pueblo-con-s-e-el-presi-dente-de-la-republica-don-jorje-montt\/\">Contrapunto  del pueblo con don  Jorje Montt. <\/a><\/li><li><a href=\"https:\/\/www.lirapopular.cl\/lirapopularxix\/2019\/10\/26\/los-versos-de-la-ejecucion-del-reo-vergara\/\">Los versos de la ejecuci\u00f3n del reo  Vergara<\/a><\/li><li><a href=\"https:\/\/www.lirapopular.cl\/lirapopularxix\/2019\/10\/26\/versos-del-cura-de-malloco\/\">Versos del cura  de Malloco<\/a><\/li><li><a href=\"https:\/\/www.lirapopular.cl\/lirapopularxix\/2019\/10\/26\/los-suenos-de-una-beata\/\">Los sue\u00f1os de una  beata<\/a><\/li><\/ul>\n\n\n\n<p>Nota: Documento fechado en 1895.<br>El 1er ejemplar tiene escrito a mano con l\u00e1piz rojo \u201c637\u201d.<br>El 2\u00ba ejemplar tiene escrito a mano con plum\u00f3n \u201c324\u201d y con l\u00e1piz azul &#8220;53&#8221;. Por el reverso con bol\u00edgrafo &#8220;174&#8221;.<br>El 3er ejemplar tiene escrito a mano con l\u00e1piz rojo \u201c-23-\u201d, con pluma &#8220;1895&#8221; y con un timbre &#8220;191&#8221;<br>Documentos optimizados digitalmente. <\/p>\n\n\n\n<div class=\"wp-block-image\"><figure class=\"alignright size-medium\"><a href=\"https:\/\/www.lirapopular.cl\/lirapopularxix\/wp-content\/uploads\/2021\/09\/LO0012650.jpg\"><img loading=\"lazy\" decoding=\"async\" width=\"211\" height=\"300\" src=\"https:\/\/www.lirapopular.cl\/lirapopularxix\/wp-content\/uploads\/2021\/09\/LO0012650-211x300.jpg\" alt=\"\" class=\"wp-image-23580\" srcset=\"https:\/\/www.lirapopular.cl\/lirapopularxix\/wp-content\/uploads\/2021\/09\/LO0012650-211x300.jpg 211w, https:\/\/www.lirapopular.cl\/lirapopularxix\/wp-content\/uploads\/2021\/09\/LO0012650.jpg 703w\" sizes=\"auto, (max-width: 211px) 100vw, 211px\" \/><\/a><figcaption>Archivo de Literatura Oral<br>Colecci\u00f3n Alamiro de \u00c1vila<\/figcaption><\/figure><\/div>\n\n\n\n<p><span class=\"has-inline-color has-white-color\">.<\/span><\/p>\n\n\n\n<p><span class=\"has-inline-color has-white-color\">.<\/span><\/p>\n\n\n\n<p><span class=\"has-inline-color has-white-color\">.<\/span><\/p>\n\n\n\n<p><span class=\"has-inline-color has-white-color\">.<\/span><\/p>\n\n\n\n<p><span class=\"has-inline-color has-white-color\">.<\/span><\/p>\n\n\n\n<p><span class=\"has-inline-color has-white-color\">.<\/span><\/p>\n\n\n\n<p><span class=\"has-inline-color has-white-color\">.<\/span><\/p>\n\n\n\n<p><span class=\"has-inline-color has-white-color\">.<\/span><\/p>\n\n\n\n<p><span class=\"has-inline-color has-white-color\">.<\/span><\/p>\n\n\n\n<div class=\"wp-block-image is-style-default\"><figure class=\"alignright size-medium\"><a href=\"https:\/\/www.lirapopular.cl\/lirapopularxix\/wp-content\/uploads\/2021\/11\/LO0012052.jpg\"><img loading=\"lazy\" decoding=\"async\" width=\"211\" height=\"300\" src=\"https:\/\/www.lirapopular.cl\/lirapopularxix\/wp-content\/uploads\/2021\/11\/LO0012052-211x300.jpg\" alt=\"\" class=\"wp-image-26120\" srcset=\"https:\/\/www.lirapopular.cl\/lirapopularxix\/wp-content\/uploads\/2021\/11\/LO0012052-211x300.jpg 211w, https:\/\/www.lirapopular.cl\/lirapopularxix\/wp-content\/uploads\/2021\/11\/LO0012052.jpg 702w\" sizes=\"auto, (max-width: 211px) 100vw, 211px\" \/><\/a><figcaption>Archivo de Literatura Oral<br>Fondo Rodolfo Lenz<\/figcaption><\/figure><\/div>\n\n\n\n<p><\/p>\n","protected":false},"excerpt":{"rendered":"<p>Autor: El Ni\u00f1o InspiranteImpresor: Sin informaci\u00f3nTama\u00f1o: 53 x 37,2 cmClasificaci\u00f3n: 637 N716 Caja N\u00b011a, BN C\u00f3digo: LO0012650 Horroroso cr\u00edmen en la Casa de Orates Contrapunto del pueblo con don Jorje Montt. Los versos de la ejecuci\u00f3n del reo Vergara Versos del cura de Malloco Los sue\u00f1os de una beata Nota: Documento fechado en 1895.El 1er [&hellip;]<\/p>\n","protected":false},"author":1,"featured_media":0,"parent":0,"menu_order":0,"comment_status":"closed","ping_status":"closed","template":"","meta":{"footnotes":""},"class_list":["post-4258","page","type-page","status-publish","hentry"],"jetpack_sharing_enabled":true,"_links":{"self":[{"href":"https:\/\/www.lirapopular.cl\/lirapopularxix\/wp-json\/wp\/v2\/pages\/4258","targetHints":{"allow":["GET"]}}],"collection":[{"href":"https:\/\/www.lirapopular.cl\/lirapopularxix\/wp-json\/wp\/v2\/pages"}],"about":[{"href":"https:\/\/www.lirapopular.cl\/lirapopularxix\/wp-json\/wp\/v2\/types\/page"}],"author":[{"embeddable":true,"href":"https:\/\/www.lirapopular.cl\/lirapopularxix\/wp-json\/wp\/v2\/users\/1"}],"replies":[{"embeddable":true,"href":"https:\/\/www.lirapopular.cl\/lirapopularxix\/wp-json\/wp\/v2\/comments?post=4258"}],"version-history":[{"count":0,"href":"https:\/\/www.lirapopular.cl\/lirapopularxix\/wp-json\/wp\/v2\/pages\/4258\/revisions"}],"wp:attachment":[{"href":"https:\/\/www.lirapopular.cl\/lirapopularxix\/wp-json\/wp\/v2\/media?parent=4258"}],"curies":[{"name":"wp","href":"https:\/\/api.w.org\/{rel}","templated":true}]}}