{"id":4186,"date":"2019-10-22T20:44:59","date_gmt":"2019-10-23T00:44:59","guid":{"rendered":"https:\/\/www.lirapopular.cl\/lirapopularxix\/?page_id=4186"},"modified":"2019-10-22T20:44:59","modified_gmt":"2019-10-23T00:44:59","slug":"sangrienta-trajedia-completos-detalles-muertos-i-heridos-prisiones","status":"publish","type":"page","link":"https:\/\/www.lirapopular.cl\/lirapopularxix\/sangrienta-trajedia-completos-detalles-muertos-i-heridos-prisiones\/","title":{"rendered":"SANGRIENTA TRAJEDIA <br>COMPLETOS DETALLES-MUERTOS I HERIDOS-PRISIONES"},"content":{"rendered":"\n<div class=\"wp-block-image\"><figure class=\"alignright\"><a href=\"https:\/\/www.lirapopular.cl\/lirapopularxix\/wp-content\/uploads\/2019\/10\/522.jpg\"><img loading=\"lazy\" decoding=\"async\" width=\"215\" height=\"300\" src=\"https:\/\/www.lirapopular.cl\/lirapopularxix\/wp-content\/uploads\/2019\/10\/522-215x300.jpg\" alt=\"\" class=\"wp-image-4187\" srcset=\"https:\/\/www.lirapopular.cl\/lirapopularxix\/wp-content\/uploads\/2019\/10\/522-215x300.jpg 215w, https:\/\/www.lirapopular.cl\/lirapopularxix\/wp-content\/uploads\/2019\/10\/522.jpg 716w\" sizes=\"auto, (max-width: 215px) 100vw, 215px\" \/><\/a><figcaption>Colecci\u00f3n Lira Popular de la Universidad de Chile<\/figcaption><\/figure><\/div>\n\n\n\n<p>Autor: El Loro (Nuevo poeta)<br>Impresor: Imp. calle Andr\u00e9s Bello, num. 2-A<br>Tama\u00f1o: 52,8 x 73,5 cm<br>Clasificaci\u00f3n: 522 L868s Caja N\u00b06b<\/p>\n\n\n\n<ul class=\"wp-block-list\"><li><a href=\"https:\/\/www.lirapopular.cl\/lirapopularxix\/2019\/10\/24\/asalto-a-la-artilleria-2\/\">Asalto  a la artiller\u00eda<\/a><\/li><li><a href=\"https:\/\/www.lirapopular.cl\/lirapopularxix\/2019\/10\/24\/los-muertos-exibidos-en-la-morgue\/\">Los muertos exhibidos en la Morgue<\/a><\/li><li><a href=\"https:\/\/www.lirapopular.cl\/lirapopularxix\/2019\/10\/24\/denuncios-i-precauciones-de-las-autoridades\/\">Denuncios y precauciones de las autoridades<\/a><\/li><li><a href=\"https:\/\/www.lirapopular.cl\/lirapopularxix\/2019\/10\/24\/declaraciones-de-los-presos-de-la-artilleria\/\">Declaraciones de los presos de la artiller\u00eda <\/a><\/li><li><a href=\"https:\/\/www.lirapopular.cl\/lirapopularxix\/2019\/10\/24\/el-estado-de-sitio-2\/\">El estado de sitio<\/a><\/li><li><a href=\"https:\/\/www.lirapopular.cl\/lirapopularxix\/2019\/10\/24\/prision-de-los-allende-i-de-los-balmaceda-2\/\">Prisi\u00f3n de los allende y de los balmaceda<\/a><\/li><li><a href=\"https:\/\/www.lirapopular.cl\/lirapopularxix\/2019\/10\/24\/recompensas-al-alferez-silva-i-soldado-retamal\/\">Recompensas al alf\u00e9rez Silva y soldado Retamal<\/a><\/li><li><a href=\"https:\/\/www.lirapopular.cl\/lirapopularxix\/2019\/10\/24\/muerte-del-comandante-ovalle-2\/\">Muerte del comandante Ovalle<\/a><\/li><li><a href=\"https:\/\/www.lirapopular.cl\/lirapopularxix\/2019\/10\/24\/el-chancho-comedido-fabula-a-mi-amigo-lucas-gomez-colaboracion-de-rolak\/\">El chancho comedido (f\u00e1bula) a mi amigo \u00abL\u00facas G\u00f3mez\u00bb<\/a><\/li><li><a href=\"https:\/\/www.lirapopular.cl\/lirapopularxix\/2019\/10\/24\/charada\/\">Charada<\/a><\/li><\/ul>\n\n\n\n<p>Nota: Este ejemplar tiene escrito a mano con l\u00e1piz rojo \u201c522\u201d<\/p>\n\n\n\n<p>Incluye un verso firmado de Rolak<\/p>\n","protected":false},"excerpt":{"rendered":"<p>Autor: El Loro (Nuevo poeta)Impresor: Imp. calle Andr\u00e9s Bello, num. 2-ATama\u00f1o: 52,8 x 73,5 cmClasificaci\u00f3n: 522 L868s Caja N\u00b06b Asalto a la artiller\u00eda Los muertos exhibidos en la Morgue Denuncios y precauciones de las autoridades Declaraciones de los presos de la artiller\u00eda El estado de sitio Prisi\u00f3n de los allende y de los balmaceda Recompensas [&hellip;]<\/p>\n","protected":false},"author":1,"featured_media":0,"parent":0,"menu_order":0,"comment_status":"closed","ping_status":"closed","template":"","meta":{"footnotes":""},"class_list":["post-4186","page","type-page","status-publish","hentry"],"jetpack_sharing_enabled":true,"_links":{"self":[{"href":"https:\/\/www.lirapopular.cl\/lirapopularxix\/wp-json\/wp\/v2\/pages\/4186","targetHints":{"allow":["GET"]}}],"collection":[{"href":"https:\/\/www.lirapopular.cl\/lirapopularxix\/wp-json\/wp\/v2\/pages"}],"about":[{"href":"https:\/\/www.lirapopular.cl\/lirapopularxix\/wp-json\/wp\/v2\/types\/page"}],"author":[{"embeddable":true,"href":"https:\/\/www.lirapopular.cl\/lirapopularxix\/wp-json\/wp\/v2\/users\/1"}],"replies":[{"embeddable":true,"href":"https:\/\/www.lirapopular.cl\/lirapopularxix\/wp-json\/wp\/v2\/comments?post=4186"}],"version-history":[{"count":0,"href":"https:\/\/www.lirapopular.cl\/lirapopularxix\/wp-json\/wp\/v2\/pages\/4186\/revisions"}],"wp:attachment":[{"href":"https:\/\/www.lirapopular.cl\/lirapopularxix\/wp-json\/wp\/v2\/media?parent=4186"}],"curies":[{"name":"wp","href":"https:\/\/api.w.org\/{rel}","templated":true}]}}