{"id":4164,"date":"2019-10-21T17:01:08","date_gmt":"2019-10-21T21:01:08","guid":{"rendered":"https:\/\/www.lirapopular.cl\/lirapopularxix\/?page_id=4164"},"modified":"2019-10-21T17:01:08","modified_gmt":"2019-10-21T21:01:08","slug":"la-colona-muerta-de-treinta-punaladas","status":"publish","type":"page","link":"https:\/\/www.lirapopular.cl\/lirapopularxix\/la-colona-muerta-de-treinta-punaladas\/","title":{"rendered":"LA COLONA MUERTA <br>DE TREINTA PU\u00d1ALADAS"},"content":{"rendered":"\n<div class=\"wp-block-image\"><figure class=\"alignright\"><a href=\"https:\/\/www.lirapopular.cl\/lirapopularxix\/wp-content\/uploads\/2019\/10\/521.jpg\"><img loading=\"lazy\" decoding=\"async\" width=\"218\" height=\"300\" src=\"https:\/\/www.lirapopular.cl\/lirapopularxix\/wp-content\/uploads\/2019\/10\/521-218x300.jpg\" alt=\"\" class=\"wp-image-4165\" srcset=\"https:\/\/www.lirapopular.cl\/lirapopularxix\/wp-content\/uploads\/2019\/10\/521-218x300.jpg 218w, https:\/\/www.lirapopular.cl\/lirapopularxix\/wp-content\/uploads\/2019\/10\/521.jpg 727w\" sizes=\"auto, (max-width: 218px) 100vw, 218px\" \/><\/a><figcaption>Colecci\u00f3n Lira Popular de la<br>Universidad de Chile<\/figcaption><\/figure><\/div>\n\n\n\n<p>Autor: El Loro (Nuevo poeta)<br>Impresor: Sin informaci\u00f3n<br>Tama\u00f1o: 37,7 x 53,3 cm<br>Clasificaci\u00f3n: 521 L868c Caja N\u00b06b, BN C\u00f3digo:&nbsp;LO0012023<\/p>\n\n\n\n<ul class=\"wp-block-list\"><li><a href=\"https:\/\/www.lirapopular.cl\/lirapopularxix\/2019\/10\/22\/la-lechera-muerta-de-30-punaladas-los-hechores-presos\/\">La lechera muerta de 30 pu\u00f1aladas los hechores presos<\/a><\/li><li><a href=\"https:\/\/www.lirapopular.cl\/lirapopularxix\/2019\/10\/22\/los-hermanos-islas-asesinados-a-balazos\/\">Los hermanos Islas asesinados a balazos<\/a><\/li><li><a href=\"https:\/\/www.lirapopular.cl\/lirapopularxix\/2019\/10\/22\/los-ultimos-momentos-de-un-condenado-a-muerte\/\">Los ultimos momentos de un condenado a muerte<\/a><\/li><li><a href=\"https:\/\/www.lirapopular.cl\/lirapopularxix\/2019\/10\/22\/la-agonia-de-la-capilla\/\">La agon\u00eda de la capilla<\/a><\/li><li><a href=\"https:\/\/www.lirapopular.cl\/lirapopularxix\/2019\/10\/22\/quejas-de-un-amante-3\/\">Quejas de un amante<\/a><\/li><li><a href=\"https:\/\/www.lirapopular.cl\/lirapopularxix\/2019\/10\/22\/salomon-i-sanson-por-historia\/\">Salom\u00f3n y Sans\u00f3n  (por historia)<\/a><\/li><\/ul>\n\n\n\n<p>Nota: El 1er ejemplar tiene escrito a mano con l\u00e1piz rojo \u201c521\u201d<br>Texto manuscrito tres veces: &#8220;ajeno&#8221;<br>El 2\u00ba ejemplar tiene escrito a mano con l\u00e1piz rojo \u201c-23-\u201d, con l\u00e1piz grafito &#8220;6&#8221; y con un timbre &#8220;184&#8221;.<br>La lira utiliza grabado de Adolfo Reyes. <a href=\"https:\/\/www.lirapopular.cl\/lirapopularxix\/una-nina-degollada\/\">Ver.<\/a><br>Documentos optimizados digitalmente.<\/p>\n\n\n\n<div class=\"wp-block-image\"><figure class=\"alignright size-medium\"><a href=\"https:\/\/www.lirapopular.cl\/lirapopularxix\/wp-content\/uploads\/2020\/08\/LO0012023.jpg\"><img decoding=\"async\" src=\"https:\/\/www.lirapopular.cl\/lirapopularxix\/wp-content\/uploads\/2020\/08\/LO0012023-211x300.jpg\" alt=\"\" class=\"wp-image-11294\"\/><\/a><figcaption>Archivo de Literatura Oral<br>Fondo Rodolfo Lenz<\/figcaption><\/figure><\/div>\n","protected":false},"excerpt":{"rendered":"<p>Autor: El Loro (Nuevo poeta)Impresor: Sin informaci\u00f3nTama\u00f1o: 37,7 x 53,3 cmClasificaci\u00f3n: 521 L868c Caja N\u00b06b, BN C\u00f3digo:&nbsp;LO0012023 La lechera muerta de 30 pu\u00f1aladas los hechores presos Los hermanos Islas asesinados a balazos Los ultimos momentos de un condenado a muerte La agon\u00eda de la capilla Quejas de un amante Salom\u00f3n y Sans\u00f3n (por historia) Nota: [&hellip;]<\/p>\n","protected":false},"author":1,"featured_media":0,"parent":0,"menu_order":0,"comment_status":"closed","ping_status":"closed","template":"","meta":{"footnotes":""},"class_list":["post-4164","page","type-page","status-publish","hentry"],"jetpack_sharing_enabled":true,"_links":{"self":[{"href":"https:\/\/www.lirapopular.cl\/lirapopularxix\/wp-json\/wp\/v2\/pages\/4164","targetHints":{"allow":["GET"]}}],"collection":[{"href":"https:\/\/www.lirapopular.cl\/lirapopularxix\/wp-json\/wp\/v2\/pages"}],"about":[{"href":"https:\/\/www.lirapopular.cl\/lirapopularxix\/wp-json\/wp\/v2\/types\/page"}],"author":[{"embeddable":true,"href":"https:\/\/www.lirapopular.cl\/lirapopularxix\/wp-json\/wp\/v2\/users\/1"}],"replies":[{"embeddable":true,"href":"https:\/\/www.lirapopular.cl\/lirapopularxix\/wp-json\/wp\/v2\/comments?post=4164"}],"version-history":[{"count":0,"href":"https:\/\/www.lirapopular.cl\/lirapopularxix\/wp-json\/wp\/v2\/pages\/4164\/revisions"}],"wp:attachment":[{"href":"https:\/\/www.lirapopular.cl\/lirapopularxix\/wp-json\/wp\/v2\/media?parent=4164"}],"curies":[{"name":"wp","href":"https:\/\/api.w.org\/{rel}","templated":true}]}}