{"id":4144,"date":"2019-10-19T20:56:59","date_gmt":"2019-10-20T00:56:59","guid":{"rendered":"https:\/\/www.lirapopular.cl\/lirapopularxix\/?page_id=4144"},"modified":"2019-10-19T20:56:59","modified_gmt":"2019-10-20T00:56:59","slug":"el-hundimiento-del-cerro-negro-aparicion-del-diablo","status":"publish","type":"page","link":"https:\/\/www.lirapopular.cl\/lirapopularxix\/el-hundimiento-del-cerro-negro-aparicion-del-diablo\/","title":{"rendered":"EL HUNDIMIENTO DEL CERRO NEGRO <br>APARICION DEL DIABLO"},"content":{"rendered":"\n<div class=\"wp-block-image\"><figure class=\"alignright\"><a href=\"https:\/\/www.lirapopular.cl\/lirapopularxix\/wp-content\/uploads\/2019\/10\/520.jpg\"><img loading=\"lazy\" decoding=\"async\" width=\"218\" height=\"300\" src=\"https:\/\/www.lirapopular.cl\/lirapopularxix\/wp-content\/uploads\/2019\/10\/520-218x300.jpg\" alt=\"\" class=\"wp-image-4145\" srcset=\"https:\/\/www.lirapopular.cl\/lirapopularxix\/wp-content\/uploads\/2019\/10\/520-218x300.jpg 218w, https:\/\/www.lirapopular.cl\/lirapopularxix\/wp-content\/uploads\/2019\/10\/520.jpg 727w\" sizes=\"auto, (max-width: 218px) 100vw, 218px\" \/><\/a><figcaption>Colecci\u00f3n Lira Popular de la <br>Universidad de Chile<\/figcaption><\/figure><\/div>\n\n\n\n<p>Autor: El Loro (Nuevo poeta)<br>Impresor: Sin informaci\u00f3n<br>Tama\u00f1o: 37,9 x 53,4 cm<br>Clasificaci\u00f3n: 520 L868h Caja N\u00b06b, BN C\u00f3digo: LO0012025<\/p>\n\n\n\n<ul class=\"wp-block-list\"><li><a href=\"https:\/\/www.lirapopular.cl\/lirapopularxix\/2019\/10\/21\/el-hundimiento-del-cerro-negro-i-la-aparicion-del-diablo\/\">El hundimiento del cerro Negro y la aparici\u00f3n del diablo<\/a><\/li><li><a href=\"https:\/\/www.lirapopular.cl\/lirapopularxix\/2019\/10\/21\/delirio\/\">Delirio<\/a><\/li><li><a href=\"https:\/\/www.lirapopular.cl\/lirapopularxix\/2019\/10\/21\/el-canto\/\">El canto<\/a><\/li><li><a href=\"https:\/\/www.lirapopular.cl\/lirapopularxix\/2019\/10\/21\/despedida\/\">Despedida<\/a><\/li><li><a href=\"https:\/\/www.lirapopular.cl\/lirapopularxix\/2019\/10\/21\/el-reloj-de-la-pasion\/\">El reloj de la Pasi\u00f3n<\/a><\/li><\/ul>\n\n\n\n<p>Nota: El 1er ejemplar tiene escrito a mano con l\u00e1piz rojo \u201c520\u201d. Aparece tres veces manuscrito: &#8220;del peruano&#8221;<br>El 2\u00ba ejemplar tiene escrito a mano con l\u00e1piz azul \u201c8\u201d y con un timbre &#8220;186&#8221;.<br>Documentos optimizados digitalmente.<\/p>\n\n\n\n<div class=\"wp-block-image\"><figure class=\"alignright size-medium\"><a href=\"https:\/\/www.lirapopular.cl\/lirapopularxix\/wp-content\/uploads\/2020\/08\/LO0012025.jpg\"><img loading=\"lazy\" decoding=\"async\" width=\"209\" height=\"300\" src=\"https:\/\/www.lirapopular.cl\/lirapopularxix\/wp-content\/uploads\/2020\/08\/LO0012025-209x300.jpg\" alt=\"\" class=\"wp-image-11273\" srcset=\"https:\/\/www.lirapopular.cl\/lirapopularxix\/wp-content\/uploads\/2020\/08\/LO0012025-209x300.jpg 209w, https:\/\/www.lirapopular.cl\/lirapopularxix\/wp-content\/uploads\/2020\/08\/LO0012025.jpg 695w\" sizes=\"auto, (max-width: 209px) 100vw, 209px\" \/><\/a><figcaption>Archivo de Literatura Oral<br>Fondo Rodolfo Lenz<\/figcaption><\/figure><\/div>\n","protected":false},"excerpt":{"rendered":"<p>Autor: El Loro (Nuevo poeta)Impresor: Sin informaci\u00f3nTama\u00f1o: 37,9 x 53,4 cmClasificaci\u00f3n: 520 L868h Caja N\u00b06b, BN C\u00f3digo: LO0012025 El hundimiento del cerro Negro y la aparici\u00f3n del diablo Delirio El canto Despedida El reloj de la Pasi\u00f3n Nota: El 1er ejemplar tiene escrito a mano con l\u00e1piz rojo \u201c520\u201d. Aparece tres veces manuscrito: &#8220;del peruano&#8221;El [&hellip;]<\/p>\n","protected":false},"author":1,"featured_media":0,"parent":0,"menu_order":0,"comment_status":"closed","ping_status":"closed","template":"","meta":{"footnotes":""},"class_list":["post-4144","page","type-page","status-publish","hentry"],"jetpack_sharing_enabled":true,"_links":{"self":[{"href":"https:\/\/www.lirapopular.cl\/lirapopularxix\/wp-json\/wp\/v2\/pages\/4144","targetHints":{"allow":["GET"]}}],"collection":[{"href":"https:\/\/www.lirapopular.cl\/lirapopularxix\/wp-json\/wp\/v2\/pages"}],"about":[{"href":"https:\/\/www.lirapopular.cl\/lirapopularxix\/wp-json\/wp\/v2\/types\/page"}],"author":[{"embeddable":true,"href":"https:\/\/www.lirapopular.cl\/lirapopularxix\/wp-json\/wp\/v2\/users\/1"}],"replies":[{"embeddable":true,"href":"https:\/\/www.lirapopular.cl\/lirapopularxix\/wp-json\/wp\/v2\/comments?post=4144"}],"version-history":[{"count":0,"href":"https:\/\/www.lirapopular.cl\/lirapopularxix\/wp-json\/wp\/v2\/pages\/4144\/revisions"}],"wp:attachment":[{"href":"https:\/\/www.lirapopular.cl\/lirapopularxix\/wp-json\/wp\/v2\/media?parent=4144"}],"curies":[{"name":"wp","href":"https:\/\/api.w.org\/{rel}","templated":true}]}}