{"id":4125,"date":"2019-10-19T19:46:06","date_gmt":"2019-10-19T23:46:06","guid":{"rendered":"https:\/\/www.lirapopular.cl\/lirapopularxix\/?page_id=4125"},"modified":"2019-10-19T19:46:06","modified_gmt":"2019-10-19T23:46:06","slug":"los-14-presos-desterrados","status":"publish","type":"page","link":"https:\/\/www.lirapopular.cl\/lirapopularxix\/los-14-presos-desterrados\/","title":{"rendered":"LOS 14 PRESOS DESTERRADOS"},"content":{"rendered":"\n<div class=\"wp-block-image\"><figure class=\"alignright\"><a href=\"https:\/\/www.lirapopular.cl\/lirapopularxix\/wp-content\/uploads\/2019\/10\/519.jpg\"><img loading=\"lazy\" decoding=\"async\" width=\"218\" height=\"300\" src=\"https:\/\/www.lirapopular.cl\/lirapopularxix\/wp-content\/uploads\/2019\/10\/519-218x300.jpg\" alt=\"\" class=\"wp-image-4126\" srcset=\"https:\/\/www.lirapopular.cl\/lirapopularxix\/wp-content\/uploads\/2019\/10\/519-218x300.jpg 218w, https:\/\/www.lirapopular.cl\/lirapopularxix\/wp-content\/uploads\/2019\/10\/519.jpg 727w\" sizes=\"auto, (max-width: 218px) 100vw, 218px\" \/><\/a><figcaption>Colecci\u00f3n Lira Popular de la Universidad de Chile<\/figcaption><\/figure><\/div>\n\n\n\n<p>Autor: El Loro<br>Impresor: Sin informaci\u00f3n<br>Tama\u00f1o: 37,6 x 53,2 cm<br>Clasificaci\u00f3n: 519 L868l Caja N\u00b06b<\/p>\n\n\n\n<ul class=\"wp-block-list\"><li><a href=\"https:\/\/www.lirapopular.cl\/lirapopularxix\/2019\/10\/19\/los-14-desterrados-por-el-complot\/\">Los 14 desterrados por el complot<\/a><\/li><li><a href=\"https:\/\/www.lirapopular.cl\/lirapopularxix\/2019\/10\/19\/definicion-del-amor\/\">Definici\u00f3n del amor<\/a><\/li><li><a href=\"https:\/\/www.lirapopular.cl\/lirapopularxix\/2019\/10\/19\/descripcion-del-cielo\/\">Descripci\u00f3n del cielo<\/a><\/li><li><a href=\"https:\/\/www.lirapopular.cl\/lirapopularxix\/2019\/10\/19\/el-muerto-resucitado-en-el-cementerio\/\">El muerto resucitado en el cementerio <\/a><\/li><li><a href=\"https:\/\/www.lirapopular.cl\/lirapopularxix\/2019\/10\/19\/preguntas-para-los-diablos\/\">Preguntas para los diablos<\/a><\/li><\/ul>\n\n\n\n<p>Nota: Este ejemplar tiene escrito a mano con l\u00e1piz rojo \u201c519\u201d<\/p>\n","protected":false},"excerpt":{"rendered":"<p>Autor: El LoroImpresor: Sin informaci\u00f3nTama\u00f1o: 37,6 x 53,2 cmClasificaci\u00f3n: 519 L868l Caja N\u00b06b Los 14 desterrados por el complot Definici\u00f3n del amor Descripci\u00f3n del cielo El muerto resucitado en el cementerio Preguntas para los diablos Nota: Este ejemplar tiene escrito a mano con l\u00e1piz rojo \u201c519\u201d<\/p>\n","protected":false},"author":1,"featured_media":0,"parent":0,"menu_order":0,"comment_status":"closed","ping_status":"closed","template":"","meta":{"footnotes":""},"class_list":["post-4125","page","type-page","status-publish","hentry"],"jetpack_sharing_enabled":true,"_links":{"self":[{"href":"https:\/\/www.lirapopular.cl\/lirapopularxix\/wp-json\/wp\/v2\/pages\/4125","targetHints":{"allow":["GET"]}}],"collection":[{"href":"https:\/\/www.lirapopular.cl\/lirapopularxix\/wp-json\/wp\/v2\/pages"}],"about":[{"href":"https:\/\/www.lirapopular.cl\/lirapopularxix\/wp-json\/wp\/v2\/types\/page"}],"author":[{"embeddable":true,"href":"https:\/\/www.lirapopular.cl\/lirapopularxix\/wp-json\/wp\/v2\/users\/1"}],"replies":[{"embeddable":true,"href":"https:\/\/www.lirapopular.cl\/lirapopularxix\/wp-json\/wp\/v2\/comments?post=4125"}],"version-history":[{"count":0,"href":"https:\/\/www.lirapopular.cl\/lirapopularxix\/wp-json\/wp\/v2\/pages\/4125\/revisions"}],"wp:attachment":[{"href":"https:\/\/www.lirapopular.cl\/lirapopularxix\/wp-json\/wp\/v2\/media?parent=4125"}],"curies":[{"name":"wp","href":"https:\/\/api.w.org\/{rel}","templated":true}]}}