{"id":4084,"date":"2019-10-18T20:30:50","date_gmt":"2019-10-19T00:30:50","guid":{"rendered":"https:\/\/www.lirapopular.cl\/lirapopularxix\/?page_id=4084"},"modified":"2019-10-18T20:30:50","modified_gmt":"2019-10-19T00:30:50","slug":"declaraciones-de-los-reos","status":"publish","type":"page","link":"https:\/\/www.lirapopular.cl\/lirapopularxix\/declaraciones-de-los-reos\/","title":{"rendered":"DECLARACIONES <br>DE LOS REOS"},"content":{"rendered":"\n<div class=\"wp-block-image\"><figure class=\"alignright size-medium\"><a href=\"https:\/\/www.lirapopular.cl\/lirapopularxix\/wp-content\/uploads\/2020\/03\/516.jpg\"><img loading=\"lazy\" decoding=\"async\" width=\"215\" height=\"300\" src=\"https:\/\/www.lirapopular.cl\/lirapopularxix\/wp-content\/uploads\/2020\/03\/516-215x300.jpg\" alt=\"\" class=\"wp-image-7776\" srcset=\"https:\/\/www.lirapopular.cl\/lirapopularxix\/wp-content\/uploads\/2020\/03\/516-215x300.jpg 215w, https:\/\/www.lirapopular.cl\/lirapopularxix\/wp-content\/uploads\/2020\/03\/516.jpg 717w\" sizes=\"auto, (max-width: 215px) 100vw, 215px\" \/><\/a><figcaption>Colecci\u00f3n Lira Popular de la Universidad de Chile<\/figcaption><\/figure><\/div>\n\n\n\n<p>Autor: El Loro (Nuevo poeta)<br>Impresor: Sin informaci\u00f3n<br>Tama\u00f1o: 37,8 x 53,4 cm<br>Clasificaci\u00f3n: 516 L868d Caja N\u00b06b<\/p>\n\n\n\n<ul class=\"wp-block-list\"><li><a href=\"https:\/\/www.lirapopular.cl\/lirapopularxix\/2021\/01\/19\/declaraciones-de-los-presos-de-la-artilleria-2\/\">Declaraciones de los presos de la artiller\u00eda<\/a><\/li><li><a href=\"https:\/\/www.lirapopular.cl\/lirapopularxix\/2021\/01\/19\/denuncios-i-precaucionesde-las-autoridades\/\">Denuncios y precauciones de las autoridades<\/a><\/li><li><a href=\"https:\/\/www.lirapopular.cl\/lirapopularxix\/2021\/01\/19\/los-muertosexibidos-en-la-morgue\/\">Los muertos exhibidos en la Morgue<\/a><\/li><li><a href=\"https:\/\/www.lirapopular.cl\/lirapopularxix\/2021\/01\/19\/recompensasal-alferez-silva-i-soldado-retamal\/\">Recompensas al alf\u00e9rez Silva y al soldado Retamal<\/a><\/li><li><a href=\"https:\/\/www.lirapopular.cl\/lirapopularxix\/2021\/01\/19\/desafio-a-una-dama\/\">Desaf\u00edo a una dama<\/a><\/li><\/ul>\n\n\n\n<p>Nota: Este ejemplar tiene escrito a mano con l\u00e1piz rojo \u201c516\u201d<br>Documento mal escaneado y poco legible.<br>Documento optimizado digitalmente.<\/p>\n","protected":false},"excerpt":{"rendered":"<p>Autor: El Loro (Nuevo poeta)Impresor: Sin informaci\u00f3nTama\u00f1o: 37,8 x 53,4 cmClasificaci\u00f3n: 516 L868d Caja N\u00b06b Declaraciones de los presos de la artiller\u00eda Denuncios y precauciones de las autoridades Los muertos exhibidos en la Morgue Recompensas al alf\u00e9rez Silva y al soldado Retamal Desaf\u00edo a una dama Nota: Este ejemplar tiene escrito a mano con l\u00e1piz [&hellip;]<\/p>\n","protected":false},"author":1,"featured_media":0,"parent":0,"menu_order":0,"comment_status":"closed","ping_status":"closed","template":"","meta":{"footnotes":""},"class_list":["post-4084","page","type-page","status-publish","hentry"],"jetpack_sharing_enabled":true,"_links":{"self":[{"href":"https:\/\/www.lirapopular.cl\/lirapopularxix\/wp-json\/wp\/v2\/pages\/4084","targetHints":{"allow":["GET"]}}],"collection":[{"href":"https:\/\/www.lirapopular.cl\/lirapopularxix\/wp-json\/wp\/v2\/pages"}],"about":[{"href":"https:\/\/www.lirapopular.cl\/lirapopularxix\/wp-json\/wp\/v2\/types\/page"}],"author":[{"embeddable":true,"href":"https:\/\/www.lirapopular.cl\/lirapopularxix\/wp-json\/wp\/v2\/users\/1"}],"replies":[{"embeddable":true,"href":"https:\/\/www.lirapopular.cl\/lirapopularxix\/wp-json\/wp\/v2\/comments?post=4084"}],"version-history":[{"count":0,"href":"https:\/\/www.lirapopular.cl\/lirapopularxix\/wp-json\/wp\/v2\/pages\/4084\/revisions"}],"wp:attachment":[{"href":"https:\/\/www.lirapopular.cl\/lirapopularxix\/wp-json\/wp\/v2\/media?parent=4084"}],"curies":[{"name":"wp","href":"https:\/\/api.w.org\/{rel}","templated":true}]}}