{"id":407,"date":"2019-06-09T01:38:06","date_gmt":"2019-06-09T05:38:06","guid":{"rendered":"https:\/\/www.lirapopular.cl\/lirapopularxix\/?page_id=407"},"modified":"2019-06-09T01:38:06","modified_gmt":"2019-06-09T05:38:06","slug":"versos-del-nino-dios","status":"publish","type":"page","link":"https:\/\/www.lirapopular.cl\/lirapopularxix\/versos-del-nino-dios\/","title":{"rendered":"Versos del Ni\u00f1o Dios"},"content":{"rendered":"\n<div class=\"wp-block-image\"><figure class=\"alignright\"><a href=\"https:\/\/www.lirapopular.cl\/lirapopularxix\/wp-content\/uploads\/2019\/06\/355.jpg\"><img loading=\"lazy\" decoding=\"async\" width=\"214\" height=\"300\" src=\"https:\/\/www.lirapopular.cl\/lirapopularxix\/wp-content\/uploads\/2019\/06\/355-214x300.jpg\" alt=\"\" class=\"wp-image-408\" srcset=\"https:\/\/www.lirapopular.cl\/lirapopularxix\/wp-content\/uploads\/2019\/06\/355-214x300.jpg 214w, https:\/\/www.lirapopular.cl\/lirapopularxix\/wp-content\/uploads\/2019\/06\/355.jpg 712w\" sizes=\"auto, (max-width: 214px) 100vw, 214px\" \/><\/a><figcaption>Colecci\u00f3n Lira Popular de la Universidad de Chile<\/figcaption><\/figure><\/div>\n\n\n\n<p>Autor: J. Hip\u00f3lito Cordero, calle de Benavente Num. 24.<br>Impresor: Sin informaci\u00f3n.<br>Tama\u00f1o: 26 x 37,5 cm<br>Clasificaci\u00f3n: 355 C794n Caja N\u00b01b<\/p>\n\n\n\n<ul class=\"wp-block-list\"><li><a href=\"https:\/\/www.lirapopular.cl\/lirapopularxix\/2019\/06\/09\/1a-noche\/\">1\u00aa noche<\/a><\/li><li><a href=\"https:\/\/www.lirapopular.cl\/lirapopularxix\/2019\/06\/09\/2a-noche\/\">2\u00aa noche<\/a><\/li><li><a href=\"https:\/\/www.lirapopular.cl\/lirapopularxix\/2019\/06\/09\/3a-noche\/\">3\u00aa noche<\/a><\/li><li><a href=\"https:\/\/www.lirapopular.cl\/lirapopularxix\/2019\/06\/09\/4a-noche\/\">4\u00aa noche<\/a><\/li><li><a href=\"https:\/\/www.lirapopular.cl\/lirapopularxix\/2019\/06\/09\/5a-noche\/\">5\u00aa noche<\/a><\/li><li><a href=\"https:\/\/www.lirapopular.cl\/lirapopularxix\/2019\/06\/09\/6a-noche\/\">6\u00aa noche<\/a><\/li><li><a href=\"https:\/\/www.lirapopular.cl\/lirapopularxix\/2019\/06\/09\/7a-noche\/\">7\u00aa noche<\/a><\/li><li><a href=\"https:\/\/www.lirapopular.cl\/lirapopularxix\/2019\/06\/09\/8a-noche\/\">8\u00aa noche<\/a><\/li><li><a href=\"https:\/\/www.lirapopular.cl\/lirapopularxix\/2019\/06\/09\/9a-noche\/\">9\u00aa noche<\/a><\/li><li><a href=\"https:\/\/www.lirapopular.cl\/lirapopularxix\/2019\/06\/09\/nuevoplan-de-los-dictatoriales-paraasaltar-el-poder\/\">Nuevo plan de los dictatoriales<\/a><\/li><\/ul>\n\n\n\n<p>Nota: Este ejemplar tiene escrito a mano con l\u00e1piz azul \u201c355\u201d.<\/p>\n","protected":false},"excerpt":{"rendered":"<p>Autor: J. Hip\u00f3lito Cordero, calle de Benavente Num. 24.Impresor: Sin informaci\u00f3n.Tama\u00f1o: 26 x 37,5 cmClasificaci\u00f3n: 355 C794n Caja N\u00b01b 1\u00aa noche 2\u00aa noche 3\u00aa noche 4\u00aa noche 5\u00aa noche 6\u00aa noche 7\u00aa noche 8\u00aa noche 9\u00aa noche Nuevo plan de los dictatoriales Nota: Este ejemplar tiene escrito a mano con l\u00e1piz azul \u201c355\u201d.<\/p>\n","protected":false},"author":1,"featured_media":0,"parent":0,"menu_order":0,"comment_status":"closed","ping_status":"closed","template":"","meta":{"footnotes":""},"class_list":["post-407","page","type-page","status-publish","hentry"],"jetpack_sharing_enabled":true,"_links":{"self":[{"href":"https:\/\/www.lirapopular.cl\/lirapopularxix\/wp-json\/wp\/v2\/pages\/407","targetHints":{"allow":["GET"]}}],"collection":[{"href":"https:\/\/www.lirapopular.cl\/lirapopularxix\/wp-json\/wp\/v2\/pages"}],"about":[{"href":"https:\/\/www.lirapopular.cl\/lirapopularxix\/wp-json\/wp\/v2\/types\/page"}],"author":[{"embeddable":true,"href":"https:\/\/www.lirapopular.cl\/lirapopularxix\/wp-json\/wp\/v2\/users\/1"}],"replies":[{"embeddable":true,"href":"https:\/\/www.lirapopular.cl\/lirapopularxix\/wp-json\/wp\/v2\/comments?post=407"}],"version-history":[{"count":0,"href":"https:\/\/www.lirapopular.cl\/lirapopularxix\/wp-json\/wp\/v2\/pages\/407\/revisions"}],"wp:attachment":[{"href":"https:\/\/www.lirapopular.cl\/lirapopularxix\/wp-json\/wp\/v2\/media?parent=407"}],"curies":[{"name":"wp","href":"https:\/\/api.w.org\/{rel}","templated":true}]}}