{"id":3988,"date":"2019-10-13T13:56:58","date_gmt":"2019-10-13T17:56:58","guid":{"rendered":"https:\/\/www.lirapopular.cl\/lirapopularxix\/?page_id=3988"},"modified":"2019-10-13T13:56:58","modified_gmt":"2019-10-13T17:56:58","slug":"un-marinero-chileno-mata-a-una-gringa-por-amor","status":"publish","type":"page","link":"https:\/\/www.lirapopular.cl\/lirapopularxix\/un-marinero-chileno-mata-a-una-gringa-por-amor\/","title":{"rendered":"UN MARINERO CHILENO <br>MATA A UNA GRINGA POR AMOR"},"content":{"rendered":"\n<div class=\"wp-block-image\"><figure class=\"alignright\"><a href=\"https:\/\/www.lirapopular.cl\/lirapopularxix\/wp-content\/uploads\/2019\/10\/512.jpg\"><img loading=\"lazy\" decoding=\"async\" width=\"218\" height=\"300\" src=\"https:\/\/www.lirapopular.cl\/lirapopularxix\/wp-content\/uploads\/2019\/10\/512-218x300.jpg\" alt=\"\" class=\"wp-image-3989\" srcset=\"https:\/\/www.lirapopular.cl\/lirapopularxix\/wp-content\/uploads\/2019\/10\/512-218x300.jpg 218w, https:\/\/www.lirapopular.cl\/lirapopularxix\/wp-content\/uploads\/2019\/10\/512.jpg 727w\" sizes=\"auto, (max-width: 218px) 100vw, 218px\" \/><\/a><figcaption>Colecci\u00f3n Lira Popular de la <br>Universidad de Chile<\/figcaption><\/figure><\/div>\n\n\n\n<p>Autor: El Loro (Nuevo poeta)<br>Impresor: Sin informaci\u00f3n<br>Tama\u00f1o: 37,5 x 53,1 cm<br>Clasificaci\u00f3n: 512 L868m Caja N\u00b06b, BN C\u00f3digo:&nbsp;LO0012020<\/p>\n\n\n\n<ul class=\"wp-block-list\"><li><a href=\"https:\/\/www.lirapopular.cl\/lirapopularxix\/2019\/10\/13\/el-marinero-chileno-que-mato-una-nina-inglesa-por-que-no-se-caso-con-el\/\">El marinero chileno que mat\u00f3 una ni\u00f1a inglesa por que no se cas\u00f3 con el<\/a><\/li><li><a href=\"https:\/\/www.lirapopular.cl\/lirapopularxix\/2019\/10\/13\/remedio-para-no-morirse\/\">Remedio para no morirse<\/a><\/li><li><a href=\"https:\/\/www.lirapopular.cl\/lirapopularxix\/2019\/10\/13\/desengano-de-amor-2\/\">Desenga\u00f1o de amor<\/a><\/li><li><a href=\"https:\/\/www.lirapopular.cl\/lirapopularxix\/2019\/10\/13\/contestacion-a-mis-preguntas\/\">Contestaci\u00f3n a mis preguntas <\/a><\/li><li><a href=\"https:\/\/www.lirapopular.cl\/lirapopularxix\/2019\/10\/13\/solucion-a-mi-charada-anterior\/\">Soluci\u00f3n a mi charada anterior<\/a><\/li><li><a href=\"https:\/\/www.lirapopular.cl\/lirapopularxix\/2019\/10\/13\/la-huasita-2\/\">La huasita<\/a><\/li><\/ul>\n\n\n\n<p>Nota: El 1er ejemplar tiene escrito a mano con l\u00e1piz rojo \u201c512\u201d<br>Sobre un verso aparece texto manuscrito: &#8220;ajeno&#8221;<br>El 2\u00ba ejemplar tiene escrito a mano con l\u00e1piz rojo \u201c-20-\u201d, con l\u00e1piz azul &#8220;58&#8221; &#8220;1&#8221;, &#8220;2&#8221;, &#8220;3&#8221;, &#8220;4&#8221;, &#8220;5&#8221;, &#8220;6&#8221;, con l\u00e1piz grafito &#8220;5&#8221; y con un timbre &#8220;183&#8221;.<br>Documentos optimizados digitalmente.<\/p>\n\n\n\n<div class=\"wp-block-image\"><figure class=\"alignright size-medium\"><a href=\"https:\/\/www.lirapopular.cl\/lirapopularxix\/wp-content\/uploads\/2020\/08\/LO0012020.jpg\"><img loading=\"lazy\" decoding=\"async\" width=\"207\" height=\"300\" src=\"https:\/\/www.lirapopular.cl\/lirapopularxix\/wp-content\/uploads\/2020\/08\/LO0012020-207x300.jpg\" alt=\"\" class=\"wp-image-11303\" srcset=\"https:\/\/www.lirapopular.cl\/lirapopularxix\/wp-content\/uploads\/2020\/08\/LO0012020-207x300.jpg 207w, https:\/\/www.lirapopular.cl\/lirapopularxix\/wp-content\/uploads\/2020\/08\/LO0012020.jpg 690w\" sizes=\"auto, (max-width: 207px) 100vw, 207px\" \/><\/a><figcaption>Archivo de Literatura Oral<br>Fondo Rodolfo Lenz<\/figcaption><\/figure><\/div>\n","protected":false},"excerpt":{"rendered":"<p>Autor: El Loro (Nuevo poeta)Impresor: Sin informaci\u00f3nTama\u00f1o: 37,5 x 53,1 cmClasificaci\u00f3n: 512 L868m Caja N\u00b06b, BN C\u00f3digo:&nbsp;LO0012020 El marinero chileno que mat\u00f3 una ni\u00f1a inglesa por que no se cas\u00f3 con el Remedio para no morirse Desenga\u00f1o de amor Contestaci\u00f3n a mis preguntas Soluci\u00f3n a mi charada anterior La huasita Nota: El 1er ejemplar tiene [&hellip;]<\/p>\n","protected":false},"author":1,"featured_media":0,"parent":0,"menu_order":0,"comment_status":"closed","ping_status":"closed","template":"","meta":{"footnotes":""},"class_list":["post-3988","page","type-page","status-publish","hentry"],"jetpack_sharing_enabled":true,"_links":{"self":[{"href":"https:\/\/www.lirapopular.cl\/lirapopularxix\/wp-json\/wp\/v2\/pages\/3988","targetHints":{"allow":["GET"]}}],"collection":[{"href":"https:\/\/www.lirapopular.cl\/lirapopularxix\/wp-json\/wp\/v2\/pages"}],"about":[{"href":"https:\/\/www.lirapopular.cl\/lirapopularxix\/wp-json\/wp\/v2\/types\/page"}],"author":[{"embeddable":true,"href":"https:\/\/www.lirapopular.cl\/lirapopularxix\/wp-json\/wp\/v2\/users\/1"}],"replies":[{"embeddable":true,"href":"https:\/\/www.lirapopular.cl\/lirapopularxix\/wp-json\/wp\/v2\/comments?post=3988"}],"version-history":[{"count":0,"href":"https:\/\/www.lirapopular.cl\/lirapopularxix\/wp-json\/wp\/v2\/pages\/3988\/revisions"}],"wp:attachment":[{"href":"https:\/\/www.lirapopular.cl\/lirapopularxix\/wp-json\/wp\/v2\/media?parent=3988"}],"curies":[{"name":"wp","href":"https:\/\/api.w.org\/{rel}","templated":true}]}}