{"id":3959,"date":"2019-10-13T11:25:07","date_gmt":"2019-10-13T15:25:07","guid":{"rendered":"https:\/\/www.lirapopular.cl\/lirapopularxix\/?page_id=3959"},"modified":"2019-10-13T11:25:07","modified_gmt":"2019-10-13T15:25:07","slug":"el-panadero-que-mato-al-marido-y-la-mujer","status":"publish","type":"page","link":"https:\/\/www.lirapopular.cl\/lirapopularxix\/el-panadero-que-mato-al-marido-y-la-mujer\/","title":{"rendered":"EL PANADERO QUE MATO <br>AL MARIDO Y LA MUJER"},"content":{"rendered":"\n<div class=\"wp-block-image\"><figure class=\"alignright\"><a href=\"https:\/\/www.lirapopular.cl\/lirapopularxix\/wp-content\/uploads\/2019\/10\/511.jpg\"><img loading=\"lazy\" decoding=\"async\" width=\"218\" height=\"300\" src=\"https:\/\/www.lirapopular.cl\/lirapopularxix\/wp-content\/uploads\/2019\/10\/511-218x300.jpg\" alt=\"\" class=\"wp-image-3960\" srcset=\"https:\/\/www.lirapopular.cl\/lirapopularxix\/wp-content\/uploads\/2019\/10\/511-218x300.jpg 218w, https:\/\/www.lirapopular.cl\/lirapopularxix\/wp-content\/uploads\/2019\/10\/511.jpg 727w\" sizes=\"auto, (max-width: 218px) 100vw, 218px\" \/><\/a><figcaption>Colecci\u00f3n Lira Popular de la <br>Universidad de Chile<\/figcaption><\/figure><\/div>\n\n\n\n<p>Autor: El Loro (Nuevo poeta)<br>Impresor: Sin informaci\u00f3n <br>Tama\u00f1o: 37,6 x 53,3 cm<br>Clasificaci\u00f3n: 511 L868 Caja N\u00b06b, BN C\u00f3digo:&nbsp;LO0012026, BN C\u00f3digo:&nbsp;LO0012660<\/p>\n\n\n\n<ul class=\"wp-block-list\"><li><a href=\"https:\/\/www.lirapopular.cl\/lirapopularxix\/2019\/10\/13\/el-panadero-que-mato-al-marido-de-la-mujer-en-la-acequia-grande\/\">El panadero que mat\u00f3 al marido de la mujer en la acequia grande<\/a><\/li><li><a href=\"https:\/\/www.lirapopular.cl\/lirapopularxix\/2019\/10\/13\/el-gabacho-que-mato-a-la-mujer-i-a-la-madre\/\">El gabacho que mat\u00f3 a la mujer y a la madre<\/a><\/li><li><a href=\"https:\/\/www.lirapopular.cl\/lirapopularxix\/2019\/10\/13\/un-marido-celoso-mata-a-la-madre-i-al-hijo\/\">Un marido celoso mata a la madre y al hijo<\/a><\/li><li><a href=\"https:\/\/www.lirapopular.cl\/lirapopularxix\/2019\/10\/13\/terrible-lucha-entre-un-leon-i-un-hombre\/\">Terrible lucha entre un le\u00f3n y un hombre<\/a><\/li><li><a href=\"https:\/\/www.lirapopular.cl\/lirapopularxix\/2019\/10\/13\/las-aves\/\">Las aves<\/a><\/li><li><a href=\"https:\/\/www.lirapopular.cl\/lirapopularxix\/2019\/10\/13\/la-huasita\/\">La huasita<\/a><\/li><\/ul>\n\n\n\n<p><mark style=\"background-color:rgba(0, 0, 0, 0)\" class=\"has-inline-color has-white-color\">&#8211;<\/mark><\/p>\n\n\n\n<div class=\"wp-block-image\"><figure class=\"alignright size-medium\"><a href=\"https:\/\/www.lirapopular.cl\/lirapopularxix\/wp-content\/uploads\/2020\/08\/LO0012026.jpg\"><img loading=\"lazy\" decoding=\"async\" width=\"208\" height=\"300\" src=\"https:\/\/www.lirapopular.cl\/lirapopularxix\/wp-content\/uploads\/2020\/08\/LO0012026-208x300.jpg\" alt=\"\" class=\"wp-image-11283\" srcset=\"https:\/\/www.lirapopular.cl\/lirapopularxix\/wp-content\/uploads\/2020\/08\/LO0012026-208x300.jpg 208w, https:\/\/www.lirapopular.cl\/lirapopularxix\/wp-content\/uploads\/2020\/08\/LO0012026.jpg 692w\" sizes=\"auto, (max-width: 208px) 100vw, 208px\" \/><\/a><figcaption>Archivo de Literatura Oral<br>Fondo Rodolfo Lenz<\/figcaption><\/figure><\/div>\n\n\n\n<p>Nota: abril 1894. Dataci\u00f3n de las liras populares de la Colecci\u00f3n Lenz. Carolina Tapia.<br>El 1er ejemplar tiene escrito a mano con l\u00e1piz rojo \u201c511\u201d<br>Aparece texto manuscrito: \u201cdel peruano\u201d<br>El 2\u00ba ejemplar tiene escrito a mano con l\u00e1piz rojo \u201c-26-\u201d, con l\u00e1piz grafito &#8220;9&#8221; y con un timbre &#8220;187&#8221;.<br>El 3er ejemplar tiene escrito a mano con l\u00e1piz azul \u201c11\u201d y con plum\u00f3n &#8220;334&#8221;.<br>Documentos optimizados digitalmente.<\/p>\n\n\n\n<p><mark style=\"background-color:rgba(0, 0, 0, 0)\" class=\"has-inline-color has-white-color\">.<\/mark><\/p>\n\n\n\n<p><mark style=\"background-color:rgba(0, 0, 0, 0)\" class=\"has-inline-color has-white-color\">.<\/mark><\/p>\n\n\n\n<p><mark style=\"background-color:rgba(0, 0, 0, 0)\" class=\"has-inline-color has-white-color\">,<\/mark><\/p>\n\n\n\n<p><mark style=\"background-color:rgba(0, 0, 0, 0)\" class=\"has-inline-color has-white-color\">..<\/mark><\/p>\n\n\n\n<div class=\"wp-block-image\"><figure class=\"alignright size-medium\"><a href=\"https:\/\/www.lirapopular.cl\/lirapopularxix\/wp-content\/uploads\/2020\/08\/LO0012660.jpg\"><img decoding=\"async\" src=\"https:\/\/www.lirapopular.cl\/lirapopularxix\/wp-content\/uploads\/2020\/08\/LO0012660-300x195.jpg\" alt=\"\" class=\"wp-image-11289\"\/><\/a><figcaption>Archivo de Literatura Oral<br>Colecci\u00f3n Alamiro de \u00c1vila<\/figcaption><\/figure><\/div>\n","protected":false},"excerpt":{"rendered":"<p>Autor: El Loro (Nuevo poeta)Impresor: Sin informaci\u00f3n Tama\u00f1o: 37,6 x 53,3 cmClasificaci\u00f3n: 511 L868 Caja N\u00b06b, BN C\u00f3digo:&nbsp;LO0012026, BN C\u00f3digo:&nbsp;LO0012660 El panadero que mat\u00f3 al marido de la mujer en la acequia grande El gabacho que mat\u00f3 a la mujer y a la madre Un marido celoso mata a la madre y al hijo Terrible [&hellip;]<\/p>\n","protected":false},"author":1,"featured_media":0,"parent":0,"menu_order":0,"comment_status":"closed","ping_status":"closed","template":"","meta":{"footnotes":""},"class_list":["post-3959","page","type-page","status-publish","hentry"],"jetpack_sharing_enabled":true,"_links":{"self":[{"href":"https:\/\/www.lirapopular.cl\/lirapopularxix\/wp-json\/wp\/v2\/pages\/3959","targetHints":{"allow":["GET"]}}],"collection":[{"href":"https:\/\/www.lirapopular.cl\/lirapopularxix\/wp-json\/wp\/v2\/pages"}],"about":[{"href":"https:\/\/www.lirapopular.cl\/lirapopularxix\/wp-json\/wp\/v2\/types\/page"}],"author":[{"embeddable":true,"href":"https:\/\/www.lirapopular.cl\/lirapopularxix\/wp-json\/wp\/v2\/users\/1"}],"replies":[{"embeddable":true,"href":"https:\/\/www.lirapopular.cl\/lirapopularxix\/wp-json\/wp\/v2\/comments?post=3959"}],"version-history":[{"count":0,"href":"https:\/\/www.lirapopular.cl\/lirapopularxix\/wp-json\/wp\/v2\/pages\/3959\/revisions"}],"wp:attachment":[{"href":"https:\/\/www.lirapopular.cl\/lirapopularxix\/wp-json\/wp\/v2\/media?parent=3959"}],"curies":[{"name":"wp","href":"https:\/\/api.w.org\/{rel}","templated":true}]}}