{"id":3938,"date":"2019-10-12T10:43:52","date_gmt":"2019-10-12T14:43:52","guid":{"rendered":"https:\/\/www.lirapopular.cl\/lirapopularxix\/?page_id=3938"},"modified":"2019-10-12T10:43:52","modified_gmt":"2019-10-12T14:43:52","slug":"el-municipal-asesinado-por-el-hijo-y-el-yerno","status":"publish","type":"page","link":"https:\/\/www.lirapopular.cl\/lirapopularxix\/el-municipal-asesinado-por-el-hijo-y-el-yerno\/","title":{"rendered":"EL MUNICIPAL ASESINADO <br>POR EL HIJO Y EL YERNO"},"content":{"rendered":"\n<div class=\"wp-block-image\"><figure class=\"alignright\"><a href=\"https:\/\/www.lirapopular.cl\/lirapopularxix\/wp-content\/uploads\/2019\/10\/510.jpg\"><img loading=\"lazy\" decoding=\"async\" width=\"218\" height=\"300\" src=\"https:\/\/www.lirapopular.cl\/lirapopularxix\/wp-content\/uploads\/2019\/10\/510-218x300.jpg\" alt=\"\" class=\"wp-image-3939\" srcset=\"https:\/\/www.lirapopular.cl\/lirapopularxix\/wp-content\/uploads\/2019\/10\/510-218x300.jpg 218w, https:\/\/www.lirapopular.cl\/lirapopularxix\/wp-content\/uploads\/2019\/10\/510.jpg 727w\" sizes=\"auto, (max-width: 218px) 100vw, 218px\" \/><\/a><figcaption>Colecci\u00f3n Lira Popular de la Universidad de Chile<\/figcaption><\/figure><\/div>\n\n\n\n<p>Autor: El Loro (Nuevo poeta)<br>Impresor: Sin informaci\u00f3n<br>Tama\u00f1o: 37,3 x 53,6 cm<br>Clasificaci\u00f3n: 510 V732m Caja N\u00b06b, BN C\u00f3digo:&nbsp;LO0012024<\/p>\n\n\n\n<ul class=\"wp-block-list\"><li><a href=\"https:\/\/www.lirapopular.cl\/lirapopularxix\/2019\/10\/13\/el-municipal-asesinado-por-dos-sirvientes-pagados-por-su-hijo-i-su-yerno\/\">El municipal asesinado por dos sirvientes pagados por su hijo y su yerno<\/a><\/li><li><a href=\"https:\/\/www.lirapopular.cl\/lirapopularxix\/2019\/10\/13\/el-salteo-del-huanaco-por-25-bandidos-3-muertos-y-heridos\/\">El salteo del Huanaco por 25 bandidos 3 muertos y heridos<\/a><\/li><li><a href=\"https:\/\/www.lirapopular.cl\/lirapopularxix\/2019\/10\/13\/el-ahorcado-en-la-calle-de-castro\/\">El ahorcado en la calle de Castro<\/a><\/li><li><a href=\"https:\/\/www.lirapopular.cl\/lirapopularxix\/2019\/10\/13\/gran-choque-de-trenes-3-muertos-y-20-heridos\/\">Gran choque de trenes 3 muertos y 20 heridos<\/a><\/li><li><a href=\"https:\/\/www.lirapopular.cl\/lirapopularxix\/2019\/10\/13\/las-3-muertes-hechas-por-3-toros-en-la-estacion\/\">Las 3 muertes hechas por 3 toros en la estaci\u00f3n<\/a><\/li><li><a href=\"https:\/\/www.lirapopular.cl\/lirapopularxix\/2019\/10\/13\/amor-resuelto\/\">Amor resuelto<\/a><\/li><\/ul>\n\n\n\n<p>Nota: abril 1894. Dataci\u00f3n de las liras populares de la Colecci\u00f3n Lenz. Carolina Tapia.El 1er ejemplar tiene escrito a mano con l\u00e1piz rojo \u201c510\u201d<br>Aparece texto manuscrito: &#8220;de un poeta peruano&#8221;.<br>El 2\u00ba ejemplar tiene escrito a mano con l\u00e1piz rojo \u201c-24-\u201d, con l\u00e1piz grafito &#8220;1\u00aa&#8221; y con un timbre &#8220;178&#8221;.<br>Documento optimizado digitalmente.<\/p>\n\n\n\n<div class=\"wp-block-image\"><figure class=\"alignright size-medium\"><a href=\"https:\/\/www.lirapopular.cl\/lirapopularxix\/wp-content\/uploads\/2020\/08\/LO0012024.jpg\"><img loading=\"lazy\" decoding=\"async\" width=\"209\" height=\"300\" src=\"https:\/\/www.lirapopular.cl\/lirapopularxix\/wp-content\/uploads\/2020\/08\/LO0012024-209x300.jpg\" alt=\"\" class=\"wp-image-11281\" srcset=\"https:\/\/www.lirapopular.cl\/lirapopularxix\/wp-content\/uploads\/2020\/08\/LO0012024-209x300.jpg 209w, https:\/\/www.lirapopular.cl\/lirapopularxix\/wp-content\/uploads\/2020\/08\/LO0012024.jpg 696w\" sizes=\"auto, (max-width: 209px) 100vw, 209px\" \/><\/a><figcaption>Archivo de Literatura Oral<br>Fondo Rodolfo Lenz<\/figcaption><\/figure><\/div>\n\n\n\n<p><br><\/p>\n","protected":false},"excerpt":{"rendered":"<p>Autor: El Loro (Nuevo poeta)Impresor: Sin informaci\u00f3nTama\u00f1o: 37,3 x 53,6 cmClasificaci\u00f3n: 510 V732m Caja N\u00b06b, BN C\u00f3digo:&nbsp;LO0012024 El municipal asesinado por dos sirvientes pagados por su hijo y su yerno El salteo del Huanaco por 25 bandidos 3 muertos y heridos El ahorcado en la calle de Castro Gran choque de trenes 3 muertos y [&hellip;]<\/p>\n","protected":false},"author":1,"featured_media":0,"parent":0,"menu_order":0,"comment_status":"closed","ping_status":"closed","template":"","meta":{"footnotes":""},"class_list":["post-3938","page","type-page","status-publish","hentry"],"jetpack_sharing_enabled":true,"_links":{"self":[{"href":"https:\/\/www.lirapopular.cl\/lirapopularxix\/wp-json\/wp\/v2\/pages\/3938","targetHints":{"allow":["GET"]}}],"collection":[{"href":"https:\/\/www.lirapopular.cl\/lirapopularxix\/wp-json\/wp\/v2\/pages"}],"about":[{"href":"https:\/\/www.lirapopular.cl\/lirapopularxix\/wp-json\/wp\/v2\/types\/page"}],"author":[{"embeddable":true,"href":"https:\/\/www.lirapopular.cl\/lirapopularxix\/wp-json\/wp\/v2\/users\/1"}],"replies":[{"embeddable":true,"href":"https:\/\/www.lirapopular.cl\/lirapopularxix\/wp-json\/wp\/v2\/comments?post=3938"}],"version-history":[{"count":0,"href":"https:\/\/www.lirapopular.cl\/lirapopularxix\/wp-json\/wp\/v2\/pages\/3938\/revisions"}],"wp:attachment":[{"href":"https:\/\/www.lirapopular.cl\/lirapopularxix\/wp-json\/wp\/v2\/media?parent=3938"}],"curies":[{"name":"wp","href":"https:\/\/api.w.org\/{rel}","templated":true}]}}