{"id":3881,"date":"2019-10-11T10:53:26","date_gmt":"2019-10-11T14:53:26","guid":{"rendered":"https:\/\/www.lirapopular.cl\/lirapopularxix\/?page_id=3881"},"modified":"2019-10-11T10:53:26","modified_gmt":"2019-10-11T14:53:26","slug":"fusilamiento-nueva-lei-magallanes-cartas","status":"publish","type":"page","link":"https:\/\/www.lirapopular.cl\/lirapopularxix\/fusilamiento-nueva-lei-magallanes-cartas\/","title":{"rendered":"FUSILAMIENTO, NUEVA LEY, MAGALLANES, CARTAS"},"content":{"rendered":"\n<div class=\"wp-block-image\"><figure class=\"alignright\"><a href=\"https:\/\/www.lirapopular.cl\/lirapopularxix\/wp-content\/uploads\/2019\/10\/627.jpg\"><img loading=\"lazy\" decoding=\"async\" width=\"300\" height=\"285\" src=\"https:\/\/www.lirapopular.cl\/lirapopularxix\/wp-content\/uploads\/2019\/10\/627-300x285.jpg\" alt=\"\" class=\"wp-image-3882\" srcset=\"https:\/\/www.lirapopular.cl\/lirapopularxix\/wp-content\/uploads\/2019\/10\/627-300x285.jpg 300w, https:\/\/www.lirapopular.cl\/lirapopularxix\/wp-content\/uploads\/2019\/10\/627-768x729.jpg 768w, https:\/\/www.lirapopular.cl\/lirapopularxix\/wp-content\/uploads\/2019\/10\/627.jpg 1000w\" sizes=\"auto, (max-width: 300px) 100vw, 300px\" \/><\/a><figcaption>Colecci\u00f3n Lira Popular de la Universidad de Chile<\/figcaption><\/figure><\/div>\n\n\n\n<p>Autor: Es propiedad del futre de las tres ZZZ<br>Para versos y cartas amorosas dirijirse al ajente R. Henr\u00edquez.\u2013Independencia 19d<br>Impresor: Sin informaci\u00f3n <br>Tama\u00f1o: 33 x 37 cm<br>Clasificaci\u00f3n: 627 F996 Caja N\u00b02a<\/p>\n\n\n\n<ul class=\"wp-block-list\"><li><a href=\"https:\/\/www.lirapopular.cl\/lirapopularxix\/2019\/10\/11\/fusilamiento-del-reo-faustino-palma-en-buin\/\">Fusilamiento del reo Faustino Palma, en Buin<\/a><\/li><li><a href=\"https:\/\/www.lirapopular.cl\/lirapopularxix\/2019\/10\/11\/versos-de-magallanes-y-la-arjentina\/\">Versos de Magallanes y la Arjentina.<\/a><\/li><li><a href=\"https:\/\/www.lirapopular.cl\/lirapopularxix\/2019\/10\/11\/lei-del-consejo-de-estado-obreros-y-no-esclavos\/\">Lei del consejo de Estado. Obreros y no esclavos<\/a><\/li><li><a href=\"https:\/\/www.lirapopular.cl\/lirapopularxix\/2019\/10\/11\/carta-a-don-jorje\/\">Carta a don Jorje<\/a><\/li><li><a href=\"https:\/\/www.lirapopular.cl\/lirapopularxix\/2019\/10\/11\/al-pueta-reyes\/\">Al pueta Reyes<\/a><\/li><\/ul>\n\n\n\n<p>Nota: Este ejemplar tiene escrito a mano con l\u00e1piz rojo \u201c627\u201d.<br>Documento optimizado digitalmente.<\/p>\n","protected":false},"excerpt":{"rendered":"<p>Autor: Es propiedad del futre de las tres ZZZPara versos y cartas amorosas dirijirse al ajente R. Henr\u00edquez.\u2013Independencia 19dImpresor: Sin informaci\u00f3n Tama\u00f1o: 33 x 37 cmClasificaci\u00f3n: 627 F996 Caja N\u00b02a Fusilamiento del reo Faustino Palma, en Buin Versos de Magallanes y la Arjentina. Lei del consejo de Estado. Obreros y no esclavos Carta a don [&hellip;]<\/p>\n","protected":false},"author":1,"featured_media":0,"parent":0,"menu_order":0,"comment_status":"closed","ping_status":"closed","template":"","meta":{"footnotes":""},"class_list":["post-3881","page","type-page","status-publish","hentry"],"jetpack_sharing_enabled":true,"_links":{"self":[{"href":"https:\/\/www.lirapopular.cl\/lirapopularxix\/wp-json\/wp\/v2\/pages\/3881","targetHints":{"allow":["GET"]}}],"collection":[{"href":"https:\/\/www.lirapopular.cl\/lirapopularxix\/wp-json\/wp\/v2\/pages"}],"about":[{"href":"https:\/\/www.lirapopular.cl\/lirapopularxix\/wp-json\/wp\/v2\/types\/page"}],"author":[{"embeddable":true,"href":"https:\/\/www.lirapopular.cl\/lirapopularxix\/wp-json\/wp\/v2\/users\/1"}],"replies":[{"embeddable":true,"href":"https:\/\/www.lirapopular.cl\/lirapopularxix\/wp-json\/wp\/v2\/comments?post=3881"}],"version-history":[{"count":0,"href":"https:\/\/www.lirapopular.cl\/lirapopularxix\/wp-json\/wp\/v2\/pages\/3881\/revisions"}],"wp:attachment":[{"href":"https:\/\/www.lirapopular.cl\/lirapopularxix\/wp-json\/wp\/v2\/media?parent=3881"}],"curies":[{"name":"wp","href":"https:\/\/api.w.org\/{rel}","templated":true}]}}