{"id":3856,"date":"2019-10-10T20:39:15","date_gmt":"2019-10-11T00:39:15","guid":{"rendered":"https:\/\/www.lirapopular.cl\/lirapopularxix\/?page_id=3856"},"modified":"2019-10-10T20:39:15","modified_gmt":"2019-10-11T00:39:15","slug":"indulto-y-fusilamientos-versos-a-balmaceda","status":"publish","type":"page","link":"https:\/\/www.lirapopular.cl\/lirapopularxix\/indulto-y-fusilamientos-versos-a-balmaceda\/","title":{"rendered":"INDULTO Y FUSILAMIENTOS <br>VERSOS A BALMACEDA"},"content":{"rendered":"\n<div class=\"wp-block-image\"><figure class=\"alignright\"><a href=\"https:\/\/www.lirapopular.cl\/lirapopularxix\/wp-content\/uploads\/2019\/10\/624.jpg\"><img loading=\"lazy\" decoding=\"async\" width=\"207\" height=\"300\" src=\"https:\/\/www.lirapopular.cl\/lirapopularxix\/wp-content\/uploads\/2019\/10\/624-207x300.jpg\" alt=\"\" class=\"wp-image-3857\" srcset=\"https:\/\/www.lirapopular.cl\/lirapopularxix\/wp-content\/uploads\/2019\/10\/624-207x300.jpg 207w, https:\/\/www.lirapopular.cl\/lirapopularxix\/wp-content\/uploads\/2019\/10\/624.jpg 690w\" sizes=\"auto, (max-width: 207px) 100vw, 207px\" \/><\/a><figcaption>Colecci\u00f3n Lira Popular de la Universidad de Chile<\/figcaption><\/figure><\/div>\n\n\n\n<p>Autor: El futre de las 3 ZZZ. <br>Es propiedad de El futre de las 3 ZZZ. Para versos y cartas amorosas dirijirse a Valparaiso, Independencia 19 d<br>Impresor: Sin informaci\u00f3n<br>Tama\u00f1o: 26,3 x 37,2 cm<br>Clasificaci\u00f3n: 624 F996i Caja N\u00b02a<\/p>\n\n\n\n<ul class=\"wp-block-list\"><li><a href=\"https:\/\/www.lirapopular.cl\/lirapopularxix\/2019\/10\/10\/cuatro-reos-fusilados\/\">Cuatro reos fusilados<\/a><\/li><li><a href=\"https:\/\/www.lirapopular.cl\/lirapopularxix\/2019\/10\/10\/a-balmaceda\/\">A Balmaceda<\/a><\/li><li><a href=\"https:\/\/www.lirapopular.cl\/lirapopularxix\/2019\/10\/10\/adolfo-reeles-po-extra\/\">Adolfo Relles (Po extra)<\/a><\/li><li><a href=\"https:\/\/www.lirapopular.cl\/lirapopularxix\/2019\/10\/10\/al-po-extra-relles\/\">Al po extra Relles<\/a><\/li><\/ul>\n\n\n\n<p>Nota: Este ejemplar tiene escrito a mano con l\u00e1piz rojo \u201c264\u201d<\/p>\n","protected":false},"excerpt":{"rendered":"<p>Autor: El futre de las 3 ZZZ. Es propiedad de El futre de las 3 ZZZ. Para versos y cartas amorosas dirijirse a Valparaiso, Independencia 19 dImpresor: Sin informaci\u00f3nTama\u00f1o: 26,3 x 37,2 cmClasificaci\u00f3n: 624 F996i Caja N\u00b02a Cuatro reos fusilados A Balmaceda Adolfo Relles (Po extra) Al po extra Relles Nota: Este ejemplar tiene escrito [&hellip;]<\/p>\n","protected":false},"author":1,"featured_media":0,"parent":0,"menu_order":0,"comment_status":"closed","ping_status":"closed","template":"","meta":{"footnotes":""},"class_list":["post-3856","page","type-page","status-publish","hentry"],"jetpack_sharing_enabled":true,"_links":{"self":[{"href":"https:\/\/www.lirapopular.cl\/lirapopularxix\/wp-json\/wp\/v2\/pages\/3856","targetHints":{"allow":["GET"]}}],"collection":[{"href":"https:\/\/www.lirapopular.cl\/lirapopularxix\/wp-json\/wp\/v2\/pages"}],"about":[{"href":"https:\/\/www.lirapopular.cl\/lirapopularxix\/wp-json\/wp\/v2\/types\/page"}],"author":[{"embeddable":true,"href":"https:\/\/www.lirapopular.cl\/lirapopularxix\/wp-json\/wp\/v2\/users\/1"}],"replies":[{"embeddable":true,"href":"https:\/\/www.lirapopular.cl\/lirapopularxix\/wp-json\/wp\/v2\/comments?post=3856"}],"version-history":[{"count":0,"href":"https:\/\/www.lirapopular.cl\/lirapopularxix\/wp-json\/wp\/v2\/pages\/3856\/revisions"}],"wp:attachment":[{"href":"https:\/\/www.lirapopular.cl\/lirapopularxix\/wp-json\/wp\/v2\/media?parent=3856"}],"curies":[{"name":"wp","href":"https:\/\/api.w.org\/{rel}","templated":true}]}}