{"id":3835,"date":"2019-10-07T12:02:25","date_gmt":"2019-10-07T16:02:25","guid":{"rendered":"https:\/\/www.lirapopular.cl\/lirapopularxix\/?page_id=3835"},"modified":"2019-10-07T12:02:25","modified_gmt":"2019-10-07T16:02:25","slug":"el-peruano-que-asesino-a-la-novia-en-la-aduana-de-valparaiso","status":"publish","type":"page","link":"https:\/\/www.lirapopular.cl\/lirapopularxix\/el-peruano-que-asesino-a-la-novia-en-la-aduana-de-valparaiso\/","title":{"rendered":"EL PERUANO <br>QUE ASESIN\u00d3 A LA NOVIA <br>EN LA ADUANA DE VALPARAISO"},"content":{"rendered":"\n<div class=\"wp-block-image\"><figure class=\"alignright\"><a href=\"https:\/\/www.lirapopular.cl\/lirapopularxix\/wp-content\/uploads\/2019\/10\/655.jpg\"><img decoding=\"async\" src=\"https:\/\/www.lirapopular.cl\/lirapopularxix\/wp-content\/uploads\/2019\/10\/655-300x210.jpg\" alt=\"\" class=\"wp-image-3836\"\/><\/a><figcaption>Colecci\u00f3n Lira Popular de la Universidad de Chile<\/figcaption><\/figure><\/div>\n\n\n\n<p>Autor: El Conejo<br>Impresor: Sin informaci\u00f3n<br>Tama\u00f1o: 53 x 37,2 cm<br>Clasificaci\u00f3n: 655 C747 Caja N\u00b012a<\/p>\n\n\n\n<ul class=\"wp-block-list\"><li><a href=\"https:\/\/www.lirapopular.cl\/lirapopularxix\/2019\/10\/07\/el-peruano-que-asesino-a-la-novia-en-la-aduana-de-valparaiso\/\">El peruano que asesin\u00f3 a la novia en la Aduana de Valpara\u00edso<\/a><\/li><li><a href=\"https:\/\/www.lirapopular.cl\/lirapopularxix\/2019\/10\/07\/un-padre-i-un-hermano-destripan-al-novio-de-la-hija\/\">Un padre y un hermano destripan al novio de la hija<\/a><\/li><li><a href=\"https:\/\/www.lirapopular.cl\/lirapopularxix\/2019\/10\/07\/gran-contrapunto-entre-el-chileno-a-el-cuyano\/\">Gran contrapunto entre el chileno y el cuyano<\/a><\/li><li><a href=\"https:\/\/www.lirapopular.cl\/lirapopularxix\/2019\/10\/07\/la-costurera-asesinada-en-la-calle-duarte\/\">La costurera asesinada en la calle Duarte<\/a><\/li><\/ul>\n\n\n\n<p>Nota: Este ejemplar tiene escrito a mano con l\u00e1piz rojo \u201c655\u201d<\/p>\n","protected":false},"excerpt":{"rendered":"<p>Autor: El ConejoImpresor: Sin informaci\u00f3nTama\u00f1o: 53 x 37,2 cmClasificaci\u00f3n: 655 C747 Caja N\u00b012a El peruano que asesin\u00f3 a la novia en la Aduana de Valpara\u00edso Un padre y un hermano destripan al novio de la hija Gran contrapunto entre el chileno y el cuyano La costurera asesinada en la calle Duarte Nota: Este ejemplar tiene [&hellip;]<\/p>\n","protected":false},"author":1,"featured_media":0,"parent":0,"menu_order":0,"comment_status":"closed","ping_status":"closed","template":"","meta":{"footnotes":""},"class_list":["post-3835","page","type-page","status-publish","hentry"],"jetpack_sharing_enabled":true,"_links":{"self":[{"href":"https:\/\/www.lirapopular.cl\/lirapopularxix\/wp-json\/wp\/v2\/pages\/3835","targetHints":{"allow":["GET"]}}],"collection":[{"href":"https:\/\/www.lirapopular.cl\/lirapopularxix\/wp-json\/wp\/v2\/pages"}],"about":[{"href":"https:\/\/www.lirapopular.cl\/lirapopularxix\/wp-json\/wp\/v2\/types\/page"}],"author":[{"embeddable":true,"href":"https:\/\/www.lirapopular.cl\/lirapopularxix\/wp-json\/wp\/v2\/users\/1"}],"replies":[{"embeddable":true,"href":"https:\/\/www.lirapopular.cl\/lirapopularxix\/wp-json\/wp\/v2\/comments?post=3835"}],"version-history":[{"count":0,"href":"https:\/\/www.lirapopular.cl\/lirapopularxix\/wp-json\/wp\/v2\/pages\/3835\/revisions"}],"wp:attachment":[{"href":"https:\/\/www.lirapopular.cl\/lirapopularxix\/wp-json\/wp\/v2\/media?parent=3835"}],"curies":[{"name":"wp","href":"https:\/\/api.w.org\/{rel}","templated":true}]}}