{"id":3814,"date":"2019-10-06T09:54:54","date_gmt":"2019-10-06T13:54:54","guid":{"rendered":"https:\/\/www.lirapopular.cl\/lirapopularxix\/?page_id=3814"},"modified":"2019-10-06T09:54:54","modified_gmt":"2019-10-06T13:54:54","slug":"el-caballero-que-mato-al-cunado-y-se-suicido-en-la-calle","status":"publish","type":"page","link":"https:\/\/www.lirapopular.cl\/lirapopularxix\/el-caballero-que-mato-al-cunado-y-se-suicido-en-la-calle\/","title":{"rendered":"EL CABALLERO <BR>QUE MAT\u00d3 AL CU\u00d1ADO <BR>Y SE SUICID\u00d3 EN LA CALLE"},"content":{"rendered":"\n<div class=\"wp-block-image\"><figure class=\"alignright\"><a href=\"https:\/\/www.lirapopular.cl\/lirapopularxix\/wp-content\/uploads\/2019\/10\/567.jpg\"><img loading=\"lazy\" decoding=\"async\" width=\"300\" height=\"218\" src=\"https:\/\/www.lirapopular.cl\/lirapopularxix\/wp-content\/uploads\/2019\/10\/567-300x218.jpg\" alt=\"\" class=\"wp-image-3815\" srcset=\"https:\/\/www.lirapopular.cl\/lirapopularxix\/wp-content\/uploads\/2019\/10\/567-300x218.jpg 300w, https:\/\/www.lirapopular.cl\/lirapopularxix\/wp-content\/uploads\/2019\/10\/567-768x558.jpg 768w, https:\/\/www.lirapopular.cl\/lirapopularxix\/wp-content\/uploads\/2019\/10\/567.jpg 1000w\" sizes=\"auto, (max-width: 300px) 100vw, 300px\" \/><\/a><figcaption>Colecci\u00f3n Lira Popular de la <br>Universidad de Chile<\/figcaption><\/figure><\/div>\n\n\n\n<p>Autor: El Coipo<br>Impresor: Sin informaci\u00f3n<br>Tama\u00f1o: 52,7 x 37,1 cm<br>Clasificaci\u00f3n: 567 C978m Caja N\u00b010a, BN C\u00f3digo:&nbsp;LO0012019<\/p>\n\n\n\n<ul class=\"wp-block-list\"><li><a href=\"https:\/\/www.lirapopular.cl\/lirapopularxix\/2019\/10\/07\/el-caballero-que-mato-al-cunado-y-se-suicido-en-la-calle\/\">El caballero que mat\u00f3 al cu\u00f1ado y se suicid\u00f3 en la calle<\/a><\/li><li><a href=\"https:\/\/www.lirapopular.cl\/lirapopularxix\/2019\/10\/07\/la-gran-esplosionen-la-fabrica-de-cartuchos-muertos-i-heridos\/\">La gran explosi\u00f3n  en la F\u00e1brica de cartuchos. Muertos y heridos<\/a><\/li><li><a href=\"https:\/\/www.lirapopular.cl\/lirapopularxix\/2019\/10\/07\/el-sirviente-que-mato-a-la-patrona-porque-no-lo-quiso\/\">El sirviente que mat\u00f3 a la patrona porque no lo quiso<\/a><\/li><li><a href=\"https:\/\/www.lirapopular.cl\/lirapopularxix\/2019\/10\/07\/el-dependiente-que-mato-al-comerciante-a-balazos\/\">El dependiente que mat\u00f3 al comerciante a balazos<\/a><\/li><li><a href=\"https:\/\/www.lirapopular.cl\/lirapopularxix\/2019\/10\/07\/la-guerra-con-los-cuyanos\/\">La guerra con los cuyanos<\/a><\/li><\/ul>\n\n\n\n<p>Nota: Por el verso sobre la 2\u00aa explosi\u00f3n en la F\u00e1brica de Cartuchos (8 de mayo 1895), se puede datar la lira en 1895.<br>El 1er ejemplar tiene escrito a mano con l\u00e1piz rojo \u201c567\u201d<br>El 2\u00ba ejemplar tiene escrito a mano con l\u00e1piz rojo \u201c-19-\u201d dos veces, con l\u00e1piz grafito &#8220;2&#8221; y con un timbre &#8220;86&#8221; o &#8220;98&#8221;.<br>Documentos optimizados digitalmente.<\/p>\n\n\n\n<div class=\"wp-block-image\"><figure class=\"alignright size-medium\"><a href=\"https:\/\/www.lirapopular.cl\/lirapopularxix\/wp-content\/uploads\/2020\/08\/LO0012019.jpg\"><img loading=\"lazy\" decoding=\"async\" width=\"300\" height=\"207\" src=\"https:\/\/www.lirapopular.cl\/lirapopularxix\/wp-content\/uploads\/2020\/08\/LO0012019-300x207.jpg\" alt=\"\" class=\"wp-image-11238\" srcset=\"https:\/\/www.lirapopular.cl\/lirapopularxix\/wp-content\/uploads\/2020\/08\/LO0012019-300x207.jpg 300w, https:\/\/www.lirapopular.cl\/lirapopularxix\/wp-content\/uploads\/2020\/08\/LO0012019-768x530.jpg 768w, https:\/\/www.lirapopular.cl\/lirapopularxix\/wp-content\/uploads\/2020\/08\/LO0012019.jpg 1000w\" sizes=\"auto, (max-width: 300px) 100vw, 300px\" \/><\/a><figcaption>Archivo de Literatura Oral<br>Fondo Rodolfo Lenz<\/figcaption><\/figure><\/div>\n","protected":false},"excerpt":{"rendered":"<p>Autor: El CoipoImpresor: Sin informaci\u00f3nTama\u00f1o: 52,7 x 37,1 cmClasificaci\u00f3n: 567 C978m Caja N\u00b010a, BN C\u00f3digo:&nbsp;LO0012019 El caballero que mat\u00f3 al cu\u00f1ado y se suicid\u00f3 en la calle La gran explosi\u00f3n en la F\u00e1brica de cartuchos. Muertos y heridos El sirviente que mat\u00f3 a la patrona porque no lo quiso El dependiente que mat\u00f3 al comerciante [&hellip;]<\/p>\n","protected":false},"author":1,"featured_media":0,"parent":0,"menu_order":0,"comment_status":"closed","ping_status":"closed","template":"","meta":{"footnotes":""},"class_list":["post-3814","page","type-page","status-publish","hentry"],"jetpack_sharing_enabled":true,"_links":{"self":[{"href":"https:\/\/www.lirapopular.cl\/lirapopularxix\/wp-json\/wp\/v2\/pages\/3814","targetHints":{"allow":["GET"]}}],"collection":[{"href":"https:\/\/www.lirapopular.cl\/lirapopularxix\/wp-json\/wp\/v2\/pages"}],"about":[{"href":"https:\/\/www.lirapopular.cl\/lirapopularxix\/wp-json\/wp\/v2\/types\/page"}],"author":[{"embeddable":true,"href":"https:\/\/www.lirapopular.cl\/lirapopularxix\/wp-json\/wp\/v2\/users\/1"}],"replies":[{"embeddable":true,"href":"https:\/\/www.lirapopular.cl\/lirapopularxix\/wp-json\/wp\/v2\/comments?post=3814"}],"version-history":[{"count":0,"href":"https:\/\/www.lirapopular.cl\/lirapopularxix\/wp-json\/wp\/v2\/pages\/3814\/revisions"}],"wp:attachment":[{"href":"https:\/\/www.lirapopular.cl\/lirapopularxix\/wp-json\/wp\/v2\/media?parent=3814"}],"curies":[{"name":"wp","href":"https:\/\/api.w.org\/{rel}","templated":true}]}}