{"id":3782,"date":"2019-10-01T10:45:08","date_gmt":"2019-10-01T14:45:08","guid":{"rendered":"https:\/\/www.lirapopular.cl\/lirapopularxix\/?page_id=3782"},"modified":"2019-10-01T10:45:08","modified_gmt":"2019-10-01T14:45:08","slug":"fusilamiento-de-ismael-vergara","status":"publish","type":"page","link":"https:\/\/www.lirapopular.cl\/lirapopularxix\/fusilamiento-de-ismael-vergara\/","title":{"rendered":"FUSILAMIENTO DE <br>ISMAEL VERGARA"},"content":{"rendered":"\n<div class=\"wp-block-image\"><figure class=\"alignright\"><a href=\"https:\/\/www.lirapopular.cl\/lirapopularxix\/wp-content\/uploads\/2019\/10\/566.jpg\"><img loading=\"lazy\" decoding=\"async\" width=\"210\" height=\"300\" src=\"https:\/\/www.lirapopular.cl\/lirapopularxix\/wp-content\/uploads\/2019\/10\/566-210x300.jpg\" alt=\"\" class=\"wp-image-3783\" srcset=\"https:\/\/www.lirapopular.cl\/lirapopularxix\/wp-content\/uploads\/2019\/10\/566-210x300.jpg 210w, https:\/\/www.lirapopular.cl\/lirapopularxix\/wp-content\/uploads\/2019\/10\/566.jpg 701w\" sizes=\"auto, (max-width: 210px) 100vw, 210px\" \/><\/a><figcaption>Colecci\u00f3n Lira Popular de la Universidad de Chile<\/figcaption><\/figure><\/div>\n\n\n\n<p>Autor: El Coipo<br>Impresor: Sin informaci\u00f3n <br>Tama\u00f1o: 76,5 x 53 cm<br>Clasificaci\u00f3n: 566 C978f Caja N\u00b010a<\/p>\n\n\n\n<ul class=\"wp-block-list\"><li><a href=\"https:\/\/www.lirapopular.cl\/lirapopularxix\/2019\/10\/05\/el-fusilamiento-del-reo-vergara\/\">El fusilamiento del reo Vergara<\/a><\/li><li><a href=\"https:\/\/www.lirapopular.cl\/lirapopularxix\/2019\/10\/05\/el-reo-vergara-en-capilla\/\">El reo Vergara en capilla<\/a><\/li><li><a href=\"https:\/\/www.lirapopular.cl\/lirapopularxix\/2019\/10\/05\/las-cinco-cartas-de-vergara-a-sus-jueces-2\/\">Las cinco cartas de Vergara a sus jueces<\/a><\/li><li><a href=\"https:\/\/www.lirapopular.cl\/lirapopularxix\/2019\/10\/05\/el-testamento-del-reo-vergara-le-niegan-la-comunion-2\/\">El testamento del reo Vergara le niegan la comuni\u00f3n<\/a><\/li><li><a href=\"https:\/\/www.lirapopular.cl\/lirapopularxix\/2019\/10\/05\/sangriento-crimen-un-loco-mata-a-un-guardian\/\">Sangriento crimen un loco mata a un guardi\u00e1n <\/a><\/li><li><a href=\"https:\/\/www.lirapopular.cl\/lirapopularxix\/2019\/10\/05\/gran-choque-de-trenes-en-la-linea-del-mapocho-2\/\">Gran choque de trenes en la l\u00ednea del Mapocho <\/a><\/li><li><a href=\"https:\/\/www.lirapopular.cl\/lirapopularxix\/2019\/10\/05\/el-cadaver-de-una-nina-hallado-dentro-de-un-saco-2\/\">El cad\u00e1ver de una ni\u00f1a  hallado dentro de un saco<\/a><\/li><li><a href=\"https:\/\/www.lirapopular.cl\/lirapopularxix\/2019\/10\/05\/la-sirvienta-que-enveneno-diez-ninos\/\">La sirvienta que envenen\u00f3 diez ni\u00f1os<\/a><\/li><li><a href=\"https:\/\/www.lirapopular.cl\/lirapopularxix\/2019\/10\/05\/apablaza-sus-declaraciones-recientes\/\">Apablaza sus declaraciones recientes <\/a><\/li><\/ul>\n\n\n\n<p>Nota: Este ejemplar tiene escrito a mano con l\u00e1piz rojo \u201c566\u201d<\/p>\n","protected":false},"excerpt":{"rendered":"<p>Autor: El CoipoImpresor: Sin informaci\u00f3n Tama\u00f1o: 76,5 x 53 cmClasificaci\u00f3n: 566 C978f Caja N\u00b010a El fusilamiento del reo Vergara El reo Vergara en capilla Las cinco cartas de Vergara a sus jueces El testamento del reo Vergara le niegan la comuni\u00f3n Sangriento crimen un loco mata a un guardi\u00e1n Gran choque de trenes en la [&hellip;]<\/p>\n","protected":false},"author":1,"featured_media":0,"parent":0,"menu_order":0,"comment_status":"closed","ping_status":"closed","template":"","meta":{"footnotes":""},"class_list":["post-3782","page","type-page","status-publish","hentry"],"jetpack_sharing_enabled":true,"_links":{"self":[{"href":"https:\/\/www.lirapopular.cl\/lirapopularxix\/wp-json\/wp\/v2\/pages\/3782","targetHints":{"allow":["GET"]}}],"collection":[{"href":"https:\/\/www.lirapopular.cl\/lirapopularxix\/wp-json\/wp\/v2\/pages"}],"about":[{"href":"https:\/\/www.lirapopular.cl\/lirapopularxix\/wp-json\/wp\/v2\/types\/page"}],"author":[{"embeddable":true,"href":"https:\/\/www.lirapopular.cl\/lirapopularxix\/wp-json\/wp\/v2\/users\/1"}],"replies":[{"embeddable":true,"href":"https:\/\/www.lirapopular.cl\/lirapopularxix\/wp-json\/wp\/v2\/comments?post=3782"}],"version-history":[{"count":0,"href":"https:\/\/www.lirapopular.cl\/lirapopularxix\/wp-json\/wp\/v2\/pages\/3782\/revisions"}],"wp:attachment":[{"href":"https:\/\/www.lirapopular.cl\/lirapopularxix\/wp-json\/wp\/v2\/media?parent=3782"}],"curies":[{"name":"wp","href":"https:\/\/api.w.org\/{rel}","templated":true}]}}