{"id":3758,"date":"2019-09-30T11:37:40","date_gmt":"2019-09-30T15:37:40","guid":{"rendered":"https:\/\/www.lirapopular.cl\/lirapopularxix\/?page_id=3758"},"modified":"2019-09-30T11:37:40","modified_gmt":"2019-09-30T15:37:40","slug":"las-cinco-cartas-de-vergara-a-sus-jueces","status":"publish","type":"page","link":"https:\/\/www.lirapopular.cl\/lirapopularxix\/las-cinco-cartas-de-vergara-a-sus-jueces\/","title":{"rendered":"LAS CINCO CARTAS <br>DE VERGARA A SUS JUECES"},"content":{"rendered":"\n<div class=\"wp-block-image\"><figure class=\"alignright\"><a href=\"https:\/\/www.lirapopular.cl\/lirapopularxix\/wp-content\/uploads\/2019\/09\/565.jpg\"><img loading=\"lazy\" decoding=\"async\" width=\"300\" height=\"209\" src=\"https:\/\/www.lirapopular.cl\/lirapopularxix\/wp-content\/uploads\/2019\/09\/565-300x209.jpg\" alt=\"\" class=\"wp-image-3763\" srcset=\"https:\/\/www.lirapopular.cl\/lirapopularxix\/wp-content\/uploads\/2019\/09\/565-300x209.jpg 300w, https:\/\/www.lirapopular.cl\/lirapopularxix\/wp-content\/uploads\/2019\/09\/565-768x536.jpg 768w, https:\/\/www.lirapopular.cl\/lirapopularxix\/wp-content\/uploads\/2019\/09\/565.jpg 1000w\" sizes=\"auto, (max-width: 300px) 100vw, 300px\" \/><\/a><figcaption>Colecci\u00f3n Lira Popular de la Universidad de Chile<\/figcaption><\/figure><\/div>\n\n\n\n<p>Autor: El Coipo<br>Impresor: Sin informaci\u00f3n<br>Tama\u00f1o: 53 x 37,2 cm<br>Clasificaci\u00f3n: 565 C978c Caja N\u00b010a<\/p>\n\n\n\n<ul class=\"wp-block-list\"><li><a href=\"https:\/\/www.lirapopular.cl\/lirapopularxix\/2019\/10\/01\/las-cinco-cartas-de-vergara-a-sus-jueces\/\">Las cinco cartas  de Vergara a sus jueces<\/a><\/li><li><a href=\"https:\/\/www.lirapopular.cl\/lirapopularxix\/2019\/10\/01\/el-perdon-del-reo-vergara\/\">El perd\u00f3n del reo Vergara<\/a><\/li><li><a href=\"https:\/\/www.lirapopular.cl\/lirapopularxix\/2019\/10\/01\/sentencia-de-la-corte-suprema-contra-ismael-vergara\/\">Sentencia de la Corte Suprema contra Ismael Vergara<\/a><\/li><li><a href=\"https:\/\/www.lirapopular.cl\/lirapopularxix\/2019\/10\/01\/el-cadaver-de-una-nina-hallado-dentro-de-un-saco\/\">El cad\u00e1ver de una ni\u00f1a hallado dentro de un saco<\/a><\/li><li><a href=\"https:\/\/www.lirapopular.cl\/lirapopularxix\/2019\/10\/01\/una-senorita-estafa-al-gobierno-80000-pesos\/\">Una se\u00f1orita estafa al Gobierno 80.000 pesos<\/a><\/li><\/ul>\n\n\n\n<p>Nota: Este ejemplar tiene escrito a mano con l\u00e1piz rojo \u201c565\u201d<\/p>\n","protected":false},"excerpt":{"rendered":"<p>Autor: El CoipoImpresor: Sin informaci\u00f3nTama\u00f1o: 53 x 37,2 cmClasificaci\u00f3n: 565 C978c Caja N\u00b010a Las cinco cartas de Vergara a sus jueces El perd\u00f3n del reo Vergara Sentencia de la Corte Suprema contra Ismael Vergara El cad\u00e1ver de una ni\u00f1a hallado dentro de un saco Una se\u00f1orita estafa al Gobierno 80.000 pesos Nota: Este ejemplar tiene [&hellip;]<\/p>\n","protected":false},"author":1,"featured_media":0,"parent":0,"menu_order":0,"comment_status":"closed","ping_status":"closed","template":"","meta":{"footnotes":""},"class_list":["post-3758","page","type-page","status-publish","hentry"],"jetpack_sharing_enabled":true,"_links":{"self":[{"href":"https:\/\/www.lirapopular.cl\/lirapopularxix\/wp-json\/wp\/v2\/pages\/3758","targetHints":{"allow":["GET"]}}],"collection":[{"href":"https:\/\/www.lirapopular.cl\/lirapopularxix\/wp-json\/wp\/v2\/pages"}],"about":[{"href":"https:\/\/www.lirapopular.cl\/lirapopularxix\/wp-json\/wp\/v2\/types\/page"}],"author":[{"embeddable":true,"href":"https:\/\/www.lirapopular.cl\/lirapopularxix\/wp-json\/wp\/v2\/users\/1"}],"replies":[{"embeddable":true,"href":"https:\/\/www.lirapopular.cl\/lirapopularxix\/wp-json\/wp\/v2\/comments?post=3758"}],"version-history":[{"count":0,"href":"https:\/\/www.lirapopular.cl\/lirapopularxix\/wp-json\/wp\/v2\/pages\/3758\/revisions"}],"wp:attachment":[{"href":"https:\/\/www.lirapopular.cl\/lirapopularxix\/wp-json\/wp\/v2\/media?parent=3758"}],"curies":[{"name":"wp","href":"https:\/\/api.w.org\/{rel}","templated":true}]}}