{"id":3738,"date":"2019-09-29T17:18:59","date_gmt":"2019-09-29T21:18:59","guid":{"rendered":"https:\/\/www.lirapopular.cl\/lirapopularxix\/?page_id=3738"},"modified":"2019-09-29T17:18:59","modified_gmt":"2019-09-29T21:18:59","slug":"la-semana-santa-pasion-de-nuestro-senor","status":"publish","type":"page","link":"https:\/\/www.lirapopular.cl\/lirapopularxix\/la-semana-santa-pasion-de-nuestro-senor\/","title":{"rendered":"LA SEMANA SANTA <br>PASION DE NUESTRO SE\u00d1OR"},"content":{"rendered":"\n<div class=\"wp-block-image\"><figure class=\"alignright\"><a href=\"https:\/\/www.lirapopular.cl\/lirapopularxix\/wp-content\/uploads\/2019\/09\/564.jpg\"><img decoding=\"async\" src=\"https:\/\/www.lirapopular.cl\/lirapopularxix\/wp-content\/uploads\/2019\/09\/564-300x207.jpg\" alt=\"\" class=\"wp-image-3739\"\/><\/a><figcaption>Colecci\u00f3n Lira Popular de la Universidad de Chile<\/figcaption><\/figure><\/div>\n\n\n\n<p>Autor: El Coipo<br>Impresor: Sin informaci\u00f3n<br>Tama\u00f1o: 52,8 x 37 cm<br>Clasificaci\u00f3n: 564 C978s Caja N\u00b010a<\/p>\n\n\n\n<ul class=\"wp-block-list\"><li><a href=\"https:\/\/www.lirapopular.cl\/lirapopularxix\/2019\/09\/29\/la-semana-santa-pasion-de-nuestro-senor\/\">La Semana Santa  Pasi\u00f3n de Nuestro Se\u00f1or<\/a><\/li><li><a href=\"https:\/\/www.lirapopular.cl\/lirapopularxix\/2019\/09\/30\/un-joven-celoso-da-10-punaladas-a-una-artista\/\">Un joven celoso da 10 pu\u00f1aladas a una artista<\/a><\/li><li><a href=\"https:\/\/www.lirapopular.cl\/lirapopularxix\/2019\/09\/30\/el-nuevo-crimen-de-talca-un-futre-mata-una-cabrona\/\">El nuevo crimen de Talca un futre mata una cabrona<\/a><\/li><li><a href=\"https:\/\/www.lirapopular.cl\/lirapopularxix\/2019\/09\/30\/gran-asesinato-en-la-fundicion-de-perez-2\/\">Gran asesinato en la Fundici\u00f3n de P\u00e9rez<\/a><\/li><\/ul>\n\n\n\n<p>Nota: Este ejemplar tiene escrito a mano con l\u00e1piz rojo \u201c564\u201d<br>Sobre un verso aparece manuscrito: &#8220;Garc\u00eda&#8221;.<\/p>\n","protected":false},"excerpt":{"rendered":"<p>Autor: El CoipoImpresor: Sin informaci\u00f3nTama\u00f1o: 52,8 x 37 cmClasificaci\u00f3n: 564 C978s Caja N\u00b010a La Semana Santa Pasi\u00f3n de Nuestro Se\u00f1or Un joven celoso da 10 pu\u00f1aladas a una artista El nuevo crimen de Talca un futre mata una cabrona Gran asesinato en la Fundici\u00f3n de P\u00e9rez Nota: Este ejemplar tiene escrito a mano con l\u00e1piz [&hellip;]<\/p>\n","protected":false},"author":1,"featured_media":0,"parent":0,"menu_order":0,"comment_status":"closed","ping_status":"closed","template":"","meta":{"footnotes":""},"class_list":["post-3738","page","type-page","status-publish","hentry"],"jetpack_sharing_enabled":true,"_links":{"self":[{"href":"https:\/\/www.lirapopular.cl\/lirapopularxix\/wp-json\/wp\/v2\/pages\/3738","targetHints":{"allow":["GET"]}}],"collection":[{"href":"https:\/\/www.lirapopular.cl\/lirapopularxix\/wp-json\/wp\/v2\/pages"}],"about":[{"href":"https:\/\/www.lirapopular.cl\/lirapopularxix\/wp-json\/wp\/v2\/types\/page"}],"author":[{"embeddable":true,"href":"https:\/\/www.lirapopular.cl\/lirapopularxix\/wp-json\/wp\/v2\/users\/1"}],"replies":[{"embeddable":true,"href":"https:\/\/www.lirapopular.cl\/lirapopularxix\/wp-json\/wp\/v2\/comments?post=3738"}],"version-history":[{"count":0,"href":"https:\/\/www.lirapopular.cl\/lirapopularxix\/wp-json\/wp\/v2\/pages\/3738\/revisions"}],"wp:attachment":[{"href":"https:\/\/www.lirapopular.cl\/lirapopularxix\/wp-json\/wp\/v2\/media?parent=3738"}],"curies":[{"name":"wp","href":"https:\/\/api.w.org\/{rel}","templated":true}]}}