{"id":3696,"date":"2019-09-29T12:39:41","date_gmt":"2019-09-29T16:39:41","guid":{"rendered":"https:\/\/www.lirapopular.cl\/lirapopularxix\/?page_id=3696"},"modified":"2019-09-29T12:39:41","modified_gmt":"2019-09-29T16:39:41","slug":"una-mujer-adultera-mata-al-marido-i-da-la-sangre-a-los-perros","status":"publish","type":"page","link":"https:\/\/www.lirapopular.cl\/lirapopularxix\/una-mujer-adultera-mata-al-marido-i-da-la-sangre-a-los-perros\/","title":{"rendered":"UNA MUJER ADULTERA <br>MATA AL MARIDO <br>I DA LA SANGRE A LOS PERROS"},"content":{"rendered":"\n<div class=\"wp-block-image\"><figure class=\"alignright\"><a href=\"https:\/\/www.lirapopular.cl\/lirapopularxix\/wp-content\/uploads\/2019\/09\/562.jpg\"><img loading=\"lazy\" decoding=\"async\" width=\"300\" height=\"218\" src=\"https:\/\/www.lirapopular.cl\/lirapopularxix\/wp-content\/uploads\/2019\/09\/562-300x218.jpg\" alt=\"\" class=\"wp-image-3697\" srcset=\"https:\/\/www.lirapopular.cl\/lirapopularxix\/wp-content\/uploads\/2019\/09\/562-300x218.jpg 300w, https:\/\/www.lirapopular.cl\/lirapopularxix\/wp-content\/uploads\/2019\/09\/562-768x558.jpg 768w, https:\/\/www.lirapopular.cl\/lirapopularxix\/wp-content\/uploads\/2019\/09\/562.jpg 1000w\" sizes=\"auto, (max-width: 300px) 100vw, 300px\" \/><\/a><figcaption>Colecci\u00f3n Lira Popular de la<br>Universidad de Chile<\/figcaption><\/figure><\/div>\n\n\n\n<p>Autor: El Coipo<br>Impresor: Sin informaci\u00f3n <br>Tama\u00f1o: 53 x 37,5 cm<br>Clasificaci\u00f3n: 562 C978 Caja N\u00b010a, BN C\u00f3digo:\u00a0LO0012018<\/p>\n\n\n\n<ul class=\"wp-block-list\"><li><a href=\"https:\/\/www.lirapopular.cl\/lirapopularxix\/2019\/09\/29\/una-mujer-adultera-mata-al-marido-i-da-la-sangre-a-los-perros\/\">Una mujer ad\u00faltera  mata al marido  y da la sangre a los perros<\/a><\/li><li><a href=\"https:\/\/www.lirapopular.cl\/lirapopularxix\/2019\/09\/29\/la-corrupcion-en-santiago-la-abadesa-carmen-aravena-condenada-a-presidio\/\">La corrupci\u00f3n  en Santiago  la Abadesa C\u00e1rmen Aravena  condenada a presidio<\/a><\/li><li><a href=\"https:\/\/www.lirapopular.cl\/lirapopularxix\/2019\/09\/29\/un-caballero-muerto-a-patadas\/\">Un caballero muerto a patadas<\/a><\/li><li><a href=\"https:\/\/www.lirapopular.cl\/lirapopularxix\/2019\/09\/29\/brindis-de-un-huaso-en-un-banquete\/\">Brindis de un huaso en un banquete<\/a><\/li><li><a href=\"https:\/\/www.lirapopular.cl\/lirapopularxix\/2019\/09\/29\/mis-recuerdos-canto\/\">Mis recuerdos (Canto)<\/a><\/li><li><a href=\"https:\/\/www.lirapopular.cl\/lirapopularxix\/2019\/09\/29\/cantares-6\/\">Cantares<\/a><\/li><\/ul>\n\n\n\n<p>Nota: El 1er ejemplar tiene escrito a mano con l\u00e1piz rojo \u201c562\u201d<br>El 2\u00ba ejemplar tiene escrito a mano con l\u00e1piz rojo \u201c-18-\u201d dos veces y con un timbre &#8220;85&#8221;.<br>Documentos optimizados digitalmente.<\/p>\n\n\n\n<div class=\"wp-block-image\"><figure class=\"alignright size-medium\"><a href=\"https:\/\/www.lirapopular.cl\/lirapopularxix\/wp-content\/uploads\/2020\/08\/LO0012018.jpg\"><img loading=\"lazy\" decoding=\"async\" width=\"300\" height=\"207\" src=\"https:\/\/www.lirapopular.cl\/lirapopularxix\/wp-content\/uploads\/2020\/08\/LO0012018-300x207.jpg\" alt=\"\" class=\"wp-image-11263\" srcset=\"https:\/\/www.lirapopular.cl\/lirapopularxix\/wp-content\/uploads\/2020\/08\/LO0012018-300x207.jpg 300w, https:\/\/www.lirapopular.cl\/lirapopularxix\/wp-content\/uploads\/2020\/08\/LO0012018-768x531.jpg 768w, https:\/\/www.lirapopular.cl\/lirapopularxix\/wp-content\/uploads\/2020\/08\/LO0012018.jpg 1000w\" sizes=\"auto, (max-width: 300px) 100vw, 300px\" \/><\/a><figcaption>Archivo de Literatura Oral<br>Fondo Rodolfo Lenz<\/figcaption><\/figure><\/div>\n","protected":false},"excerpt":{"rendered":"<p>Autor: El CoipoImpresor: Sin informaci\u00f3n Tama\u00f1o: 53 x 37,5 cmClasificaci\u00f3n: 562 C978 Caja N\u00b010a, BN C\u00f3digo:\u00a0LO0012018 Una mujer ad\u00faltera mata al marido y da la sangre a los perros La corrupci\u00f3n en Santiago la Abadesa C\u00e1rmen Aravena condenada a presidio Un caballero muerto a patadas Brindis de un huaso en un banquete Mis recuerdos (Canto) [&hellip;]<\/p>\n","protected":false},"author":1,"featured_media":0,"parent":0,"menu_order":0,"comment_status":"closed","ping_status":"closed","template":"","meta":{"footnotes":""},"class_list":["post-3696","page","type-page","status-publish","hentry"],"jetpack_sharing_enabled":true,"_links":{"self":[{"href":"https:\/\/www.lirapopular.cl\/lirapopularxix\/wp-json\/wp\/v2\/pages\/3696","targetHints":{"allow":["GET"]}}],"collection":[{"href":"https:\/\/www.lirapopular.cl\/lirapopularxix\/wp-json\/wp\/v2\/pages"}],"about":[{"href":"https:\/\/www.lirapopular.cl\/lirapopularxix\/wp-json\/wp\/v2\/types\/page"}],"author":[{"embeddable":true,"href":"https:\/\/www.lirapopular.cl\/lirapopularxix\/wp-json\/wp\/v2\/users\/1"}],"replies":[{"embeddable":true,"href":"https:\/\/www.lirapopular.cl\/lirapopularxix\/wp-json\/wp\/v2\/comments?post=3696"}],"version-history":[{"count":0,"href":"https:\/\/www.lirapopular.cl\/lirapopularxix\/wp-json\/wp\/v2\/pages\/3696\/revisions"}],"wp:attachment":[{"href":"https:\/\/www.lirapopular.cl\/lirapopularxix\/wp-json\/wp\/v2\/media?parent=3696"}],"curies":[{"name":"wp","href":"https:\/\/api.w.org\/{rel}","templated":true}]}}