{"id":368,"date":"2019-06-08T14:36:49","date_gmt":"2019-06-08T18:36:49","guid":{"rendered":"https:\/\/www.lirapopular.cl\/lirapopularxix\/?page_id=368"},"modified":"2019-06-08T14:36:49","modified_gmt":"2019-06-08T18:36:49","slug":"la-influenza","status":"publish","type":"page","link":"https:\/\/www.lirapopular.cl\/lirapopularxix\/la-influenza\/","title":{"rendered":"La influenza"},"content":{"rendered":"\n<div class=\"wp-block-image\"><figure class=\"alignright\"><a href=\"https:\/\/www.lirapopular.cl\/lirapopularxix\/wp-content\/uploads\/2019\/06\/353.jpg\"><img loading=\"lazy\" decoding=\"async\" width=\"300\" height=\"214\" src=\"https:\/\/www.lirapopular.cl\/lirapopularxix\/wp-content\/uploads\/2019\/06\/353-300x214.jpg\" alt=\"\" class=\"wp-image-369\" srcset=\"https:\/\/www.lirapopular.cl\/lirapopularxix\/wp-content\/uploads\/2019\/06\/353-300x214.jpg 300w, https:\/\/www.lirapopular.cl\/lirapopularxix\/wp-content\/uploads\/2019\/06\/353-768x548.jpg 768w, https:\/\/www.lirapopular.cl\/lirapopularxix\/wp-content\/uploads\/2019\/06\/353.jpg 1000w\" sizes=\"auto, (max-width: 300px) 100vw, 300px\" \/><\/a><figcaption>Colecci\u00f3n Lira Popular de la <br>Universidad de Chile<\/figcaption><\/figure><\/div>\n\n\n\n<p>Autor: J. H. C.<sup>1<\/sup> <br>Impresor: Impr. de P. Ramirez.\u2013Echaurren, 6.<br>Tama\u00f1o: 25,4 x 36,7 cm<br>Clasificaci\u00f3n: 353 I43 Caja N\u00b01b, BN C\u00f3digo:\u00a0LO0012577<\/p>\n\n\n\n<ul class=\"wp-block-list\"><li><a href=\"https:\/\/www.lirapopular.cl\/lirapopularxix\/2019\/06\/08\/la-influenza\/\">La influenza<\/a><\/li><li><a href=\"https:\/\/www.lirapopular.cl\/lirapopularxix\/2019\/06\/08\/paso-de-dos-caballeros-malogrados\/\">Paso de dos caballeros malogrados<\/a><\/li><li><a href=\"https:\/\/www.lirapopular.cl\/lirapopularxix\/2019\/06\/08\/escursion-de-un-albanil\/\">Excursi\u00f3n de un alba\u00f1il<\/a><\/li><li><a href=\"https:\/\/www.lirapopular.cl\/lirapopularxix\/2019\/06\/08\/el-rei-salomon\/\">El rey Salom\u00f3n<\/a><\/li><\/ul>\n\n\n\n<div class=\"wp-block-image\"><figure class=\"alignright size-medium\"><a href=\"https:\/\/www.lirapopular.cl\/lirapopularxix\/wp-content\/uploads\/2020\/08\/LO0012577.jpg\"><img loading=\"lazy\" decoding=\"async\" width=\"300\" height=\"99\" src=\"https:\/\/www.lirapopular.cl\/lirapopularxix\/wp-content\/uploads\/2020\/08\/LO0012577-300x99.jpg\" alt=\"\" class=\"wp-image-11033\" srcset=\"https:\/\/www.lirapopular.cl\/lirapopularxix\/wp-content\/uploads\/2020\/08\/LO0012577-300x99.jpg 300w, https:\/\/www.lirapopular.cl\/lirapopularxix\/wp-content\/uploads\/2020\/08\/LO0012577-768x254.jpg 768w, https:\/\/www.lirapopular.cl\/lirapopularxix\/wp-content\/uploads\/2020\/08\/LO0012577.jpg 1000w\" sizes=\"auto, (max-width: 300px) 100vw, 300px\" \/><\/a><figcaption>Archivo de Literatura Oral<br>Colecci\u00f3n Alamiro de \u00c1vila<\/figcaption><\/figure><\/div>\n\n\n\n<p>Nota: El 1er ejemplar tiene escrito a mano con l\u00e1piz rojo \u201c353\u201d<br>El 2\u00ba ejemplar tiene escrito a mano con l\u00e1piz azul \u201c12\u201d. Por el reverso &#8220;233&#8221;, &#8220;229&#8221;.<br>Documentos optimizados digitalmente.<\/p>\n\n\n\n<p>1 Aunque est\u00e1 firmada como J.H.C., la Biblioteca Nacional la atribuye a Jos\u00e9 Hip\u00f3lito Cordero.<\/p>\n","protected":false},"excerpt":{"rendered":"<p>Autor: J. H. C.1 Impresor: Impr. de P. Ramirez.\u2013Echaurren, 6.Tama\u00f1o: 25,4 x 36,7 cmClasificaci\u00f3n: 353 I43 Caja N\u00b01b, BN C\u00f3digo:\u00a0LO0012577 La influenza Paso de dos caballeros malogrados Excursi\u00f3n de un alba\u00f1il El rey Salom\u00f3n Nota: El 1er ejemplar tiene escrito a mano con l\u00e1piz rojo \u201c353\u201dEl 2\u00ba ejemplar tiene escrito a mano con l\u00e1piz azul [&hellip;]<\/p>\n","protected":false},"author":1,"featured_media":0,"parent":0,"menu_order":0,"comment_status":"closed","ping_status":"closed","template":"","meta":{"footnotes":""},"class_list":["post-368","page","type-page","status-publish","hentry"],"jetpack_sharing_enabled":true,"_links":{"self":[{"href":"https:\/\/www.lirapopular.cl\/lirapopularxix\/wp-json\/wp\/v2\/pages\/368","targetHints":{"allow":["GET"]}}],"collection":[{"href":"https:\/\/www.lirapopular.cl\/lirapopularxix\/wp-json\/wp\/v2\/pages"}],"about":[{"href":"https:\/\/www.lirapopular.cl\/lirapopularxix\/wp-json\/wp\/v2\/types\/page"}],"author":[{"embeddable":true,"href":"https:\/\/www.lirapopular.cl\/lirapopularxix\/wp-json\/wp\/v2\/users\/1"}],"replies":[{"embeddable":true,"href":"https:\/\/www.lirapopular.cl\/lirapopularxix\/wp-json\/wp\/v2\/comments?post=368"}],"version-history":[{"count":0,"href":"https:\/\/www.lirapopular.cl\/lirapopularxix\/wp-json\/wp\/v2\/pages\/368\/revisions"}],"wp:attachment":[{"href":"https:\/\/www.lirapopular.cl\/lirapopularxix\/wp-json\/wp\/v2\/media?parent=368"}],"curies":[{"name":"wp","href":"https:\/\/api.w.org\/{rel}","templated":true}]}}