{"id":3674,"date":"2019-09-27T13:19:25","date_gmt":"2019-09-27T17:19:25","guid":{"rendered":"https:\/\/www.lirapopular.cl\/lirapopularxix\/?page_id=3674"},"modified":"2024-08-26T22:08:04","modified_gmt":"2024-08-27T01:08:04","slug":"horroroso-drama-un-hombre-muerto-y-despresado-por-su-mujer-el-mes-proximo-pasado","status":"publish","type":"page","link":"https:\/\/www.lirapopular.cl\/lirapopularxix\/horroroso-drama-un-hombre-muerto-y-despresado-por-su-mujer-el-mes-proximo-pasado\/","title":{"rendered":"HORROROSO DRAMA <BR>UN HOMBRE MUERTO Y DESPRESADO POR SU MUJER EL MES PR\u00d3XIMO PASADO"},"content":{"rendered":"<div class=\"wp-block-image\">\n<figure class=\"alignright\"><a href=\"https:\/\/www.lirapopular.cl\/lirapopularxix\/wp-content\/uploads\/2019\/09\/629.jpg\"><img loading=\"lazy\" decoding=\"async\" width=\"197\" height=\"300\" src=\"https:\/\/www.lirapopular.cl\/lirapopularxix\/wp-content\/uploads\/2019\/09\/629-197x300.jpg\" alt=\"\" class=\"wp-image-3675\" srcset=\"https:\/\/www.lirapopular.cl\/lirapopularxix\/wp-content\/uploads\/2019\/09\/629-197x300.jpg 197w, https:\/\/www.lirapopular.cl\/lirapopularxix\/wp-content\/uploads\/2019\/09\/629.jpg 657w\" sizes=\"auto, (max-width: 197px) 100vw, 197px\" \/><\/a><figcaption class=\"wp-element-caption\">Colecci\u00f3n Lira Popular de la Universidad de Chile<\/figcaption><\/figure>\n<\/div>\n\n\n<p>Autor: El Chonchon<br>Impresor: Sin informaci\u00f3n<br>Tama\u00f1o: 53 x 34 cm<br>Clasificaci\u00f3n: 629 C431h Caja N\u00b011a<\/p>\n\n\n\n<ul class=\"wp-block-list\">\n<li><a href=\"https:\/\/https:\/\/www.lirapopular.cl\/lirapopularxix\/2019\/09\/27\/horroroso-drama-un-homere-muerto-y-despresado-por-su-mujer\/\">Horroroso drama un hombre muerto y despresado por su mujer <\/a><\/li>\n\n\n\n<li><a href=\"https:\/\/https:\/\/www.lirapopular.cl\/lirapopularxix\/2019\/09\/27\/a-ella\/\">A ella\u2026!<\/a><\/li>\n\n\n\n<li><a href=\"https:\/\/https:\/\/www.lirapopular.cl\/lirapopularxix\/2019\/09\/27\/brindis-de-un-abogado\/\">Brindis de un abogado<\/a><\/li>\n\n\n\n<li><a href=\"https:\/\/https:\/\/www.lirapopular.cl\/lirapopularxix\/2019\/09\/27\/padecimientos-de-un-jugador-al-naipe\/\">Padecimientos de un jugador al naipe<\/a><\/li>\n\n\n\n<li><a href=\"https:\/\/https:\/\/www.lirapopular.cl\/lirapopularxix\/2019\/09\/27\/aletazos-2\/\">Aletazos<\/a><\/li>\n<\/ul>\n\n\n\n<p>Nota: Este ejemplar tiene escrito a mano con l\u00e1piz rojo \u201c629\u201d<\/p>\n","protected":false},"excerpt":{"rendered":"<p>Autor: El ChonchonImpresor: Sin informaci\u00f3nTama\u00f1o: 53 x 34 cmClasificaci\u00f3n: 629 C431h Caja N\u00b011a Nota: Este ejemplar tiene escrito a mano con l\u00e1piz rojo \u201c629\u201d<\/p>\n","protected":false},"author":1,"featured_media":0,"parent":0,"menu_order":0,"comment_status":"closed","ping_status":"closed","template":"","meta":{"footnotes":""},"class_list":["post-3674","page","type-page","status-publish","hentry"],"jetpack_sharing_enabled":true,"_links":{"self":[{"href":"https:\/\/www.lirapopular.cl\/lirapopularxix\/wp-json\/wp\/v2\/pages\/3674","targetHints":{"allow":["GET"]}}],"collection":[{"href":"https:\/\/www.lirapopular.cl\/lirapopularxix\/wp-json\/wp\/v2\/pages"}],"about":[{"href":"https:\/\/www.lirapopular.cl\/lirapopularxix\/wp-json\/wp\/v2\/types\/page"}],"author":[{"embeddable":true,"href":"https:\/\/www.lirapopular.cl\/lirapopularxix\/wp-json\/wp\/v2\/users\/1"}],"replies":[{"embeddable":true,"href":"https:\/\/www.lirapopular.cl\/lirapopularxix\/wp-json\/wp\/v2\/comments?post=3674"}],"version-history":[{"count":1,"href":"https:\/\/www.lirapopular.cl\/lirapopularxix\/wp-json\/wp\/v2\/pages\/3674\/revisions"}],"predecessor-version":[{"id":28555,"href":"https:\/\/www.lirapopular.cl\/lirapopularxix\/wp-json\/wp\/v2\/pages\/3674\/revisions\/28555"}],"wp:attachment":[{"href":"https:\/\/www.lirapopular.cl\/lirapopularxix\/wp-json\/wp\/v2\/media?parent=3674"}],"curies":[{"name":"wp","href":"https:\/\/api.w.org\/{rel}","templated":true}]}}