{"id":3655,"date":"2019-09-27T12:24:59","date_gmt":"2019-09-27T16:24:59","guid":{"rendered":"https:\/\/www.lirapopular.cl\/lirapopularxix\/?page_id=3655"},"modified":"2019-09-27T12:24:59","modified_gmt":"2019-09-27T16:24:59","slug":"atroz-intento-de-asesinato-en-la-arjentina-a-nuestro-vice-consul-don-vicente-barrios","status":"publish","type":"page","link":"https:\/\/www.lirapopular.cl\/lirapopularxix\/atroz-intento-de-asesinato-en-la-arjentina-a-nuestro-vice-consul-don-vicente-barrios\/","title":{"rendered":"ATROZ INTENTO DE ASESINATO <BR>EN LA ARJENTINA <BR>A nuestro Vice-Consul don Vicente Barrios"},"content":{"rendered":"\n<div class=\"wp-block-image\"><figure class=\"alignright\"><a href=\"https:\/\/www.lirapopular.cl\/lirapopularxix\/wp-content\/uploads\/2019\/09\/628.jpg\"><img loading=\"lazy\" decoding=\"async\" width=\"202\" height=\"300\" src=\"https:\/\/www.lirapopular.cl\/lirapopularxix\/wp-content\/uploads\/2019\/09\/628-202x300.jpg\" alt=\"\" class=\"wp-image-3657\" srcset=\"https:\/\/www.lirapopular.cl\/lirapopularxix\/wp-content\/uploads\/2019\/09\/628-202x300.jpg 202w, https:\/\/www.lirapopular.cl\/lirapopularxix\/wp-content\/uploads\/2019\/09\/628.jpg 672w\" sizes=\"auto, (max-width: 202px) 100vw, 202px\" \/><\/a><figcaption>Colecci\u00f3n Lira Popular de la Universidad de Chile<\/figcaption><\/figure><\/div>\n\n\n\n<p>Autor: El Conchon<br>Impresor: Sin informaci\u00f3n<br>Tama\u00f1o: 53 x 34,7 cm<br>Clasificaci\u00f3n: 628 C431a Caja N\u00b011a, BN C\u00f3digo:\u00a0LO0012276<\/p>\n\n\n\n<ul class=\"wp-block-list\"><li><a href=\"https:\/\/www.lirapopular.cl\/lirapopularxix\/2019\/09\/27\/atroz-intento-de-asesinato-en-la-arjentina-a-nuestro-vice-consul-don-vicente-barrios-por-un-grupo-de-gobiernistas\/\">Atroz intento de asesinato  en la Arjentina\u2026<\/a><\/li><li><a href=\"https:\/\/www.lirapopular.cl\/lirapopularxix\/2019\/09\/27\/la-aristocracia\/\">La aristocracia<\/a><\/li><li><a href=\"https:\/\/www.lirapopular.cl\/lirapopularxix\/2019\/09\/27\/al-pueblo\/\">Al pueblo<\/a><\/li><li><a href=\"https:\/\/www.lirapopular.cl\/lirapopularxix\/2019\/09\/27\/carta-de-amor-2\/\">Carta de amor<\/a><\/li><li><a href=\"https:\/\/www.lirapopular.cl\/lirapopularxix\/2019\/09\/27\/aletazos\/\">Aletazos<\/a><\/li><\/ul>\n\n\n\n<p>Nota: El 1er ejemplar tiene escrito a mano con l\u00e1piz rojo \u201c628\u201d<br>El nombre del autor fue corregido por el Archivo Central de la U. de Chile y clasificado como &#8220;El Chonchon&#8221;.<br>El 2\u00ba ejemplar tiene escrito a mano con l\u00e1piz rojo \u201c-14-\u201d, con un timbre &#8220;84&#8221;<br>Documentos optimizados digitalmente.<\/p>\n\n\n\n<p><\/p>\n\n\n\n<div class=\"wp-block-image\"><figure class=\"alignright size-medium\"><a href=\"https:\/\/www.lirapopular.cl\/lirapopularxix\/wp-content\/uploads\/2021\/10\/LO0012276.jpg\"><img loading=\"lazy\" decoding=\"async\" width=\"181\" height=\"300\" src=\"https:\/\/www.lirapopular.cl\/lirapopularxix\/wp-content\/uploads\/2021\/10\/LO0012276-181x300.jpg\" alt=\"\" class=\"wp-image-25481\" srcset=\"https:\/\/www.lirapopular.cl\/lirapopularxix\/wp-content\/uploads\/2021\/10\/LO0012276-181x300.jpg 181w, https:\/\/www.lirapopular.cl\/lirapopularxix\/wp-content\/uploads\/2021\/10\/LO0012276.jpg 602w\" sizes=\"auto, (max-width: 181px) 100vw, 181px\" \/><\/a><figcaption>Archivo de Literatura Oral<br>Fondo Rodolfo Lenz<\/figcaption><\/figure><\/div>\n","protected":false},"excerpt":{"rendered":"<p>Autor: El ConchonImpresor: Sin informaci\u00f3nTama\u00f1o: 53 x 34,7 cmClasificaci\u00f3n: 628 C431a Caja N\u00b011a, BN C\u00f3digo:\u00a0LO0012276 Atroz intento de asesinato en la Arjentina\u2026 La aristocracia Al pueblo Carta de amor Aletazos Nota: El 1er ejemplar tiene escrito a mano con l\u00e1piz rojo \u201c628\u201dEl nombre del autor fue corregido por el Archivo Central de la U. de [&hellip;]<\/p>\n","protected":false},"author":1,"featured_media":0,"parent":0,"menu_order":0,"comment_status":"closed","ping_status":"closed","template":"","meta":{"footnotes":""},"class_list":["post-3655","page","type-page","status-publish","hentry"],"jetpack_sharing_enabled":true,"_links":{"self":[{"href":"https:\/\/www.lirapopular.cl\/lirapopularxix\/wp-json\/wp\/v2\/pages\/3655","targetHints":{"allow":["GET"]}}],"collection":[{"href":"https:\/\/www.lirapopular.cl\/lirapopularxix\/wp-json\/wp\/v2\/pages"}],"about":[{"href":"https:\/\/www.lirapopular.cl\/lirapopularxix\/wp-json\/wp\/v2\/types\/page"}],"author":[{"embeddable":true,"href":"https:\/\/www.lirapopular.cl\/lirapopularxix\/wp-json\/wp\/v2\/users\/1"}],"replies":[{"embeddable":true,"href":"https:\/\/www.lirapopular.cl\/lirapopularxix\/wp-json\/wp\/v2\/comments?post=3655"}],"version-history":[{"count":0,"href":"https:\/\/www.lirapopular.cl\/lirapopularxix\/wp-json\/wp\/v2\/pages\/3655\/revisions"}],"wp:attachment":[{"href":"https:\/\/www.lirapopular.cl\/lirapopularxix\/wp-json\/wp\/v2\/media?parent=3655"}],"curies":[{"name":"wp","href":"https:\/\/api.w.org\/{rel}","templated":true}]}}