{"id":3639,"date":"2019-09-25T18:53:17","date_gmt":"2019-09-25T22:53:17","guid":{"rendered":"https:\/\/www.lirapopular.cl\/lirapopularxix\/?page_id=3639"},"modified":"2019-09-25T18:53:17","modified_gmt":"2019-09-25T22:53:17","slug":"el-joven-que-se-ultimo-a-balazos-y-la-nueva-inmigracion-estranjera","status":"publish","type":"page","link":"https:\/\/www.lirapopular.cl\/lirapopularxix\/el-joven-que-se-ultimo-a-balazos-y-la-nueva-inmigracion-estranjera\/","title":{"rendered":"EL J\u00d3VEN QUE SE ULTIM\u00d3 A BALAZOS <BR>Y la nueva inmigracion estranjera"},"content":{"rendered":"\n<div class=\"wp-block-image\"><figure class=\"alignright\"><a href=\"https:\/\/www.lirapopular.cl\/lirapopularxix\/wp-content\/uploads\/2019\/09\/626.jpg\"><img loading=\"lazy\" decoding=\"async\" width=\"180\" height=\"300\" src=\"https:\/\/www.lirapopular.cl\/lirapopularxix\/wp-content\/uploads\/2019\/09\/626-180x300.jpg\" alt=\"\" class=\"wp-image-3640\" srcset=\"https:\/\/www.lirapopular.cl\/lirapopularxix\/wp-content\/uploads\/2019\/09\/626-180x300.jpg 180w, https:\/\/www.lirapopular.cl\/lirapopularxix\/wp-content\/uploads\/2019\/09\/626.jpg 601w\" sizes=\"auto, (max-width: 180px) 100vw, 180px\" \/><\/a><figcaption>Colecci\u00f3n Lira Popular de la Universidad de Chile<\/figcaption><\/figure><\/div>\n\n\n\n<p>Autor: El Chonchon<br> Impresor: Imp. de LA JUSTICIA, Eyzaguirre 84 B<br> Tama\u00f1o: 22 x 37 cm<br> Clasificaci\u00f3n: 626 C431 Caja N\u00b02a<\/p>\n\n\n\n<ul class=\"wp-block-list\"><li><a href=\"https:\/\/www.lirapopular.cl\/lirapopularxix\/2019\/09\/25\/el-joven-que-se-ultimo-por-el-desprecio-de-su-prenda-amada\/\">El joven que se ultim\u00f3  por el desprecio de su prenda amada<\/a><\/li><li><a href=\"https:\/\/www.lirapopular.cl\/lirapopularxix\/2019\/09\/25\/la-nueva-inmigracion\/\">La nueva inmigraci\u00f3n<\/a><\/li><li><a href=\"https:\/\/www.lirapopular.cl\/lirapopularxix\/2019\/09\/25\/a-los-ricos\/\">A los ricos<\/a><\/li><li><a href=\"https:\/\/www.lirapopular.cl\/lirapopularxix\/2019\/09\/25\/a-una-ingrata\/\">A una ingrata<\/a><\/li><\/ul>\n\n\n\n<p>Nota: Este ejemplar tiene escrito a mano con l\u00e1piz rojo \u201c626\u201d<\/p>\n","protected":false},"excerpt":{"rendered":"<p>Autor: El Chonchon Impresor: Imp. de LA JUSTICIA, Eyzaguirre 84 B Tama\u00f1o: 22 x 37 cm Clasificaci\u00f3n: 626 C431 Caja N\u00b02a El joven que se ultim\u00f3 por el desprecio de su prenda amada La nueva inmigraci\u00f3n A los ricos A una ingrata Nota: Este ejemplar tiene escrito a mano con l\u00e1piz rojo \u201c626\u201d<\/p>\n","protected":false},"author":1,"featured_media":0,"parent":0,"menu_order":0,"comment_status":"closed","ping_status":"closed","template":"","meta":{"footnotes":""},"class_list":["post-3639","page","type-page","status-publish","hentry"],"jetpack_sharing_enabled":true,"_links":{"self":[{"href":"https:\/\/www.lirapopular.cl\/lirapopularxix\/wp-json\/wp\/v2\/pages\/3639","targetHints":{"allow":["GET"]}}],"collection":[{"href":"https:\/\/www.lirapopular.cl\/lirapopularxix\/wp-json\/wp\/v2\/pages"}],"about":[{"href":"https:\/\/www.lirapopular.cl\/lirapopularxix\/wp-json\/wp\/v2\/types\/page"}],"author":[{"embeddable":true,"href":"https:\/\/www.lirapopular.cl\/lirapopularxix\/wp-json\/wp\/v2\/users\/1"}],"replies":[{"embeddable":true,"href":"https:\/\/www.lirapopular.cl\/lirapopularxix\/wp-json\/wp\/v2\/comments?post=3639"}],"version-history":[{"count":0,"href":"https:\/\/www.lirapopular.cl\/lirapopularxix\/wp-json\/wp\/v2\/pages\/3639\/revisions"}],"wp:attachment":[{"href":"https:\/\/www.lirapopular.cl\/lirapopularxix\/wp-json\/wp\/v2\/media?parent=3639"}],"curies":[{"name":"wp","href":"https:\/\/api.w.org\/{rel}","templated":true}]}}