{"id":3542,"date":"2019-09-20T20:25:00","date_gmt":"2019-09-21T00:25:00","guid":{"rendered":"https:\/\/www.lirapopular.cl\/lirapopularxix\/?page_id=3542"},"modified":"2019-09-20T20:25:00","modified_gmt":"2019-09-21T00:25:00","slug":"los-dos-asesinatos","status":"publish","type":"page","link":"https:\/\/www.lirapopular.cl\/lirapopularxix\/los-dos-asesinatos\/","title":{"rendered":"LOS DOS ASESINATOS"},"content":{"rendered":"\n<div class=\"wp-block-image\"><figure class=\"alignright\"><a href=\"https:\/\/www.lirapopular.cl\/lirapopularxix\/wp-content\/uploads\/2019\/09\/647.jpg\"><img decoding=\"async\" src=\"https:\/\/www.lirapopular.cl\/lirapopularxix\/wp-content\/uploads\/2019\/09\/647-300x214.jpg\" alt=\"\" class=\"wp-image-3543\"\/><\/a><figcaption>Colecci\u00f3n Lira Popular de la<br>Universidad de Chile<\/figcaption><\/figure><\/div>\n\n\n\n<p>Autor: R. Dosele, Rolak<br>Impresor: Sin informaci\u00f3n<br>Tama\u00f1o: 53 x 37,2 cm<br>Clasificaci\u00f3n: 647 D722 Caja N\u00b011a y 837 R774d Caja N\u00b012a<\/p>\n\n\n\n<ul class=\"wp-block-list\"><li><a href=\"https:\/\/www.lirapopular.cl\/lirapopularxix\/2019\/09\/21\/el-gran-crimen-de-los-tribunales\/\">El gran crimen de los Tribunales<\/a><\/li><li><a href=\"https:\/\/www.lirapopular.cl\/lirapopularxix\/2019\/09\/21\/gran-asesinato-de-la-madre-i-la-hija-en-la-calle-de-chacabuco-num-88\/\">Gran asesinato de la madre y la hija en la calle de Chacabuco n\u00fam. 88<\/a><\/li><li><a href=\"https:\/\/www.lirapopular.cl\/lirapopularxix\/2019\/09\/21\/declaracion-del-reo-jose-tomas-bermal\/\">Declaraci\u00f3n del reo Jos\u00e9 Tom\u00e1s Bermal<\/a><\/li><li><a href=\"https:\/\/www.lirapopular.cl\/lirapopularxix\/2019\/09\/21\/sentencia-del-juez\/\">Sentencia del juez<\/a><\/li><li><a href=\"https:\/\/www.lirapopular.cl\/lirapopularxix\/2019\/09\/21\/declaracion-del-reo-jose-manuel-salas\/\">Declaraci\u00f3n del reo Jos\u00e9 Manuel Salas<\/a><\/li><li><a href=\"https:\/\/www.lirapopular.cl\/lirapopularxix\/2019\/09\/21\/fusilamiento-de-bermal-i-salas\/\">Fusilamiento de Bermal y Salas<\/a><\/li><li><a href=\"https:\/\/www.lirapopular.cl\/lirapopularxix\/2019\/09\/21\/carta-de-salas\/\">Carta de Salas<\/a><\/li><\/ul>\n\n\n\n<p>Nota: Ambos impresos son id\u00e9nticos, solo cambia el autor.<br>El 1er ejemplar tiene escrito a mano con l\u00e1piz rojo \u201c647\u201d<br>El 2\u00ba ejemplar tiene escrito a mano con l\u00e1piz rojo \u201c837\u201d<br>Documentos optimizados digitalmente.<\/p>\n\n\n\n<div class=\"wp-block-image\"><figure class=\"alignright size-medium\"><a href=\"https:\/\/www.lirapopular.cl\/lirapopularxix\/wp-content\/uploads\/2021\/05\/837.jpg\"><img loading=\"lazy\" decoding=\"async\" width=\"300\" height=\"209\" src=\"https:\/\/www.lirapopular.cl\/lirapopularxix\/wp-content\/uploads\/2021\/05\/837-300x209.jpg\" alt=\"\" class=\"wp-image-19384\" srcset=\"https:\/\/www.lirapopular.cl\/lirapopularxix\/wp-content\/uploads\/2021\/05\/837-300x209.jpg 300w, https:\/\/www.lirapopular.cl\/lirapopularxix\/wp-content\/uploads\/2021\/05\/837-768x536.jpg 768w, https:\/\/www.lirapopular.cl\/lirapopularxix\/wp-content\/uploads\/2021\/05\/837.jpg 1000w\" sizes=\"auto, (max-width: 300px) 100vw, 300px\" \/><\/a><figcaption>Colecci\u00f3n Lira Popular de la<br>Universidad de Chile<\/figcaption><\/figure><\/div>\n","protected":false},"excerpt":{"rendered":"<p>Autor: R. Dosele, RolakImpresor: Sin informaci\u00f3nTama\u00f1o: 53 x 37,2 cmClasificaci\u00f3n: 647 D722 Caja N\u00b011a y 837 R774d Caja N\u00b012a El gran crimen de los Tribunales Gran asesinato de la madre y la hija en la calle de Chacabuco n\u00fam. 88 Declaraci\u00f3n del reo Jos\u00e9 Tom\u00e1s Bermal Sentencia del juez Declaraci\u00f3n del reo Jos\u00e9 Manuel Salas [&hellip;]<\/p>\n","protected":false},"author":1,"featured_media":0,"parent":0,"menu_order":0,"comment_status":"closed","ping_status":"closed","template":"","meta":{"footnotes":""},"class_list":["post-3542","page","type-page","status-publish","hentry"],"jetpack_sharing_enabled":true,"_links":{"self":[{"href":"https:\/\/www.lirapopular.cl\/lirapopularxix\/wp-json\/wp\/v2\/pages\/3542","targetHints":{"allow":["GET"]}}],"collection":[{"href":"https:\/\/www.lirapopular.cl\/lirapopularxix\/wp-json\/wp\/v2\/pages"}],"about":[{"href":"https:\/\/www.lirapopular.cl\/lirapopularxix\/wp-json\/wp\/v2\/types\/page"}],"author":[{"embeddable":true,"href":"https:\/\/www.lirapopular.cl\/lirapopularxix\/wp-json\/wp\/v2\/users\/1"}],"replies":[{"embeddable":true,"href":"https:\/\/www.lirapopular.cl\/lirapopularxix\/wp-json\/wp\/v2\/comments?post=3542"}],"version-history":[{"count":0,"href":"https:\/\/www.lirapopular.cl\/lirapopularxix\/wp-json\/wp\/v2\/pages\/3542\/revisions"}],"wp:attachment":[{"href":"https:\/\/www.lirapopular.cl\/lirapopularxix\/wp-json\/wp\/v2\/media?parent=3542"}],"curies":[{"name":"wp","href":"https:\/\/api.w.org\/{rel}","templated":true}]}}