{"id":3513,"date":"2019-09-20T09:08:28","date_gmt":"2019-09-20T13:08:28","guid":{"rendered":"https:\/\/www.lirapopular.cl\/lirapopularxix\/?page_id=3513"},"modified":"2019-09-20T09:08:28","modified_gmt":"2019-09-20T13:08:28","slug":"horroroso-crimen-en-coronel","status":"publish","type":"page","link":"https:\/\/www.lirapopular.cl\/lirapopularxix\/horroroso-crimen-en-coronel\/","title":{"rendered":"HORROROSO CRIMEN EN CORONEL"},"content":{"rendered":"\n<div class=\"wp-block-image\"><figure class=\"alignright\"><a href=\"https:\/\/www.lirapopular.cl\/lirapopularxix\/wp-content\/uploads\/2019\/09\/643.jpg\"><img loading=\"lazy\" decoding=\"async\" width=\"206\" height=\"300\" src=\"https:\/\/www.lirapopular.cl\/lirapopularxix\/wp-content\/uploads\/2019\/09\/643-206x300.jpg\" alt=\"\" class=\"wp-image-3514\" srcset=\"https:\/\/www.lirapopular.cl\/lirapopularxix\/wp-content\/uploads\/2019\/09\/643-206x300.jpg 206w, https:\/\/www.lirapopular.cl\/lirapopularxix\/wp-content\/uploads\/2019\/09\/643.jpg 685w\" sizes=\"auto, (max-width: 206px) 100vw, 206px\" \/><\/a><figcaption>Colecci\u00f3n Lira Popular de la Universidad de Chile<\/figcaption><\/figure><\/div>\n\n\n\n<p>Autor: Jorje Antonio Diaz (Poeta Nortino)<br>Impresor: Sin informaci\u00f3n<br>Tama\u00f1o: 53 x 35 cm <br>Clasificaci\u00f3n: 643 D542 Caja N\u00b011a<\/p>\n\n\n\n<ul class=\"wp-block-list\"><li><a href=\"https:\/\/www.lirapopular.cl\/lirapopularxix\/2019\/09\/20\/horroroso-crimen-en-coronel-romance\/\">Horroroso crimen en Coronel<\/a><\/li><li><a href=\"https:\/\/www.lirapopular.cl\/lirapopularxix\/2019\/09\/20\/glosas-de-amor-el-i-ella\/\">Glosas de amor. \u00c9l y ella<\/a><\/li><li><a href=\"https:\/\/www.lirapopular.cl\/lirapopularxix\/2019\/09\/20\/olas-i-penas-carta-a-un-amigo-que-se-casa\/\">Olas y pe\u00f1as (carta a un amigo que se casa)<\/a><\/li><li><a href=\"https:\/\/www.lirapopular.cl\/lirapopularxix\/2019\/09\/20\/ni-olas-ni-penas-contestacion-a-la-carta-anterior\/\">Ni olas ni pe\u00f1as  (contestaci\u00f3n a la carta anterior)<\/a><\/li><li><a href=\"https:\/\/www.lirapopular.cl\/lirapopularxix\/2019\/09\/20\/drama-bochornoso\/\">Drama Bochornoso<\/a><\/li><li><a href=\"https:\/\/www.lirapopular.cl\/lirapopularxix\/2019\/09\/20\/otro\/\">Otro<\/a><\/li><li><a href=\"https:\/\/www.lirapopular.cl\/lirapopularxix\/2019\/09\/20\/cantares-5\/\">Cantares<\/a><\/li><\/ul>\n\n\n\n<p>Nota: Este ejemplar tiene escrito a mano con l\u00e1piz rojo \u201c643\u201d<\/p>\n","protected":false},"excerpt":{"rendered":"<p>Autor: Jorje Antonio Diaz (Poeta Nortino)Impresor: Sin informaci\u00f3nTama\u00f1o: 53 x 35 cm Clasificaci\u00f3n: 643 D542 Caja N\u00b011a Horroroso crimen en Coronel Glosas de amor. \u00c9l y ella Olas y pe\u00f1as (carta a un amigo que se casa) Ni olas ni pe\u00f1as (contestaci\u00f3n a la carta anterior) Drama Bochornoso Otro Cantares Nota: Este ejemplar tiene escrito [&hellip;]<\/p>\n","protected":false},"author":1,"featured_media":0,"parent":0,"menu_order":0,"comment_status":"closed","ping_status":"closed","template":"","meta":{"footnotes":""},"class_list":["post-3513","page","type-page","status-publish","hentry"],"jetpack_sharing_enabled":true,"_links":{"self":[{"href":"https:\/\/www.lirapopular.cl\/lirapopularxix\/wp-json\/wp\/v2\/pages\/3513","targetHints":{"allow":["GET"]}}],"collection":[{"href":"https:\/\/www.lirapopular.cl\/lirapopularxix\/wp-json\/wp\/v2\/pages"}],"about":[{"href":"https:\/\/www.lirapopular.cl\/lirapopularxix\/wp-json\/wp\/v2\/types\/page"}],"author":[{"embeddable":true,"href":"https:\/\/www.lirapopular.cl\/lirapopularxix\/wp-json\/wp\/v2\/users\/1"}],"replies":[{"embeddable":true,"href":"https:\/\/www.lirapopular.cl\/lirapopularxix\/wp-json\/wp\/v2\/comments?post=3513"}],"version-history":[{"count":0,"href":"https:\/\/www.lirapopular.cl\/lirapopularxix\/wp-json\/wp\/v2\/pages\/3513\/revisions"}],"wp:attachment":[{"href":"https:\/\/www.lirapopular.cl\/lirapopularxix\/wp-json\/wp\/v2\/media?parent=3513"}],"curies":[{"name":"wp","href":"https:\/\/api.w.org\/{rel}","templated":true}]}}