{"id":3454,"date":"2019-09-19T10:35:04","date_gmt":"2019-09-19T14:35:04","guid":{"rendered":"https:\/\/www.lirapopular.cl\/lirapopularxix\/?page_id=3454"},"modified":"2019-09-19T10:35:04","modified_gmt":"2019-09-19T14:35:04","slug":"el-horrible-crimen-de-belarmino-ponce","status":"publish","type":"page","link":"https:\/\/www.lirapopular.cl\/lirapopularxix\/el-horrible-crimen-de-belarmino-ponce\/","title":{"rendered":"EL HORRIBLE CR\u00cdMEN <BR>DE <br>BELARMINO PONCE"},"content":{"rendered":"\n<div class=\"wp-block-image\"><figure class=\"alignright\"><a href=\"https:\/\/www.lirapopular.cl\/lirapopularxix\/wp-content\/uploads\/2019\/09\/585.jpg\"><img loading=\"lazy\" decoding=\"async\" width=\"300\" height=\"210\" src=\"https:\/\/www.lirapopular.cl\/lirapopularxix\/wp-content\/uploads\/2019\/09\/585-300x210.jpg\" alt=\"\" class=\"wp-image-3455\" srcset=\"https:\/\/www.lirapopular.cl\/lirapopularxix\/wp-content\/uploads\/2019\/09\/585-300x210.jpg 300w, https:\/\/www.lirapopular.cl\/lirapopularxix\/wp-content\/uploads\/2019\/09\/585-768x538.jpg 768w, https:\/\/www.lirapopular.cl\/lirapopularxix\/wp-content\/uploads\/2019\/09\/585.jpg 1000w\" sizes=\"auto, (max-width: 300px) 100vw, 300px\" \/><\/a><figcaption>Colecci\u00f3n Lira Popular de la Universidad de Chile<\/figcaption><\/figure><\/div>\n\n\n\n<p>Autor: Antonio Contreras Suares<br>Impresor: Sin informaci\u00f3n<br>Tama\u00f1o: 55,4 x 37,4 cm<br>Clasificaci\u00f3n: 585 C819b Caja N\u00b011a<\/p>\n\n\n\n<ul class=\"wp-block-list\"><li><a href=\"https:\/\/www.lirapopular.cl\/lirapopularxix\/2019\/09\/19\/el-horrible-crimen-de-belarmino-ponce-en-el-hotel-de-los-andes\/\">El horrible cr\u00edmen  de Belarmino Ponce en el Hotel de Los Andes<\/a><\/li><li><a href=\"https:\/\/www.lirapopular.cl\/lirapopularxix\/2019\/09\/19\/carta-del-reo-belarmino-ponce-a-su-desventurada-madre\/\">Carta del reo Belarmino Ponce  a su desventurada madre.<\/a><\/li><li><a href=\"https:\/\/www.lirapopular.cl\/lirapopularxix\/2019\/09\/19\/un-remitido-de-despedida-del-reo-ponce-a-sus-amigos-de-ayer\/\">Un remitido de despedida del reo Ponce a sus amigos de ayer.<\/a><\/li><li><a href=\"https:\/\/www.lirapopular.cl\/lirapopularxix\/2019\/09\/19\/la-ejecucion-del-reo-belarmino-a-las-nueve-del-dia\/\">La ejecuci\u00f3n del reo Belarmino  a las nueve del d\u00eda<\/a><\/li><\/ul>\n\n\n\n<p>Nota: Este ejemplar tiene escrito a mano con l\u00e1piz rojo \u201c585\u201d<\/p>\n","protected":false},"excerpt":{"rendered":"<p>Autor: Antonio Contreras SuaresImpresor: Sin informaci\u00f3nTama\u00f1o: 55,4 x 37,4 cmClasificaci\u00f3n: 585 C819b Caja N\u00b011a El horrible cr\u00edmen de Belarmino Ponce en el Hotel de Los Andes Carta del reo Belarmino Ponce a su desventurada madre. Un remitido de despedida del reo Ponce a sus amigos de ayer. La ejecuci\u00f3n del reo Belarmino a las nueve [&hellip;]<\/p>\n","protected":false},"author":1,"featured_media":0,"parent":0,"menu_order":0,"comment_status":"closed","ping_status":"closed","template":"","meta":{"footnotes":""},"class_list":["post-3454","page","type-page","status-publish","hentry"],"jetpack_sharing_enabled":true,"_links":{"self":[{"href":"https:\/\/www.lirapopular.cl\/lirapopularxix\/wp-json\/wp\/v2\/pages\/3454","targetHints":{"allow":["GET"]}}],"collection":[{"href":"https:\/\/www.lirapopular.cl\/lirapopularxix\/wp-json\/wp\/v2\/pages"}],"about":[{"href":"https:\/\/www.lirapopular.cl\/lirapopularxix\/wp-json\/wp\/v2\/types\/page"}],"author":[{"embeddable":true,"href":"https:\/\/www.lirapopular.cl\/lirapopularxix\/wp-json\/wp\/v2\/users\/1"}],"replies":[{"embeddable":true,"href":"https:\/\/www.lirapopular.cl\/lirapopularxix\/wp-json\/wp\/v2\/comments?post=3454"}],"version-history":[{"count":0,"href":"https:\/\/www.lirapopular.cl\/lirapopularxix\/wp-json\/wp\/v2\/pages\/3454\/revisions"}],"wp:attachment":[{"href":"https:\/\/www.lirapopular.cl\/lirapopularxix\/wp-json\/wp\/v2\/media?parent=3454"}],"curies":[{"name":"wp","href":"https:\/\/api.w.org\/{rel}","templated":true}]}}