{"id":3439,"date":"2019-09-16T21:37:40","date_gmt":"2019-09-17T01:37:40","guid":{"rendered":"https:\/\/www.lirapopular.cl\/lirapopularxix\/?page_id=3439"},"modified":"2019-09-16T21:37:40","modified_gmt":"2019-09-17T01:37:40","slug":"un-horroroso-crimen-de-parricidio-en-chillan","status":"publish","type":"page","link":"https:\/\/www.lirapopular.cl\/lirapopularxix\/un-horroroso-crimen-de-parricidio-en-chillan\/","title":{"rendered":"UN HORROROSO CRIMEN <br>DE PARRICIDIO EN CHILLAN."},"content":{"rendered":"\n<div class=\"wp-block-image\"><figure class=\"alignright\"><a href=\"https:\/\/www.lirapopular.cl\/lirapopularxix\/wp-content\/uploads\/2019\/09\/584.jpg\"><img loading=\"lazy\" decoding=\"async\" width=\"300\" height=\"239\" src=\"https:\/\/www.lirapopular.cl\/lirapopularxix\/wp-content\/uploads\/2019\/09\/584-300x239.jpg\" alt=\"\" class=\"wp-image-3440\" srcset=\"https:\/\/www.lirapopular.cl\/lirapopularxix\/wp-content\/uploads\/2019\/09\/584-300x239.jpg 300w, https:\/\/www.lirapopular.cl\/lirapopularxix\/wp-content\/uploads\/2019\/09\/584-768x613.jpg 768w, https:\/\/www.lirapopular.cl\/lirapopularxix\/wp-content\/uploads\/2019\/09\/584.jpg 1000w\" sizes=\"auto, (max-width: 300px) 100vw, 300px\" \/><\/a><figcaption>Colecci\u00f3n Lira Popular de la <br>Universidad de Chile<\/figcaption><\/figure><\/div>\n\n\n\n<p>Autor: Antonio Contreras Su\u00e1rez<br>Impresor: 2787\u2014Imp. Nuevo Mercurio\u2014Las Heras 219-C<br>Tama\u00f1o: 48 x 35 cm<br>Clasificaci\u00f3n: 584 C819p Caja N\u00b01a<\/p>\n\n\n\n<ul class=\"wp-block-list\"><li><a href=\"https:\/\/www.lirapopular.cl\/lirapopularxix\/2019\/09\/19\/ei-horroroso-crimen-de-parricidio-en-chillan\/\">Un horroroso crimen de parricidio en Chill\u00e1n<\/a><\/li><li><a href=\"https:\/\/www.lirapopular.cl\/lirapopularxix\/2019\/09\/19\/sobre-el-mismo-crimen\/\">Sobre el mismo crimen<\/a><\/li><li><a href=\"https:\/\/www.lirapopular.cl\/lirapopularxix\/2019\/09\/19\/el-precioso-codigo-de-los-casados-3\/\">El precioso c\u00f3digo de los casados<\/a><\/li><\/ul>\n\n\n\n<p>Nota: Este ejemplar tiene escrito a mano con l\u00e1piz rojo \u201c584\u201d<\/p>\n","protected":false},"excerpt":{"rendered":"<p>Autor: Antonio Contreras Su\u00e1rezImpresor: 2787\u2014Imp. Nuevo Mercurio\u2014Las Heras 219-CTama\u00f1o: 48 x 35 cmClasificaci\u00f3n: 584 C819p Caja N\u00b01a Un horroroso crimen de parricidio en Chill\u00e1n Sobre el mismo crimen El precioso c\u00f3digo de los casados Nota: Este ejemplar tiene escrito a mano con l\u00e1piz rojo \u201c584\u201d<\/p>\n","protected":false},"author":1,"featured_media":0,"parent":0,"menu_order":0,"comment_status":"closed","ping_status":"closed","template":"","meta":{"footnotes":""},"class_list":["post-3439","page","type-page","status-publish","hentry"],"jetpack_sharing_enabled":true,"_links":{"self":[{"href":"https:\/\/www.lirapopular.cl\/lirapopularxix\/wp-json\/wp\/v2\/pages\/3439","targetHints":{"allow":["GET"]}}],"collection":[{"href":"https:\/\/www.lirapopular.cl\/lirapopularxix\/wp-json\/wp\/v2\/pages"}],"about":[{"href":"https:\/\/www.lirapopular.cl\/lirapopularxix\/wp-json\/wp\/v2\/types\/page"}],"author":[{"embeddable":true,"href":"https:\/\/www.lirapopular.cl\/lirapopularxix\/wp-json\/wp\/v2\/users\/1"}],"replies":[{"embeddable":true,"href":"https:\/\/www.lirapopular.cl\/lirapopularxix\/wp-json\/wp\/v2\/comments?post=3439"}],"version-history":[{"count":0,"href":"https:\/\/www.lirapopular.cl\/lirapopularxix\/wp-json\/wp\/v2\/pages\/3439\/revisions"}],"wp:attachment":[{"href":"https:\/\/www.lirapopular.cl\/lirapopularxix\/wp-json\/wp\/v2\/media?parent=3439"}],"curies":[{"name":"wp","href":"https:\/\/api.w.org\/{rel}","templated":true}]}}