{"id":3414,"date":"2019-09-16T14:57:53","date_gmt":"2019-09-16T18:57:53","guid":{"rendered":"https:\/\/www.lirapopular.cl\/lirapopularxix\/?page_id=3414"},"modified":"2019-09-16T14:57:53","modified_gmt":"2019-09-16T18:57:53","slug":"el-colera-vuelve-a-la-capital-de-chile","status":"publish","type":"page","link":"https:\/\/www.lirapopular.cl\/lirapopularxix\/el-colera-vuelve-a-la-capital-de-chile\/","title":{"rendered":"EL C\u00d3LERA VUELVE <BR>A LA CAPITAL DE CHILE"},"content":{"rendered":"\n<div class=\"wp-block-image\"><figure class=\"alignright\"><a href=\"https:\/\/www.lirapopular.cl\/lirapopularxix\/wp-content\/uploads\/2019\/09\/582.jpg\"><img loading=\"lazy\" decoding=\"async\" width=\"300\" height=\"211\" src=\"https:\/\/www.lirapopular.cl\/lirapopularxix\/wp-content\/uploads\/2019\/09\/582-300x211.jpg\" alt=\"\" class=\"wp-image-3418\" srcset=\"https:\/\/www.lirapopular.cl\/lirapopularxix\/wp-content\/uploads\/2019\/09\/582-300x211.jpg 300w, https:\/\/www.lirapopular.cl\/lirapopularxix\/wp-content\/uploads\/2019\/09\/582-768x539.jpg 768w, https:\/\/www.lirapopular.cl\/lirapopularxix\/wp-content\/uploads\/2019\/09\/582.jpg 1000w\" sizes=\"auto, (max-width: 300px) 100vw, 300px\" \/><\/a><figcaption>Colecci\u00f3n Lira Popular de la <br>Universidad de Chile<\/figcaption><\/figure><\/div>\n\n\n\n<p>Autor: Antonio Contreras Su\u00e1rez<br>Impresor: Sin informaci\u00f3n<br>Tama\u00f1o: 51,2 x 34,2 cm<br>Clasificaci\u00f3n: 582 C819c Caja N\u00b01a<\/p>\n\n\n\n<ul class=\"wp-block-list\"><li><a href=\"https:\/\/www.lirapopular.cl\/lirapopularxix\/2019\/09\/16\/el-colera-vuelve-a-la-capital-de-chile\/\">El c\u00f3lera vuelve a la capital de Chile<\/a><\/li><li><a href=\"https:\/\/www.lirapopular.cl\/lirapopularxix\/2019\/09\/16\/una-breve-instruccion-hijienica-para-librarse-del-colera\/\">Una breve instrucci\u00f3n higi\u00e9nica para librarse del c\u00f3lera<\/a><\/li><li><a href=\"https:\/\/www.lirapopular.cl\/lirapopularxix\/2019\/09\/16\/el-baccilus-coma-o-el-colera-mismo\/\">El baccilus-coma o el c\u00f3lera mismo<\/a><\/li><li><a href=\"https:\/\/www.lirapopular.cl\/lirapopularxix\/2019\/09\/16\/en-el-nacimiento-del-nino-dios\/\">En el nacimiento del Ni\u00f1o-Dios<\/a><\/li><li><a href=\"https:\/\/www.lirapopular.cl\/lirapopularxix\/2019\/09\/16\/regalos-al-nino-dios\/\">Regalos al Ni\u00f1o-Dios<\/a><\/li><li><a href=\"https:\/\/www.lirapopular.cl\/lirapopularxix\/2019\/09\/16\/la-confesion-de-una-huasita\/\">La confesi\u00f3n de una  huasita<\/a><\/li><li><a href=\"https:\/\/www.lirapopular.cl\/lirapopularxix\/2019\/09\/16\/el-resultado-de-la-buena-o-mala-crianza-de-las-ninas\/\">El resultado de la buena o mala crianza de las ni\u00f1as<\/a><\/li><\/ul>\n\n\n\n<p>Nota: Este ejemplar tiene escrito a mano con l\u00e1piz rojo \u201c582\u201d<\/p>\n","protected":false},"excerpt":{"rendered":"<p>Autor: Antonio Contreras Su\u00e1rezImpresor: Sin informaci\u00f3nTama\u00f1o: 51,2 x 34,2 cmClasificaci\u00f3n: 582 C819c Caja N\u00b01a El c\u00f3lera vuelve a la capital de Chile Una breve instrucci\u00f3n higi\u00e9nica para librarse del c\u00f3lera El baccilus-coma o el c\u00f3lera mismo En el nacimiento del Ni\u00f1o-Dios Regalos al Ni\u00f1o-Dios La confesi\u00f3n de una huasita El resultado de la buena o [&hellip;]<\/p>\n","protected":false},"author":1,"featured_media":0,"parent":0,"menu_order":0,"comment_status":"closed","ping_status":"closed","template":"","meta":{"footnotes":""},"class_list":["post-3414","page","type-page","status-publish","hentry"],"jetpack_sharing_enabled":true,"_links":{"self":[{"href":"https:\/\/www.lirapopular.cl\/lirapopularxix\/wp-json\/wp\/v2\/pages\/3414","targetHints":{"allow":["GET"]}}],"collection":[{"href":"https:\/\/www.lirapopular.cl\/lirapopularxix\/wp-json\/wp\/v2\/pages"}],"about":[{"href":"https:\/\/www.lirapopular.cl\/lirapopularxix\/wp-json\/wp\/v2\/types\/page"}],"author":[{"embeddable":true,"href":"https:\/\/www.lirapopular.cl\/lirapopularxix\/wp-json\/wp\/v2\/users\/1"}],"replies":[{"embeddable":true,"href":"https:\/\/www.lirapopular.cl\/lirapopularxix\/wp-json\/wp\/v2\/comments?post=3414"}],"version-history":[{"count":0,"href":"https:\/\/www.lirapopular.cl\/lirapopularxix\/wp-json\/wp\/v2\/pages\/3414\/revisions"}],"wp:attachment":[{"href":"https:\/\/www.lirapopular.cl\/lirapopularxix\/wp-json\/wp\/v2\/media?parent=3414"}],"curies":[{"name":"wp","href":"https:\/\/api.w.org\/{rel}","templated":true}]}}