{"id":3406,"date":"2019-09-15T15:04:21","date_gmt":"2019-09-15T19:04:21","guid":{"rendered":"https:\/\/www.lirapopular.cl\/lirapopularxix\/?page_id=3406"},"modified":"2019-09-15T15:04:21","modified_gmt":"2019-09-15T19:04:21","slug":"las-diez-muertes-hechas-por-la-terrible-ana-maria-santander","status":"publish","type":"page","link":"https:\/\/www.lirapopular.cl\/lirapopularxix\/las-diez-muertes-hechas-por-la-terrible-ana-maria-santander\/","title":{"rendered":"LAS DIEZ MUERTES <BR>HECHAS POR LA TERRIBLE JUANA MAR\u00cdA <BR>SANTANDER"},"content":{"rendered":"\n<div class=\"wp-block-image\"><figure class=\"alignright\"><a href=\"https:\/\/www.lirapopular.cl\/lirapopularxix\/wp-content\/uploads\/2019\/09\/581.jpg\"><img loading=\"lazy\" decoding=\"async\" width=\"300\" height=\"217\" src=\"https:\/\/www.lirapopular.cl\/lirapopularxix\/wp-content\/uploads\/2019\/09\/581-300x217.jpg\" alt=\"\" class=\"wp-image-3407\" srcset=\"https:\/\/www.lirapopular.cl\/lirapopularxix\/wp-content\/uploads\/2019\/09\/581-300x217.jpg 300w, https:\/\/www.lirapopular.cl\/lirapopularxix\/wp-content\/uploads\/2019\/09\/581-768x555.jpg 768w, https:\/\/www.lirapopular.cl\/lirapopularxix\/wp-content\/uploads\/2019\/09\/581.jpg 1000w\" sizes=\"auto, (max-width: 300px) 100vw, 300px\" \/><\/a><figcaption>Colecci\u00f3n Lira Popular de la <br>Universidad de Chile<\/figcaption><\/figure><\/div>\n\n\n\n<p>Autor: Antonio Contreras Suarez<br>Impresor: Sin informaci\u00f3n<br>Tama\u00f1o: 52 x 37 cm<br>Clasificaci\u00f3n: 581 C819d Caja N\u00b011a<\/p>\n\n\n\n<ul class=\"wp-block-list\"><li><a href=\"https:\/\/www.lirapopular.cl\/lirapopularxix\/2019\/09\/15\/las-diez-muertes-hechas-por-la-terrible-juana-maria-santander\/\">Las diez muertes hechas por la terrible Juana Mar\u00eda Santander<\/a><\/li><\/ul>\n\n\n\n<p>Nota: Este ejemplar tiene escrito a mano con l\u00e1piz rojo \u201c581\u201d<br>Esta lira est\u00e1 fechada: Los Puentes [Arauco], Junio 27 de 1886.<\/p>\n","protected":false},"excerpt":{"rendered":"<p>Autor: Antonio Contreras SuarezImpresor: Sin informaci\u00f3nTama\u00f1o: 52 x 37 cmClasificaci\u00f3n: 581 C819d Caja N\u00b011a Las diez muertes hechas por la terrible Juana Mar\u00eda Santander Nota: Este ejemplar tiene escrito a mano con l\u00e1piz rojo \u201c581\u201dEsta lira est\u00e1 fechada: Los Puentes [Arauco], Junio 27 de 1886.<\/p>\n","protected":false},"author":1,"featured_media":0,"parent":0,"menu_order":0,"comment_status":"closed","ping_status":"closed","template":"","meta":{"footnotes":""},"class_list":["post-3406","page","type-page","status-publish","hentry"],"jetpack_sharing_enabled":true,"_links":{"self":[{"href":"https:\/\/www.lirapopular.cl\/lirapopularxix\/wp-json\/wp\/v2\/pages\/3406","targetHints":{"allow":["GET"]}}],"collection":[{"href":"https:\/\/www.lirapopular.cl\/lirapopularxix\/wp-json\/wp\/v2\/pages"}],"about":[{"href":"https:\/\/www.lirapopular.cl\/lirapopularxix\/wp-json\/wp\/v2\/types\/page"}],"author":[{"embeddable":true,"href":"https:\/\/www.lirapopular.cl\/lirapopularxix\/wp-json\/wp\/v2\/users\/1"}],"replies":[{"embeddable":true,"href":"https:\/\/www.lirapopular.cl\/lirapopularxix\/wp-json\/wp\/v2\/comments?post=3406"}],"version-history":[{"count":0,"href":"https:\/\/www.lirapopular.cl\/lirapopularxix\/wp-json\/wp\/v2\/pages\/3406\/revisions"}],"wp:attachment":[{"href":"https:\/\/www.lirapopular.cl\/lirapopularxix\/wp-json\/wp\/v2\/media?parent=3406"}],"curies":[{"name":"wp","href":"https:\/\/api.w.org\/{rel}","templated":true}]}}