{"id":339,"date":"2019-06-07T22:30:34","date_gmt":"2019-06-08T02:30:34","guid":{"rendered":"https:\/\/www.lirapopular.cl\/lirapopularxix\/?page_id=339"},"modified":"2019-06-07T22:30:34","modified_gmt":"2019-06-08T02:30:34","slug":"contra-puntohabido-en-copiapo","status":"publish","type":"page","link":"https:\/\/www.lirapopular.cl\/lirapopularxix\/contra-puntohabido-en-copiapo\/","title":{"rendered":"Contra-punto<br>habido en Copiap\u00f3"},"content":{"rendered":"\n<div class=\"wp-block-image\"><figure class=\"alignright\"><a href=\"https:\/\/www.lirapopular.cl\/lirapopularxix\/wp-content\/uploads\/2019\/06\/351.jpg\"><img decoding=\"async\" src=\"https:\/\/www.lirapopular.cl\/lirapopularxix\/wp-content\/uploads\/2019\/06\/351-223x300.jpg\" alt=\"\" class=\"wp-image-341\"\/><\/a><figcaption>Colecci\u00f3n Lira Popular de la <br>Universidad de Chile<\/figcaption><\/figure><\/div>\n\n\n\n<p>Autor: J. Hip\u00f3lito Cordero, Calle de Benavente, n\u00famero 24.<br>Impresor: Sin informaci\u00f3n<br>Tama\u00f1o: 27,4 x 37,5 cm<br>Clasificaci\u00f3n: 351 C794c Caja N\u00b01b, BN C\u00f3digo:&nbsp;LO0012571<\/p>\n\n\n\n<ul class=\"wp-block-list\"><li><a href=\"https:\/\/www.lirapopular.cl\/lirapopularxix\/2019\/06\/07\/contra-puntohabido-en-copiapoentre-un-anciano-i-un-moderno\/\">Contra-punto habido en Copiap\u00f3 entre un anciano y un moderno<\/a><\/li><li><a href=\"https:\/\/www.lirapopular.cl\/lirapopularxix\/2019\/06\/07\/atroz-sacrilejiogran-robo-en-la-iglesia-de-andacollo\/\">Atroz sacrilegio. Gran robo en la iglesia de Andacollo<\/a><\/li><\/ul>\n\n\n\n<p>Nota: La lira no tiene t\u00edtulo, usamos el de su primer verso.<br>El 1er ejemplar tiene escrito a mano con l\u00e1piz rojo \u201c351\u201d<br>El 2\u00ba ejemplar tiene escrito a mano con l\u00e1piz azul \u201c6\u201d y con plum\u00f3n &#8220;245&#8221;. Por el retiro con l\u00e1piz grafito &#8220;235&#8221;.<br>Documentos optimizados digitalmente.<\/p>\n\n\n\n<div class=\"wp-block-image\"><figure class=\"alignright size-medium\"><a href=\"https:\/\/www.lirapopular.cl\/lirapopularxix\/wp-content\/uploads\/2020\/07\/LO0012571.jpg\"><img loading=\"lazy\" decoding=\"async\" width=\"300\" height=\"200\" src=\"https:\/\/www.lirapopular.cl\/lirapopularxix\/wp-content\/uploads\/2020\/07\/LO0012571-300x200.jpg\" alt=\"\" class=\"wp-image-10311\" srcset=\"https:\/\/www.lirapopular.cl\/lirapopularxix\/wp-content\/uploads\/2020\/07\/LO0012571-300x200.jpg 300w, https:\/\/www.lirapopular.cl\/lirapopularxix\/wp-content\/uploads\/2020\/07\/LO0012571-768x511.jpg 768w, https:\/\/www.lirapopular.cl\/lirapopularxix\/wp-content\/uploads\/2020\/07\/LO0012571.jpg 1000w\" sizes=\"auto, (max-width: 300px) 100vw, 300px\" \/><\/a><figcaption>Archivo de Literatura Oral<br>Colecci\u00f3n Alamiro de \u00c1vila<\/figcaption><\/figure><\/div>\n","protected":false},"excerpt":{"rendered":"<p>Autor: J. Hip\u00f3lito Cordero, Calle de Benavente, n\u00famero 24.Impresor: Sin informaci\u00f3nTama\u00f1o: 27,4 x 37,5 cmClasificaci\u00f3n: 351 C794c Caja N\u00b01b, BN C\u00f3digo:&nbsp;LO0012571 Contra-punto habido en Copiap\u00f3 entre un anciano y un moderno Atroz sacrilegio. Gran robo en la iglesia de Andacollo Nota: La lira no tiene t\u00edtulo, usamos el de su primer verso.El 1er ejemplar tiene [&hellip;]<\/p>\n","protected":false},"author":1,"featured_media":0,"parent":0,"menu_order":0,"comment_status":"closed","ping_status":"closed","template":"","meta":{"footnotes":""},"class_list":["post-339","page","type-page","status-publish","hentry"],"jetpack_sharing_enabled":true,"_links":{"self":[{"href":"https:\/\/www.lirapopular.cl\/lirapopularxix\/wp-json\/wp\/v2\/pages\/339","targetHints":{"allow":["GET"]}}],"collection":[{"href":"https:\/\/www.lirapopular.cl\/lirapopularxix\/wp-json\/wp\/v2\/pages"}],"about":[{"href":"https:\/\/www.lirapopular.cl\/lirapopularxix\/wp-json\/wp\/v2\/types\/page"}],"author":[{"embeddable":true,"href":"https:\/\/www.lirapopular.cl\/lirapopularxix\/wp-json\/wp\/v2\/users\/1"}],"replies":[{"embeddable":true,"href":"https:\/\/www.lirapopular.cl\/lirapopularxix\/wp-json\/wp\/v2\/comments?post=339"}],"version-history":[{"count":0,"href":"https:\/\/www.lirapopular.cl\/lirapopularxix\/wp-json\/wp\/v2\/pages\/339\/revisions"}],"wp:attachment":[{"href":"https:\/\/www.lirapopular.cl\/lirapopularxix\/wp-json\/wp\/v2\/media?parent=339"}],"curies":[{"name":"wp","href":"https:\/\/api.w.org\/{rel}","templated":true}]}}