{"id":3347,"date":"2019-09-13T14:24:58","date_gmt":"2019-09-13T18:24:58","guid":{"rendered":"https:\/\/www.lirapopular.cl\/lirapopularxix\/?page_id=3347"},"modified":"2019-09-13T14:24:58","modified_gmt":"2019-09-13T18:24:58","slug":"versos-nuevos-de-actualidad","status":"publish","type":"page","link":"https:\/\/www.lirapopular.cl\/lirapopularxix\/versos-nuevos-de-actualidad\/","title":{"rendered":"VERSOS NUEVOS DE ACTUALIDAD"},"content":{"rendered":"\n<div class=\"wp-block-image\"><figure class=\"alignright\"><a href=\"https:\/\/www.lirapopular.cl\/lirapopularxix\/wp-content\/uploads\/2019\/09\/657.jpg\"><img loading=\"lazy\" decoding=\"async\" width=\"236\" height=\"300\" src=\"https:\/\/www.lirapopular.cl\/lirapopularxix\/wp-content\/uploads\/2019\/09\/657-236x300.jpg\" alt=\"\" class=\"wp-image-3348\" srcset=\"https:\/\/www.lirapopular.cl\/lirapopularxix\/wp-content\/uploads\/2019\/09\/657-236x300.jpg 236w, https:\/\/www.lirapopular.cl\/lirapopularxix\/wp-content\/uploads\/2019\/09\/657-768x975.jpg 768w, https:\/\/www.lirapopular.cl\/lirapopularxix\/wp-content\/uploads\/2019\/09\/657.jpg 788w\" sizes=\"auto, (max-width: 236px) 100vw, 236px\" \/><\/a><figcaption>Colecci\u00f3n Lira Popular de la <br>Universidad de Chile<\/figcaption><\/figure><\/div>\n\n\n\n<p>Autor: Contreras y Garc\u00eda, es propiedad del autor.<br>Impresor: Lit. &#8220;Comercio&#8221;<br>Tama\u00f1o: 26 x 33 cm<br>Clasificaci\u00f3n: 657 C819 Caja N\u00b03a<\/p>\n\n\n\n<ul class=\"wp-block-list\"><li><a href=\"https:\/\/www.lirapopular.cl\/lirapopularxix\/2019\/09\/13\/asesinato-de-luis-el-cacherito\/\">Asesinato de Luis el \u00abCacherito\u00bb<\/a><\/li><li><a href=\"https:\/\/www.lirapopular.cl\/lirapopularxix\/2019\/09\/13\/belleza-artificial-estrofas-sueltas\/\">Belleza artificial (estrofas sueltas)<\/a><\/li><li><a href=\"https:\/\/www.lirapopular.cl\/lirapopularxix\/2019\/09\/13\/honor-i-gloria-a-los-bomberos\/\">Honor y gloria a los bomberos.<\/a><\/li><li><a href=\"https:\/\/www.lirapopular.cl\/lirapopularxix\/2019\/09\/13\/a-elvira-graniff-v-de-johnson\/\">A Elvira Graniff v. de Johnson.<\/a><\/li><\/ul>\n\n\n\n<p>Nota: Este ejemplar tiene escrito a mano con l\u00e1piz rojo \u201c657\u201d<\/p>\n","protected":false},"excerpt":{"rendered":"<p>Autor: Contreras y Garc\u00eda, es propiedad del autor.Impresor: Lit. &#8220;Comercio&#8221;Tama\u00f1o: 26 x 33 cmClasificaci\u00f3n: 657 C819 Caja N\u00b03a Asesinato de Luis el \u00abCacherito\u00bb Belleza artificial (estrofas sueltas) Honor y gloria a los bomberos. A Elvira Graniff v. de Johnson. Nota: Este ejemplar tiene escrito a mano con l\u00e1piz rojo \u201c657\u201d<\/p>\n","protected":false},"author":1,"featured_media":0,"parent":0,"menu_order":0,"comment_status":"closed","ping_status":"closed","template":"","meta":{"footnotes":""},"class_list":["post-3347","page","type-page","status-publish","hentry"],"jetpack_sharing_enabled":true,"_links":{"self":[{"href":"https:\/\/www.lirapopular.cl\/lirapopularxix\/wp-json\/wp\/v2\/pages\/3347","targetHints":{"allow":["GET"]}}],"collection":[{"href":"https:\/\/www.lirapopular.cl\/lirapopularxix\/wp-json\/wp\/v2\/pages"}],"about":[{"href":"https:\/\/www.lirapopular.cl\/lirapopularxix\/wp-json\/wp\/v2\/types\/page"}],"author":[{"embeddable":true,"href":"https:\/\/www.lirapopular.cl\/lirapopularxix\/wp-json\/wp\/v2\/users\/1"}],"replies":[{"embeddable":true,"href":"https:\/\/www.lirapopular.cl\/lirapopularxix\/wp-json\/wp\/v2\/comments?post=3347"}],"version-history":[{"count":0,"href":"https:\/\/www.lirapopular.cl\/lirapopularxix\/wp-json\/wp\/v2\/pages\/3347\/revisions"}],"wp:attachment":[{"href":"https:\/\/www.lirapopular.cl\/lirapopularxix\/wp-json\/wp\/v2\/media?parent=3347"}],"curies":[{"name":"wp","href":"https:\/\/api.w.org\/{rel}","templated":true}]}}