{"id":3319,"date":"2019-09-13T13:20:44","date_gmt":"2019-09-13T17:20:44","guid":{"rendered":"https:\/\/www.lirapopular.cl\/lirapopularxix\/?page_id=3319"},"modified":"2019-09-13T13:20:44","modified_gmt":"2019-09-13T17:20:44","slug":"revolucion-en-iquique","status":"publish","type":"page","link":"https:\/\/www.lirapopular.cl\/lirapopularxix\/revolucion-en-iquique\/","title":{"rendered":"\u00a1REVOLUCION EN IQUIQUE!"},"content":{"rendered":"\n<div class=\"wp-block-image\"><figure class=\"alignright\"><a href=\"https:\/\/www.lirapopular.cl\/lirapopularxix\/wp-content\/uploads\/2019\/09\/763.jpg\"><img loading=\"lazy\" decoding=\"async\" width=\"300\" height=\"214\" src=\"https:\/\/www.lirapopular.cl\/lirapopularxix\/wp-content\/uploads\/2019\/09\/763-300x214.jpg\" alt=\"\" class=\"wp-image-3320\" srcset=\"https:\/\/www.lirapopular.cl\/lirapopularxix\/wp-content\/uploads\/2019\/09\/763-300x214.jpg 300w, https:\/\/www.lirapopular.cl\/lirapopularxix\/wp-content\/uploads\/2019\/09\/763-768x547.jpg 768w, https:\/\/www.lirapopular.cl\/lirapopularxix\/wp-content\/uploads\/2019\/09\/763.jpg 1000w\" sizes=\"auto, (max-width: 300px) 100vw, 300px\" \/><\/a><figcaption>Colecci\u00f3n Lira Popular de la Universidad de Chile<\/figcaption><\/figure><\/div>\n\n\n\n<p>Autor: Chupatesa<br>Impresor: Imprenta de \u00abEl Culebron\u00bb <br>Tama\u00f1o: 27 x 37,2 cm<br>Clasificaci\u00f3n: 763 Ch559 Caja N\u00b05a<\/p>\n\n\n\n<ul class=\"wp-block-list\"><li><a href=\"https:\/\/www.lirapopular.cl\/lirapopularxix\/2019\/09\/13\/revolucion-en-iquique\/\">\u00a1Revoluci\u00f3n en Iquique!<\/a><\/li><li><a href=\"https:\/\/www.lirapopular.cl\/lirapopularxix\/2019\/09\/13\/caida-del-tren-en-el-puente-quilacoya\/\">Ca\u00edda del tren en el puente Quilacoya<\/a><\/li><li><a href=\"https:\/\/www.lirapopular.cl\/lirapopularxix\/2019\/09\/13\/la-adivina\/\">La adivina<\/a><\/li><li><a href=\"https:\/\/www.lirapopular.cl\/lirapopularxix\/2019\/09\/13\/a-la-poetiza-o-poeta-rosita-araneda\/\">A la p\u2026oetiza o poeta Rosita Araneda<\/a><\/li><\/ul>\n\n\n\n<p>Nota: Este ejemplar tiene escrito a mano con l\u00e1piz rojo \u201c763\u201d<br><em>Chupatesa<\/em> es otro de los seud\u00f3nimos usados por R\u00f3mulo Larra\u00f1aga.<\/p>\n","protected":false},"excerpt":{"rendered":"<p>Autor: ChupatesaImpresor: Imprenta de \u00abEl Culebron\u00bb Tama\u00f1o: 27 x 37,2 cmClasificaci\u00f3n: 763 Ch559 Caja N\u00b05a \u00a1Revoluci\u00f3n en Iquique! Ca\u00edda del tren en el puente Quilacoya La adivina A la p\u2026oetiza o poeta Rosita Araneda Nota: Este ejemplar tiene escrito a mano con l\u00e1piz rojo \u201c763\u201dChupatesa es otro de los seud\u00f3nimos usados por R\u00f3mulo Larra\u00f1aga.<\/p>\n","protected":false},"author":1,"featured_media":0,"parent":0,"menu_order":0,"comment_status":"closed","ping_status":"closed","template":"","meta":{"footnotes":""},"class_list":["post-3319","page","type-page","status-publish","hentry"],"jetpack_sharing_enabled":true,"_links":{"self":[{"href":"https:\/\/www.lirapopular.cl\/lirapopularxix\/wp-json\/wp\/v2\/pages\/3319","targetHints":{"allow":["GET"]}}],"collection":[{"href":"https:\/\/www.lirapopular.cl\/lirapopularxix\/wp-json\/wp\/v2\/pages"}],"about":[{"href":"https:\/\/www.lirapopular.cl\/lirapopularxix\/wp-json\/wp\/v2\/types\/page"}],"author":[{"embeddable":true,"href":"https:\/\/www.lirapopular.cl\/lirapopularxix\/wp-json\/wp\/v2\/users\/1"}],"replies":[{"embeddable":true,"href":"https:\/\/www.lirapopular.cl\/lirapopularxix\/wp-json\/wp\/v2\/comments?post=3319"}],"version-history":[{"count":0,"href":"https:\/\/www.lirapopular.cl\/lirapopularxix\/wp-json\/wp\/v2\/pages\/3319\/revisions"}],"wp:attachment":[{"href":"https:\/\/www.lirapopular.cl\/lirapopularxix\/wp-json\/wp\/v2\/media?parent=3319"}],"curies":[{"name":"wp","href":"https:\/\/api.w.org\/{rel}","templated":true}]}}