{"id":3291,"date":"2019-09-10T21:15:54","date_gmt":"2019-09-11T01:15:54","guid":{"rendered":"https:\/\/www.lirapopular.cl\/lirapopularxix\/?page_id=3291"},"modified":"2019-09-10T21:15:54","modified_gmt":"2019-09-11T01:15:54","slug":"el-plan-de-revolucion-gloria-al-ano-1893","status":"publish","type":"page","link":"https:\/\/www.lirapopular.cl\/lirapopularxix\/el-plan-de-revolucion-gloria-al-ano-1893\/","title":{"rendered":"EL PLAN DE REVOLUCION <br>\u00a1GLORIA AL A\u00d1O 1893!"},"content":{"rendered":"\n<div class=\"wp-block-image\"><figure class=\"alignright\"><a href=\"https:\/\/www.lirapopular.cl\/lirapopularxix\/wp-content\/uploads\/2019\/09\/634.jpg\"><img loading=\"lazy\" decoding=\"async\" width=\"183\" height=\"300\" src=\"https:\/\/www.lirapopular.cl\/lirapopularxix\/wp-content\/uploads\/2019\/09\/634-183x300.jpg\" alt=\"\" class=\"wp-image-3293\" srcset=\"https:\/\/www.lirapopular.cl\/lirapopularxix\/wp-content\/uploads\/2019\/09\/634-183x300.jpg 183w, https:\/\/www.lirapopular.cl\/lirapopularxix\/wp-content\/uploads\/2019\/09\/634.jpg 611w\" sizes=\"auto, (max-width: 183px) 100vw, 183px\" \/><\/a><figcaption>Colecci\u00f3n Lira Popular de la <br>Universidad de Chile<\/figcaption><\/figure><\/div>\n\n\n\n<p>Autor: V. Castillo, Calle Martinez de Rozas, n\u00fam 17.<br>Impresor: Imp. Bandera 21-K<br>Tama\u00f1o: 53 x 32,2 cm<br>Clasificaci\u00f3n: 634 C352p Caja N\u00b011a<\/p>\n\n\n\n<ul class=\"wp-block-list\"><li><a href=\"https:\/\/www.lirapopular.cl\/lirapopularxix\/2019\/09\/11\/el-plan-de-revolucion-de-los-balmacedistas-su-descubrimiento-en-santiago-corrido\/\">El plan de revoluci\u00f3n de los balmacedistas\u2026<\/a><\/li><li><a href=\"https:\/\/www.lirapopular.cl\/lirapopularxix\/2019\/09\/11\/los-arjentinos-apoyando-la-revolucion-chilena-decimas\/\">Los arjentinos  apoyando la revoluci\u00f3n chilena<\/a><\/li><li><a href=\"https:\/\/www.lirapopular.cl\/lirapopularxix\/2019\/09\/11\/la-rebaja-de-la-patente-de-licor-decima\/\">La rebaja  de la patente de licor<\/a><\/li><li><a href=\"https:\/\/www.lirapopular.cl\/lirapopularxix\/2019\/09\/11\/cancion-2\/\">Canci\u00f3n<\/a><\/li><li><a href=\"https:\/\/www.lirapopular.cl\/lirapopularxix\/2019\/09\/11\/la-pastora-composicion-inedita\/\">La pastora (Composici\u00f3n in\u00e9dita)<\/a><\/li><li><a href=\"https:\/\/www.lirapopular.cl\/lirapopularxix\/2019\/09\/11\/ano-nuevo-saludos-del-poeta-a-sus-amigos-de-santiago-i-del-sur\/\">A\u00f1o Nuevo  Saludos del poeta a sus amigos  de Santiago y del sur<\/a><\/li><\/ul>\n\n\n\n<p>Nota: Este ejemplar tiene escrito a mano con l\u00e1piz rojo \u201c634\u201d<\/p>\n","protected":false},"excerpt":{"rendered":"<p>Autor: V. Castillo, Calle Martinez de Rozas, n\u00fam 17.Impresor: Imp. Bandera 21-KTama\u00f1o: 53 x 32,2 cmClasificaci\u00f3n: 634 C352p Caja N\u00b011a El plan de revoluci\u00f3n de los balmacedistas\u2026 Los arjentinos apoyando la revoluci\u00f3n chilena La rebaja de la patente de licor Canci\u00f3n La pastora (Composici\u00f3n in\u00e9dita) A\u00f1o Nuevo Saludos del poeta a sus amigos de Santiago [&hellip;]<\/p>\n","protected":false},"author":1,"featured_media":0,"parent":0,"menu_order":0,"comment_status":"closed","ping_status":"closed","template":"","meta":{"footnotes":""},"class_list":["post-3291","page","type-page","status-publish","hentry"],"jetpack_sharing_enabled":true,"_links":{"self":[{"href":"https:\/\/www.lirapopular.cl\/lirapopularxix\/wp-json\/wp\/v2\/pages\/3291","targetHints":{"allow":["GET"]}}],"collection":[{"href":"https:\/\/www.lirapopular.cl\/lirapopularxix\/wp-json\/wp\/v2\/pages"}],"about":[{"href":"https:\/\/www.lirapopular.cl\/lirapopularxix\/wp-json\/wp\/v2\/types\/page"}],"author":[{"embeddable":true,"href":"https:\/\/www.lirapopular.cl\/lirapopularxix\/wp-json\/wp\/v2\/users\/1"}],"replies":[{"embeddable":true,"href":"https:\/\/www.lirapopular.cl\/lirapopularxix\/wp-json\/wp\/v2\/comments?post=3291"}],"version-history":[{"count":0,"href":"https:\/\/www.lirapopular.cl\/lirapopularxix\/wp-json\/wp\/v2\/pages\/3291\/revisions"}],"wp:attachment":[{"href":"https:\/\/www.lirapopular.cl\/lirapopularxix\/wp-json\/wp\/v2\/media?parent=3291"}],"curies":[{"name":"wp","href":"https:\/\/api.w.org\/{rel}","templated":true}]}}