{"id":3274,"date":"2019-09-10T20:03:14","date_gmt":"2019-09-11T00:03:14","guid":{"rendered":"https:\/\/www.lirapopular.cl\/lirapopularxix\/?page_id=3274"},"modified":"2019-09-10T20:03:14","modified_gmt":"2019-09-11T00:03:14","slug":"el-nacimiento-del-nino-dios","status":"publish","type":"page","link":"https:\/\/www.lirapopular.cl\/lirapopularxix\/el-nacimiento-del-nino-dios\/","title":{"rendered":"EL NACIMIENTO DEL NI\u00d1O DIOS"},"content":{"rendered":"\n<div class=\"wp-block-image\"><figure class=\"alignright\"><a href=\"https:\/\/www.lirapopular.cl\/lirapopularxix\/wp-content\/uploads\/2019\/09\/633.jpg\"><img loading=\"lazy\" decoding=\"async\" width=\"209\" height=\"300\" src=\"https:\/\/www.lirapopular.cl\/lirapopularxix\/wp-content\/uploads\/2019\/09\/633-209x300.jpg\" alt=\"\" class=\"wp-image-3275\" srcset=\"https:\/\/www.lirapopular.cl\/lirapopularxix\/wp-content\/uploads\/2019\/09\/633-209x300.jpg 209w, https:\/\/www.lirapopular.cl\/lirapopularxix\/wp-content\/uploads\/2019\/09\/633.jpg 697w\" sizes=\"auto, (max-width: 209px) 100vw, 209px\" \/><\/a><figcaption>Colecci\u00f3n Lira Popular de la Universidad de Chile<\/figcaption><\/figure><\/div>\n\n\n\n<p>Autor: Victorio Castillo (Es propiedad)<br>Impresor: 315\u2013Imp. Estrella de Chile, Sto. Domi\u00f1go, 47<br>Tama\u00f1o: 25 x 35,6 cm<br>Clasificaci\u00f3n: 633 C352n Caja N\u00b02a<\/p>\n\n\n\n<ul class=\"wp-block-list\"><li><a href=\"https:\/\/www.lirapopular.cl\/lirapopularxix\/2019\/09\/10\/el-nacimiento-del-nino-dios\/\">El nacimiento del Ni\u00f1o Dios<\/a><\/li><li><a href=\"https:\/\/www.lirapopular.cl\/lirapopularxix\/2019\/09\/10\/regalos-de-un-campesino-al-nino-dios\/\">Regalos de un campesino al Ni\u00f1o-Dios<\/a><\/li><li><a href=\"https:\/\/www.lirapopular.cl\/lirapopularxix\/2019\/09\/10\/un-anclano-i-un-pastorcillo\/\">Un anciano y un pastorcillo<\/a><\/li><\/ul>\n\n\n\n<p>Nota: Este ejemplar tiene escrito a mano con l\u00e1piz rojo \u201c633\u201d<\/p>\n","protected":false},"excerpt":{"rendered":"<p>Autor: Victorio Castillo (Es propiedad)Impresor: 315\u2013Imp. Estrella de Chile, Sto. Domi\u00f1go, 47Tama\u00f1o: 25 x 35,6 cmClasificaci\u00f3n: 633 C352n Caja N\u00b02a El nacimiento del Ni\u00f1o Dios Regalos de un campesino al Ni\u00f1o-Dios Un anciano y un pastorcillo Nota: Este ejemplar tiene escrito a mano con l\u00e1piz rojo \u201c633\u201d<\/p>\n","protected":false},"author":1,"featured_media":0,"parent":0,"menu_order":0,"comment_status":"closed","ping_status":"closed","template":"","meta":{"footnotes":""},"class_list":["post-3274","page","type-page","status-publish","hentry"],"jetpack_sharing_enabled":true,"_links":{"self":[{"href":"https:\/\/www.lirapopular.cl\/lirapopularxix\/wp-json\/wp\/v2\/pages\/3274","targetHints":{"allow":["GET"]}}],"collection":[{"href":"https:\/\/www.lirapopular.cl\/lirapopularxix\/wp-json\/wp\/v2\/pages"}],"about":[{"href":"https:\/\/www.lirapopular.cl\/lirapopularxix\/wp-json\/wp\/v2\/types\/page"}],"author":[{"embeddable":true,"href":"https:\/\/www.lirapopular.cl\/lirapopularxix\/wp-json\/wp\/v2\/users\/1"}],"replies":[{"embeddable":true,"href":"https:\/\/www.lirapopular.cl\/lirapopularxix\/wp-json\/wp\/v2\/comments?post=3274"}],"version-history":[{"count":0,"href":"https:\/\/www.lirapopular.cl\/lirapopularxix\/wp-json\/wp\/v2\/pages\/3274\/revisions"}],"wp:attachment":[{"href":"https:\/\/www.lirapopular.cl\/lirapopularxix\/wp-json\/wp\/v2\/media?parent=3274"}],"curies":[{"name":"wp","href":"https:\/\/api.w.org\/{rel}","templated":true}]}}