{"id":3254,"date":"2019-09-09T19:58:56","date_gmt":"2019-09-09T23:58:56","guid":{"rendered":"https:\/\/www.lirapopular.cl\/lirapopularxix\/?page_id=3254"},"modified":"2019-09-09T19:58:56","modified_gmt":"2019-09-09T23:58:56","slug":"proclama-politica","status":"publish","type":"page","link":"https:\/\/www.lirapopular.cl\/lirapopularxix\/proclama-politica\/","title":{"rendered":"PROCLAMA POL\u00cdTICA"},"content":{"rendered":"\n<div class=\"wp-block-image\"><figure class=\"alignright\"><a href=\"https:\/\/www.lirapopular.cl\/lirapopularxix\/wp-content\/uploads\/2019\/09\/632.jpg\"><img decoding=\"async\" src=\"https:\/\/www.lirapopular.cl\/lirapopularxix\/wp-content\/uploads\/2019\/09\/632-274x300.jpg\" alt=\"\" class=\"wp-image-3255\"\/><\/a><figcaption>Colecci\u00f3n Lira Popular de la <br>Universidad de Chile<\/figcaption><\/figure><\/div>\n\n\n\n<p>Autor: V. Castillo. El divertido poeta popular, Martines de Roza 17<br>Impresor: Sin informaci\u00f3n<br>Tama\u00f1o: 33 x 35,6 cm<br>Clasificaci\u00f3n: 632 C352 Caja N\u00b02a<\/p>\n\n\n\n<ul class=\"wp-block-list\"><li><a href=\"https:\/\/www.lirapopular.cl\/lirapopularxix\/2019\/09\/10\/proclama-politica\/\">Proclama pol\u00edtica<\/a><\/li><li><a href=\"https:\/\/www.lirapopular.cl\/lirapopularxix\/2019\/09\/10\/el-fracaso-del-levantamiento-del-blanco\/\">El fracaso  del levantamiento del  Blanco<\/a><\/li><li><a href=\"https:\/\/www.lirapopular.cl\/lirapopularxix\/2019\/09\/10\/el-fracaso-del-levantamiento-del-blanco\/\"><\/a><a href=\"https:\/\/www.lirapopular.cl\/lirapopularxix\/2019\/09\/10\/si-yo-fuera-diputado\/\">\u00a1\u00a1Si yo fuera diputado!!<\/a><\/li><li><a href=\"https:\/\/www.lirapopular.cl\/lirapopularxix\/2019\/09\/10\/el-brujo-de-la-calle-del-mapocho\/\">El brujo de la calle del Mapocho <\/a><\/li><li><a href=\"https:\/\/www.lirapopular.cl\/lirapopularxix\/2019\/09\/10\/pretenciones-del-diputado-don-eduardo-mac-clure\/\">Pretenciones del  diputado don Eduardo  Mac-Clure<\/a><\/li><\/ul>\n\n\n\n<p>Nota: Este ejemplar tiene escrito a mano con l\u00e1piz rojo \u201c632\u201d<\/p>\n","protected":false},"excerpt":{"rendered":"<p>Autor: V. Castillo. El divertido poeta popular, Martines de Roza 17Impresor: Sin informaci\u00f3nTama\u00f1o: 33 x 35,6 cmClasificaci\u00f3n: 632 C352 Caja N\u00b02a Proclama pol\u00edtica El fracaso del levantamiento del Blanco \u00a1\u00a1Si yo fuera diputado!! El brujo de la calle del Mapocho Pretenciones del diputado don Eduardo Mac-Clure Nota: Este ejemplar tiene escrito a mano con l\u00e1piz [&hellip;]<\/p>\n","protected":false},"author":1,"featured_media":0,"parent":0,"menu_order":0,"comment_status":"closed","ping_status":"closed","template":"","meta":{"footnotes":""},"class_list":["post-3254","page","type-page","status-publish","hentry"],"jetpack_sharing_enabled":true,"_links":{"self":[{"href":"https:\/\/www.lirapopular.cl\/lirapopularxix\/wp-json\/wp\/v2\/pages\/3254","targetHints":{"allow":["GET"]}}],"collection":[{"href":"https:\/\/www.lirapopular.cl\/lirapopularxix\/wp-json\/wp\/v2\/pages"}],"about":[{"href":"https:\/\/www.lirapopular.cl\/lirapopularxix\/wp-json\/wp\/v2\/types\/page"}],"author":[{"embeddable":true,"href":"https:\/\/www.lirapopular.cl\/lirapopularxix\/wp-json\/wp\/v2\/users\/1"}],"replies":[{"embeddable":true,"href":"https:\/\/www.lirapopular.cl\/lirapopularxix\/wp-json\/wp\/v2\/comments?post=3254"}],"version-history":[{"count":0,"href":"https:\/\/www.lirapopular.cl\/lirapopularxix\/wp-json\/wp\/v2\/pages\/3254\/revisions"}],"wp:attachment":[{"href":"https:\/\/www.lirapopular.cl\/lirapopularxix\/wp-json\/wp\/v2\/media?parent=3254"}],"curies":[{"name":"wp","href":"https:\/\/api.w.org\/{rel}","templated":true}]}}