{"id":323,"date":"2019-06-07T22:03:54","date_gmt":"2019-06-08T02:03:54","guid":{"rendered":"https:\/\/www.lirapopular.cl\/lirapopularxix\/?page_id=323"},"modified":"2019-06-07T22:03:54","modified_gmt":"2019-06-08T02:03:54","slug":"un-antiguo-comerciante-muerto-a-balazos-por-si-solo-en-santiago","status":"publish","type":"page","link":"https:\/\/www.lirapopular.cl\/lirapopularxix\/un-antiguo-comerciante-muerto-a-balazos-por-si-solo-en-santiago\/","title":{"rendered":"Un antiguo comerciante muerto a balazos por s\u00ed solo en Santiago"},"content":{"rendered":"<div class=\"wp-block-image\">\n<figure class=\"alignright\"><a href=\"https:\/\/www.lirapopular.cl\/lirapopularxix\/wp-content\/uploads\/2019\/06\/350.jpg\"><img loading=\"lazy\" decoding=\"async\" width=\"224\" height=\"300\" src=\"https:\/\/www.lirapopular.cl\/lirapopularxix\/wp-content\/uploads\/2019\/06\/350-224x300.jpg\" alt=\"\" class=\"wp-image-324\" srcset=\"https:\/\/www.lirapopular.cl\/lirapopularxix\/wp-content\/uploads\/2019\/06\/350-224x300.jpg 224w, https:\/\/www.lirapopular.cl\/lirapopularxix\/wp-content\/uploads\/2019\/06\/350.jpg 746w\" sizes=\"auto, (max-width: 224px) 100vw, 224px\" \/><\/a><figcaption class=\"wp-element-caption\">Colecci\u00f3n Lira Popular de la Universidad de Chile<\/figcaption><\/figure>\n<\/div>\n\n\n<p>Autor: J. Hip\u00f3lito Cordero, Calle de Benavente, N\u00famero 24<br>Impresor: Sin informaci\u00f3n<br>Tama\u00f1o: 27,9 x 37,6 cm<br>Clasificaci\u00f3n: 350 C794u Caja N\u00b01b<\/p>\n\n\n\n<ul class=\"wp-block-list\">\n<li><a href=\"https:\/\/www.lirapopular.cl\/lirapopularxix\/2019\/06\/07\/el-espanol-que-se-ultimo-a-balazos\/\">El espa\u00f1ol que se ultim\u00f3 a balazos<\/a><\/li>\n\n\n\n<li><a href=\"https:\/\/www.lirapopular.cl\/lirapopularxix\/2019\/06\/07\/laconversion-de-san-pablo\/\">La conversi\u00f3n de San Pablo<\/a><\/li>\n\n\n\n<li><a href=\"https:\/\/www.lirapopular.cl\/lirapopularxix\/2019\/06\/07\/a-una-beata\/\">A una beata<\/a><\/li>\n\n\n\n<li><a href=\"https:\/\/www.lirapopular.cl\/lirapopularxix\/2019\/06\/07\/brindis\/\">Br\u00edndis<\/a><\/li>\n<\/ul>\n\n\n\n<p> Nota: Este ejemplar tiene escrito a mano con l\u00e1piz rojo \u201c350\u201d<\/p>\n","protected":false},"excerpt":{"rendered":"<p>Autor: J. Hip\u00f3lito Cordero, Calle de Benavente, N\u00famero 24Impresor: Sin informaci\u00f3nTama\u00f1o: 27,9 x 37,6 cmClasificaci\u00f3n: 350 C794u Caja N\u00b01b Nota: Este ejemplar tiene escrito a mano con l\u00e1piz rojo \u201c350\u201d<\/p>\n","protected":false},"author":1,"featured_media":0,"parent":0,"menu_order":0,"comment_status":"closed","ping_status":"closed","template":"","meta":{"footnotes":""},"class_list":["post-323","page","type-page","status-publish","hentry"],"jetpack_sharing_enabled":true,"_links":{"self":[{"href":"https:\/\/www.lirapopular.cl\/lirapopularxix\/wp-json\/wp\/v2\/pages\/323","targetHints":{"allow":["GET"]}}],"collection":[{"href":"https:\/\/www.lirapopular.cl\/lirapopularxix\/wp-json\/wp\/v2\/pages"}],"about":[{"href":"https:\/\/www.lirapopular.cl\/lirapopularxix\/wp-json\/wp\/v2\/types\/page"}],"author":[{"embeddable":true,"href":"https:\/\/www.lirapopular.cl\/lirapopularxix\/wp-json\/wp\/v2\/users\/1"}],"replies":[{"embeddable":true,"href":"https:\/\/www.lirapopular.cl\/lirapopularxix\/wp-json\/wp\/v2\/comments?post=323"}],"version-history":[{"count":0,"href":"https:\/\/www.lirapopular.cl\/lirapopularxix\/wp-json\/wp\/v2\/pages\/323\/revisions"}],"wp:attachment":[{"href":"https:\/\/www.lirapopular.cl\/lirapopularxix\/wp-json\/wp\/v2\/media?parent=323"}],"curies":[{"name":"wp","href":"https:\/\/api.w.org\/{rel}","templated":true}]}}