{"id":3216,"date":"2019-09-09T11:56:37","date_gmt":"2019-09-09T15:56:37","guid":{"rendered":"https:\/\/www.lirapopular.cl\/lirapopularxix\/?page_id=3216"},"modified":"2019-09-09T11:56:37","modified_gmt":"2019-09-09T15:56:37","slug":"gran-sentencia-del-infame-pio-fierro","status":"publish","type":"page","link":"https:\/\/www.lirapopular.cl\/lirapopularxix\/gran-sentencia-del-infame-pio-fierro\/","title":{"rendered":"GRAN SENTENCIA <BR>DEL INFAME <BR>PIO FIERRO"},"content":{"rendered":"\n<div class=\"wp-block-image\"><figure class=\"alignright\"><a href=\"https:\/\/www.lirapopular.cl\/lirapopularxix\/wp-content\/uploads\/2019\/09\/722.jpg\"><img loading=\"lazy\" decoding=\"async\" width=\"231\" height=\"300\" src=\"https:\/\/www.lirapopular.cl\/lirapopularxix\/wp-content\/uploads\/2019\/09\/722-231x300.jpg\" alt=\"\" class=\"wp-image-3217\" srcset=\"https:\/\/www.lirapopular.cl\/lirapopularxix\/wp-content\/uploads\/2019\/09\/722-231x300.jpg 231w, https:\/\/www.lirapopular.cl\/lirapopularxix\/wp-content\/uploads\/2019\/09\/722-768x996.jpg 768w, https:\/\/www.lirapopular.cl\/lirapopularxix\/wp-content\/uploads\/2019\/09\/722.jpg 771w\" sizes=\"auto, (max-width: 231px) 100vw, 231px\" \/><\/a><figcaption>Colecci\u00f3n Lira Popular de la Universidad de Chile<\/figcaption><\/figure><\/div>\n\n\n\n<p>Autor: Juan Carrasco, Tenorio<br>Impresor: Sin informaci\u00f3n<br>Tama\u00f1o: 25,5 x 33 cm<br>Clasificaci\u00f3n: 722 C311 Caja N\u00b04a<\/p>\n\n\n\n<ul class=\"wp-block-list\"><li><a href=\"https:\/\/www.lirapopular.cl\/lirapopularxix\/2019\/09\/09\/pio-fierro-en-la-barra\/\">P\u00edo Fierro en la barra<\/a><\/li><li><a href=\"https:\/\/www.lirapopular.cl\/lirapopularxix\/2019\/09\/09\/carta-de-amor\/\">Carta de amor<\/a><\/li><li><a href=\"https:\/\/www.lirapopular.cl\/lirapopularxix\/2019\/09\/09\/otra-carta-de-amor\/\">Otra carta de amor<\/a><\/li><li><a href=\"https:\/\/www.lirapopular.cl\/lirapopularxix\/2019\/09\/09\/carta-urjentisima-a-una-joven\/\">Carta urjent\u00edsima a una j\u00f3ven<\/a><\/li><\/ul>\n\n\n\n<p>Nota: Este ejemplar tiene escrito a mano con l\u00e1piz rojo \u201c722\u201d<\/p>\n","protected":false},"excerpt":{"rendered":"<p>Autor: Juan Carrasco, TenorioImpresor: Sin informaci\u00f3nTama\u00f1o: 25,5 x 33 cmClasificaci\u00f3n: 722 C311 Caja N\u00b04a P\u00edo Fierro en la barra Carta de amor Otra carta de amor Carta urjent\u00edsima a una j\u00f3ven Nota: Este ejemplar tiene escrito a mano con l\u00e1piz rojo \u201c722\u201d<\/p>\n","protected":false},"author":1,"featured_media":0,"parent":0,"menu_order":0,"comment_status":"closed","ping_status":"closed","template":"","meta":{"footnotes":""},"class_list":["post-3216","page","type-page","status-publish","hentry"],"jetpack_sharing_enabled":true,"_links":{"self":[{"href":"https:\/\/www.lirapopular.cl\/lirapopularxix\/wp-json\/wp\/v2\/pages\/3216","targetHints":{"allow":["GET"]}}],"collection":[{"href":"https:\/\/www.lirapopular.cl\/lirapopularxix\/wp-json\/wp\/v2\/pages"}],"about":[{"href":"https:\/\/www.lirapopular.cl\/lirapopularxix\/wp-json\/wp\/v2\/types\/page"}],"author":[{"embeddable":true,"href":"https:\/\/www.lirapopular.cl\/lirapopularxix\/wp-json\/wp\/v2\/users\/1"}],"replies":[{"embeddable":true,"href":"https:\/\/www.lirapopular.cl\/lirapopularxix\/wp-json\/wp\/v2\/comments?post=3216"}],"version-history":[{"count":0,"href":"https:\/\/www.lirapopular.cl\/lirapopularxix\/wp-json\/wp\/v2\/pages\/3216\/revisions"}],"wp:attachment":[{"href":"https:\/\/www.lirapopular.cl\/lirapopularxix\/wp-json\/wp\/v2\/media?parent=3216"}],"curies":[{"name":"wp","href":"https:\/\/api.w.org\/{rel}","templated":true}]}}