{"id":3187,"date":"2019-09-08T15:32:57","date_gmt":"2019-09-08T19:32:57","guid":{"rendered":"https:\/\/www.lirapopular.cl\/lirapopularxix\/?page_id=3187"},"modified":"2019-09-08T15:32:57","modified_gmt":"2019-09-08T19:32:57","slug":"terrible-asesinato-en-arauco","status":"publish","type":"page","link":"https:\/\/www.lirapopular.cl\/lirapopularxix\/terrible-asesinato-en-arauco\/","title":{"rendered":"TERRIBLE ASESINATO <br>EN ARAUCO."},"content":{"rendered":"\n<div class=\"wp-block-image\"><figure class=\"alignright\"><a href=\"https:\/\/www.lirapopular.cl\/lirapopularxix\/wp-content\/uploads\/2019\/09\/661.jpg\"><img loading=\"lazy\" decoding=\"async\" width=\"187\" height=\"300\" src=\"https:\/\/www.lirapopular.cl\/lirapopularxix\/wp-content\/uploads\/2019\/09\/661-187x300.jpg\" alt=\"\" class=\"wp-image-3188\" srcset=\"https:\/\/www.lirapopular.cl\/lirapopularxix\/wp-content\/uploads\/2019\/09\/661-187x300.jpg 187w, https:\/\/www.lirapopular.cl\/lirapopularxix\/wp-content\/uploads\/2019\/09\/661.jpg 623w\" sizes=\"auto, (max-width: 187px) 100vw, 187px\" \/><\/a><figcaption>Colecci\u00f3n Lira Popular de la Universidad de Chile<\/figcaption><\/figure><\/div>\n\n\n\n<p>Autor: Juan Carrasco Tenorio<br> Impresor: Sin informaci\u00f3n<br> Tama\u00f1o: 55,6 x 34,4 cm<br> Clasificaci\u00f3n: 661 C311 Caja N\u00b012a<\/p>\n\n\n\n<ul class=\"wp-block-list\"><li><a href=\"https:\/\/www.lirapopular.cl\/lirapopularxix\/2019\/09\/08\/terrible-asesinato-en-arauco\/\">Terrible asesinato en Arauco<\/a><\/li><li><a href=\"https:\/\/www.lirapopular.cl\/lirapopularxix\/2019\/09\/08\/nuevo-contrapunto-del-futre-con-el-huaso\/\">Nuevo contrapunto del futre con el huaso<\/a><\/li><li><a href=\"https:\/\/www.lirapopular.cl\/lirapopularxix\/2019\/09\/08\/contestacion-del-huaso\/\">Contestaci\u00f3n del Huaso<\/a><\/li><li><a href=\"https:\/\/www.lirapopular.cl\/lirapopularxix\/2019\/09\/08\/las-chocolateras-de-concepcion\/\">Las chocolateras de Concepci\u00f3n<\/a><\/li><li><a href=\"https:\/\/www.lirapopular.cl\/lirapopularxix\/2019\/09\/08\/astronomia-estelaria\/\">Astronom\u00eda estelaria<\/a><\/li><li><a href=\"https:\/\/www.lirapopular.cl\/lirapopularxix\/2019\/09\/08\/el-sol-y-sus-planetas\/\">El Sol y sus planetas<\/a><\/li><li><a href=\"https:\/\/www.lirapopular.cl\/lirapopularxix\/2019\/09\/08\/el-juicio-final\/\">El Juicio Final<\/a><\/li><\/ul>\n\n\n\n<p>Nota: Este ejemplar tiene escrito a mano con l\u00e1piz rojo \u201c661\u201d<\/p>\n","protected":false},"excerpt":{"rendered":"<p>Autor: Juan Carrasco Tenorio Impresor: Sin informaci\u00f3n Tama\u00f1o: 55,6 x 34,4 cm Clasificaci\u00f3n: 661 C311 Caja N\u00b012a Terrible asesinato en Arauco Nuevo contrapunto del futre con el huaso Contestaci\u00f3n del Huaso Las chocolateras de Concepci\u00f3n Astronom\u00eda estelaria El Sol y sus planetas El Juicio Final Nota: Este ejemplar tiene escrito a mano con l\u00e1piz rojo [&hellip;]<\/p>\n","protected":false},"author":1,"featured_media":0,"parent":0,"menu_order":0,"comment_status":"closed","ping_status":"closed","template":"","meta":{"footnotes":""},"class_list":["post-3187","page","type-page","status-publish","hentry"],"jetpack_sharing_enabled":true,"_links":{"self":[{"href":"https:\/\/www.lirapopular.cl\/lirapopularxix\/wp-json\/wp\/v2\/pages\/3187","targetHints":{"allow":["GET"]}}],"collection":[{"href":"https:\/\/www.lirapopular.cl\/lirapopularxix\/wp-json\/wp\/v2\/pages"}],"about":[{"href":"https:\/\/www.lirapopular.cl\/lirapopularxix\/wp-json\/wp\/v2\/types\/page"}],"author":[{"embeddable":true,"href":"https:\/\/www.lirapopular.cl\/lirapopularxix\/wp-json\/wp\/v2\/users\/1"}],"replies":[{"embeddable":true,"href":"https:\/\/www.lirapopular.cl\/lirapopularxix\/wp-json\/wp\/v2\/comments?post=3187"}],"version-history":[{"count":0,"href":"https:\/\/www.lirapopular.cl\/lirapopularxix\/wp-json\/wp\/v2\/pages\/3187\/revisions"}],"wp:attachment":[{"href":"https:\/\/www.lirapopular.cl\/lirapopularxix\/wp-json\/wp\/v2\/media?parent=3187"}],"curies":[{"name":"wp","href":"https:\/\/api.w.org\/{rel}","templated":true}]}}