{"id":3168,"date":"2019-09-08T12:18:25","date_gmt":"2019-09-08T16:18:25","guid":{"rendered":"https:\/\/www.lirapopular.cl\/lirapopularxix\/?page_id=3168"},"modified":"2019-09-08T12:18:25","modified_gmt":"2019-09-08T16:18:25","slug":"horrendo-crimen-un-hijo-mato-al-padre-y-la-madre-por-casarse-con-la-hermana","status":"publish","type":"page","link":"https:\/\/www.lirapopular.cl\/lirapopularxix\/horrendo-crimen-un-hijo-mato-al-padre-y-la-madre-por-casarse-con-la-hermana\/","title":{"rendered":"HORRENDO CR\u00cdMEN <br>Un hijo mat\u00f3 al padre y la madre por casarse con la hermana."},"content":{"rendered":"\n<div class=\"wp-block-image\"><figure class=\"alignright\"><a href=\"https:\/\/www.lirapopular.cl\/lirapopularxix\/wp-content\/uploads\/2019\/09\/681.jpg\"><img loading=\"lazy\" decoding=\"async\" width=\"268\" height=\"300\" src=\"https:\/\/www.lirapopular.cl\/lirapopularxix\/wp-content\/uploads\/2019\/09\/681-268x300.jpg\" alt=\"\" class=\"wp-image-3169\" srcset=\"https:\/\/www.lirapopular.cl\/lirapopularxix\/wp-content\/uploads\/2019\/09\/681-268x300.jpg 268w, https:\/\/www.lirapopular.cl\/lirapopularxix\/wp-content\/uploads\/2019\/09\/681-768x861.jpg 768w, https:\/\/www.lirapopular.cl\/lirapopularxix\/wp-content\/uploads\/2019\/09\/681.jpg 892w\" sizes=\"auto, (max-width: 268px) 100vw, 268px\" \/><\/a><figcaption>Colecci\u00f3n Lira Popular de la <br>Universidad de Chile<\/figcaption><\/figure><\/div>\n\n\n\n<p>Autor: Juan Carrasco<br>Impresor: Sin informaci\u00f3n<br>Tama\u00f1o: 28,6 x 25,5 cm<br>Clasificaci\u00f3n: 681 C311h Caja N\u00b03a<\/p>\n\n\n\n<ul class=\"wp-block-list\"><li><a href=\"https:\/\/www.lirapopular.cl\/lirapopularxix\/2019\/09\/08\/sueno-y-desengano\/\">Sue\u00f1o y Desenga\u00f1o<\/a><\/li><li><a href=\"https:\/\/www.lirapopular.cl\/lirapopularxix\/2019\/09\/08\/cuecas-de-la-chocolatera\/\">Cuecas de la Chocolatera<\/a><\/li><li><a href=\"https:\/\/www.lirapopular.cl\/lirapopularxix\/2019\/09\/08\/carta-de-un-prisionero-a-su-adorada\/\">Carta de un Prisionero<\/a><\/li><li><a href=\"https:\/\/www.lirapopular.cl\/lirapopularxix\/2019\/09\/08\/horrendo-crimen-un-hijo-mato-al-padre-y-la-madre-por-casarse-con-la-hermana\/\">Horrendo cr\u00edmen. Un hijo mat\u00f3 al padre y la madre por casarse con la hermana<\/a><\/li><\/ul>\n\n\n\n<p>Nota: Este ejemplar tiene escrito a mano con l\u00e1piz rojo \u201c681\u201d<\/p>\n","protected":false},"excerpt":{"rendered":"<p>Autor: Juan CarrascoImpresor: Sin informaci\u00f3nTama\u00f1o: 28,6 x 25,5 cmClasificaci\u00f3n: 681 C311h Caja N\u00b03a Sue\u00f1o y Desenga\u00f1o Cuecas de la Chocolatera Carta de un Prisionero Horrendo cr\u00edmen. Un hijo mat\u00f3 al padre y la madre por casarse con la hermana Nota: Este ejemplar tiene escrito a mano con l\u00e1piz rojo \u201c681\u201d<\/p>\n","protected":false},"author":1,"featured_media":0,"parent":0,"menu_order":0,"comment_status":"closed","ping_status":"closed","template":"","meta":{"footnotes":""},"class_list":["post-3168","page","type-page","status-publish","hentry"],"jetpack_sharing_enabled":true,"_links":{"self":[{"href":"https:\/\/www.lirapopular.cl\/lirapopularxix\/wp-json\/wp\/v2\/pages\/3168","targetHints":{"allow":["GET"]}}],"collection":[{"href":"https:\/\/www.lirapopular.cl\/lirapopularxix\/wp-json\/wp\/v2\/pages"}],"about":[{"href":"https:\/\/www.lirapopular.cl\/lirapopularxix\/wp-json\/wp\/v2\/types\/page"}],"author":[{"embeddable":true,"href":"https:\/\/www.lirapopular.cl\/lirapopularxix\/wp-json\/wp\/v2\/users\/1"}],"replies":[{"embeddable":true,"href":"https:\/\/www.lirapopular.cl\/lirapopularxix\/wp-json\/wp\/v2\/comments?post=3168"}],"version-history":[{"count":0,"href":"https:\/\/www.lirapopular.cl\/lirapopularxix\/wp-json\/wp\/v2\/pages\/3168\/revisions"}],"wp:attachment":[{"href":"https:\/\/www.lirapopular.cl\/lirapopularxix\/wp-json\/wp\/v2\/media?parent=3168"}],"curies":[{"name":"wp","href":"https:\/\/api.w.org\/{rel}","templated":true}]}}